{"id":1248,"date":"2023-11-21T15:46:50","date_gmt":"2023-11-21T21:46:50","guid":{"rendered":"https:\/\/libreriahistoriasdebolsillo.com\/?post_type=product&#038;p=1248"},"modified":"2025-07-01T13:46:22","modified_gmt":"2025-07-01T19:46:22","slug":"el-rag-del-armagedon-biblioteca-george-r-r-martin","status":"publish","type":"product","link":"https:\/\/libreriahistoriasdebolsillo.com\/index.php\/producto\/el-rag-del-armagedon-biblioteca-george-r-r-martin\/","title":{"rendered":"Biblioteca George R.R. Martin. El rag del armaged\u00f3n"},"content":{"rendered":"<p><b>Del autor n\u00famero 1 en ventas de<\/b>\u00a0<b>The New York Times, George R. R. Martin,<\/b>\u00a0<b>llega la novela definitiva sobre revoluci\u00f3n,<\/b>\u00a0<b>rock and roll y asesinatos apocal\u00edpticos:<\/b>\u00a0<b>una impresionante obra de ficci\u00f3n que retrata<\/b>\u00a0<b>no s\u00f3lo el fin de una era, sino tambi\u00e9n el fin<\/b>\u00a0<b>del mundo como lo conocemos.<\/b><\/p>\n<p>El experiodista clandestino Sandy Blair ha forjado una exitosa trayectoria que comenz\u00f3 con sus ra\u00edces radicales en los a\u00f1os 60, hasta que algo llama su atenci\u00f3n inesperadamente: el extra\u00f1o y brutal asesinato de un promotor de rock que gan\u00f3 millones con una banda llamada Nazg\u00fbl.<\/p>\n<p>Ahora, cuando Sandy se dispone a investigar el crimen, se ve arrastrado a su propio pasado y empieza un recorrido m\u00e1gico y misterioso por las pasiones reprimidas de su generaci\u00f3n. Un nuevo mes\u00edas ha resucitado a los Nazg\u00fbl, su nuevo y alocado ritmo puede serm\u00e1s de lo que nadie esperaba: un r\u00e9quiem de demonismo, control mental y muerte, cuya melod\u00eda apocal\u00edptica tal vez s\u00f3lo Sandy pueda cambiar a tiempo&#8230; antes de que todos sigan el ritmo.<\/p>\n","protected":false},"excerpt":{"rendered":"<p>George R.R. Martin<\/p>\n","protected":false},"featured_media":1249,"template":"","meta":{"_joinchat":[]},"product_brand":[],"product_cat":[33,37,51],"product_tag":[34],"class_list":{"0":"post-1248","1":"product","2":"type-product","3":"status-publish","4":"has-post-thumbnail","6":"product_cat-ficcion-general","7":"product_cat-misterio-y-thriller","8":"product_cat-oferta","9":"product_tag-penguin-random-house","11":"first","12":"instock","13":"sale","14":"shipping-taxable","15":"purchasable","16":"product-type-simple"},"_links":{"self":[{"href":"https:\/\/libreriahistoriasdebolsillo.com\/index.php\/wp-json\/wp\/v2\/product\/1248","targetHints":{"allow":["GET"]}}],"collection":[{"href":"https:\/\/libreriahistoriasdebolsillo.com\/index.php\/wp-json\/wp\/v2\/product"}],"about":[{"href":"https:\/\/libreriahistoriasdebolsillo.com\/index.php\/wp-json\/wp\/v2\/types\/product"}],"wp:featuredmedia":[{"embeddable":true,"href":"https:\/\/libreriahistoriasdebolsillo.com\/index.php\/wp-json\/wp\/v2\/media\/1249"}],"wp:attachment":[{"href":"https:\/\/libreriahistoriasdebolsillo.com\/index.php\/wp-json\/wp\/v2\/media?parent=1248"}],"wp:term":[{"taxonomy":"product_brand","embeddable":true,"href":"https:\/\/libreriahistoriasdebolsillo.com\/index.php\/wp-json\/wp\/v2\/product_brand?post=1248"},{"taxonomy":"product_cat","embeddable":true,"href":"https:\/\/libreriahistoriasdebolsillo.com\/index.php\/wp-json\/wp\/v2\/product_cat?post=1248"},{"taxonomy":"product_tag","embeddable":true,"href":"https:\/\/libreriahistoriasdebolsillo.com\/index.php\/wp-json\/wp\/v2\/product_tag?post=1248"}],"curies":[{"name":"wp","href":"https:\/\/api.w.org\/{rel}","templated":true}]}}