{"id":1252,"date":"2023-11-21T15:48:39","date_gmt":"2023-11-21T21:48:39","guid":{"rendered":"https:\/\/libreriahistoriasdebolsillo.com\/?post_type=product&#038;p=1252"},"modified":"2024-09-13T14:30:20","modified_gmt":"2024-09-13T20:30:20","slug":"casa-de-cielo-y-aliento-ciudad-medialuna-2","status":"publish","type":"product","link":"https:\/\/libreriahistoriasdebolsillo.com\/index.php\/producto\/casa-de-cielo-y-aliento-ciudad-medialuna-2\/","title":{"rendered":"Ciudad Medialuna 2. Casa de cielo y aliento"},"content":{"rendered":"<p><b>EL PODER M\u00c1S MORT\u00cdFERO. LA PASI\u00d3N M\u00c1S INTENSA. EL DESTINO M\u00c1S CRUEL<\/b><\/p>\n<p>\u00abByrce Quinlan y Hunt Athalar han hecho un\u00a0<b>pacto<\/b>:<br \/>\nmantendr\u00e1n las cosas en un nivel\u2026\u00a0<b>plat\u00f3nico<\/b>\u2026 hasta el solsticio, mientras procesan todo lo que ocurri\u00f3 en la<br \/>\nprimavera pasada. Pero \u00bfpodr\u00e1n resistir la tensi\u00f3n electrizante que existe entre ellos, cuando \u00e9sta es suficiente para<br \/>\nincendiar Ciudad\u00a0<b>Medialuna<\/b>\u00a0hasta sus cimientos?<br \/>\nAdem\u00e1s, todav\u00eda no est\u00e1n fuera de peligro. Involucrados en un movimiento rebelde del que no quieren formar<br \/>\nparte,Bryce, Hunt y sus amigos se ven enfrentados a los<br \/>\ntemibles asteri, a quienes deber\u00edan evitar a toda costa. Pero<br \/>\nmientras m\u00e1s aprenden de la causa rebelde, se dan cuenta<br \/>\nde que deben tomar una decisi\u00f3n: mantenerse en silencio<br \/>\nmientras otros son\u00a0<b>oprimidos<\/b>, o\u00a0<b>luchar<\/b>. Y ninguno de los<br \/>\ndos ha sabido nunca c\u00f3mo mantenerse callado. \u00ab<\/p>\n","protected":false},"excerpt":{"rendered":"<p>Sarah J. Maas<\/p>\n","protected":false},"featured_media":1253,"template":"","meta":{"_joinchat":[]},"product_brand":[],"product_cat":[39,76],"product_tag":[34],"class_list":{"0":"post-1252","1":"product","2":"type-product","3":"status-publish","4":"has-post-thumbnail","6":"product_cat-fantasia","7":"product_cat-romantasy","8":"product_tag-penguin-random-house","10":"first","11":"outofstock","12":"shipping-taxable","13":"purchasable","14":"product-type-simple"},"_links":{"self":[{"href":"https:\/\/libreriahistoriasdebolsillo.com\/index.php\/wp-json\/wp\/v2\/product\/1252","targetHints":{"allow":["GET"]}}],"collection":[{"href":"https:\/\/libreriahistoriasdebolsillo.com\/index.php\/wp-json\/wp\/v2\/product"}],"about":[{"href":"https:\/\/libreriahistoriasdebolsillo.com\/index.php\/wp-json\/wp\/v2\/types\/product"}],"wp:featuredmedia":[{"embeddable":true,"href":"https:\/\/libreriahistoriasdebolsillo.com\/index.php\/wp-json\/wp\/v2\/media\/1253"}],"wp:attachment":[{"href":"https:\/\/libreriahistoriasdebolsillo.com\/index.php\/wp-json\/wp\/v2\/media?parent=1252"}],"wp:term":[{"taxonomy":"product_brand","embeddable":true,"href":"https:\/\/libreriahistoriasdebolsillo.com\/index.php\/wp-json\/wp\/v2\/product_brand?post=1252"},{"taxonomy":"product_cat","embeddable":true,"href":"https:\/\/libreriahistoriasdebolsillo.com\/index.php\/wp-json\/wp\/v2\/product_cat?post=1252"},{"taxonomy":"product_tag","embeddable":true,"href":"https:\/\/libreriahistoriasdebolsillo.com\/index.php\/wp-json\/wp\/v2\/product_tag?post=1252"}],"curies":[{"name":"wp","href":"https:\/\/api.w.org\/{rel}","templated":true}]}}