{"id":1254,"date":"2023-11-21T15:50:23","date_gmt":"2023-11-21T21:50:23","guid":{"rendered":"https:\/\/libreriahistoriasdebolsillo.com\/?post_type=product&#038;p=1254"},"modified":"2024-12-09T12:22:30","modified_gmt":"2024-12-09T18:22:30","slug":"casa-de-tierra-y-sangre-ciudad-medialuna-1","status":"publish","type":"product","link":"https:\/\/libreriahistoriasdebolsillo.com\/index.php\/producto\/casa-de-tierra-y-sangre-ciudad-medialuna-1\/","title":{"rendered":"Ciudad Medialuna 1. Casa de tierra y sangre"},"content":{"rendered":"<p><b>Con personajes inolvidables, un romance apasionante y un suspenso adictivo, esta nueva e inventiva serie de fantas\u00eda por la autora #1 del<i>\u00a0New York Times<\/i>\u00a0Sarah J. Maas explora el dolor de la p\u00e9rdida, el precio de la libertad&#8230; y el poder del amor.<\/b><\/p>\n<p>Bryce Quinlan ten\u00eda una vida perfecta, trabajando todo el d\u00eda y divirti\u00e9ndose toda la noche, hasta que un demonio asesina a sus mejores amigos, dej\u00e1ndola herida y sola. Cuando el culpable est\u00e1 detr\u00e1s de las rejas pero los cr\u00edmenes contin\u00faan, Bryce se encuentra a s\u00ed misma en el coraz\u00f3n de la investigaci\u00f3n&#8230; y har\u00e1 lo que sea necesario para vengar la muerte de sus amigos.<\/p>\n<p>Hunt Athalar es un importante \u00c1ngel Ca\u00eddo que ahora se encuentra esclavizado por los\u00a0<b>Arc\u00e1ngeles\u00a0<\/b>a los que alguna vez trat\u00f3 de derrocar. Sus habilidades brutales y su fuerza descomunal han sido moldeadas con un solo prop\u00f3sito: asesinar a los enemigos de su amo sin hacer ni una sola pregunta. Cuando un\u00a0<b>demonio\u00a0<\/b>causa p\u00e1nico en la ciudad, le ofrecen un trato irresistible: ayudar a Bryce a encontrar al\u00a0<b>asesino<\/b>, y su libertad estar\u00e1 al alcance de su mano.<\/p>\n<p>Mientras Bryce y Hunt exploran las profundidades de\u00a0<i>Ciudad Medialuna<\/i>, descubren un poder oscuro que amenaza a todo lo que aman, y encuentran en el otro una pasi\u00f3n deslumbrante #una que los podr\u00eda liberar, si lo permitieran. Con personajes inolvidables, un romance apasionante y un suspenso adictivo, esta nueva e inventiva serie de fantas\u00eda por la autora #1 del New York Times Sarah J. Maas explora el dolor de la p\u00e9rdida, el precio de la libertad&#8230; y el\u00a0<b>poder del amor<\/b>.<\/p>\n","protected":false},"excerpt":{"rendered":"<p>Sarah J. Maas<\/p>\n","protected":false},"featured_media":1255,"template":"","meta":{"_joinchat":[]},"product_brand":[],"product_cat":[39,76],"product_tag":[34],"class_list":{"0":"post-1254","1":"product","2":"type-product","3":"status-publish","4":"has-post-thumbnail","6":"product_cat-fantasia","7":"product_cat-romantasy","8":"product_tag-penguin-random-house","10":"first","11":"outofstock","12":"shipping-taxable","13":"purchasable","14":"product-type-simple"},"_links":{"self":[{"href":"https:\/\/libreriahistoriasdebolsillo.com\/index.php\/wp-json\/wp\/v2\/product\/1254","targetHints":{"allow":["GET"]}}],"collection":[{"href":"https:\/\/libreriahistoriasdebolsillo.com\/index.php\/wp-json\/wp\/v2\/product"}],"about":[{"href":"https:\/\/libreriahistoriasdebolsillo.com\/index.php\/wp-json\/wp\/v2\/types\/product"}],"wp:featuredmedia":[{"embeddable":true,"href":"https:\/\/libreriahistoriasdebolsillo.com\/index.php\/wp-json\/wp\/v2\/media\/1255"}],"wp:attachment":[{"href":"https:\/\/libreriahistoriasdebolsillo.com\/index.php\/wp-json\/wp\/v2\/media?parent=1254"}],"wp:term":[{"taxonomy":"product_brand","embeddable":true,"href":"https:\/\/libreriahistoriasdebolsillo.com\/index.php\/wp-json\/wp\/v2\/product_brand?post=1254"},{"taxonomy":"product_cat","embeddable":true,"href":"https:\/\/libreriahistoriasdebolsillo.com\/index.php\/wp-json\/wp\/v2\/product_cat?post=1254"},{"taxonomy":"product_tag","embeddable":true,"href":"https:\/\/libreriahistoriasdebolsillo.com\/index.php\/wp-json\/wp\/v2\/product_tag?post=1254"}],"curies":[{"name":"wp","href":"https:\/\/api.w.org\/{rel}","templated":true}]}}