{"id":1256,"date":"2023-11-21T15:52:29","date_gmt":"2023-11-21T21:52:29","guid":{"rendered":"https:\/\/libreriahistoriasdebolsillo.com\/?post_type=product&#038;p=1256"},"modified":"2023-11-21T15:52:29","modified_gmt":"2023-11-21T21:52:29","slug":"las-8-reglas-del-amor","status":"publish","type":"product","link":"https:\/\/libreriahistoriasdebolsillo.com\/index.php\/producto\/las-8-reglas-del-amor\/","title":{"rendered":"Las 8 reglas del amor"},"content":{"rendered":"<p><b>El autor del<\/b>\u00a0<b>bestseller<\/b><b>\u00a0mundial Piensa como un monje nos ofrece una gu\u00eda basada en la sabidur\u00eda antigua y la ciencia actual que aborda las distintas etapas de toda relaci\u00f3n amorosa.<\/b><\/p>\n<p>Nadie nos ense\u00f1a a amar, por eso a menudo nos vemos inmersos en\u00a0<b>relaciones amorosas<\/b>\u00a0cuyos \u00fanicos modelos son\u00a0<b>las pel\u00edculas rom\u00e1nticas<\/b>\u00a0y la cultura pop. Jay Shetty se aleja de este concepto de\u00a0<b>amor et\u00e9reo<\/b>, una mera\u00a0<b>colecci\u00f3n de clich\u00e9s<\/b>, y establece los pasos espec\u00edficos para desarrollar las habilidades que nos ayudar\u00e1n a vivir y cuidar nuestro amor de la mejor forma posible. Inspir\u00e1ndose en la antigua\u00a0<b>sabidur\u00edav\u00e9dica<\/b>\u00a0y en la ciencia moderna, Shetty nos comparte sus ideas sobre\u00a0<b>c\u00f3mo definir el amor<\/b>,\u00a0<b>c\u00f3mo evolucionar en pareja<\/b>,\u00a0<b>c\u00f3mo romper una relaci\u00f3n y empezar otra<\/b>\u00a0e, incluso, c\u00f3mo evitar las falsas promesas y las relaciones que no son para nosotros. Al aplicar\u00a0<b>las ocho reglasdel amor<\/b>\u00a0aprenderemos a amar a nuestra pareja, al mundo y tambi\u00e9n a nosotros mismos de una manera que ni hab\u00edamos imaginado.<\/p>\n","protected":false},"excerpt":{"rendered":"<p>Jay Shetty<\/p>\n","protected":false},"featured_media":1259,"template":"","meta":{"_joinchat":[]},"product_brand":[],"product_cat":[58,41],"product_tag":[34],"class_list":{"0":"post-1256","1":"product","2":"type-product","3":"status-publish","4":"has-post-thumbnail","6":"product_cat-desarrollo-humano-y-superacion","7":"product_cat-desarrollo-humano","8":"product_tag-penguin-random-house","10":"first","11":"outofstock","12":"shipping-taxable","13":"purchasable","14":"product-type-simple"},"_links":{"self":[{"href":"https:\/\/libreriahistoriasdebolsillo.com\/index.php\/wp-json\/wp\/v2\/product\/1256","targetHints":{"allow":["GET"]}}],"collection":[{"href":"https:\/\/libreriahistoriasdebolsillo.com\/index.php\/wp-json\/wp\/v2\/product"}],"about":[{"href":"https:\/\/libreriahistoriasdebolsillo.com\/index.php\/wp-json\/wp\/v2\/types\/product"}],"wp:featuredmedia":[{"embeddable":true,"href":"https:\/\/libreriahistoriasdebolsillo.com\/index.php\/wp-json\/wp\/v2\/media\/1259"}],"wp:attachment":[{"href":"https:\/\/libreriahistoriasdebolsillo.com\/index.php\/wp-json\/wp\/v2\/media?parent=1256"}],"wp:term":[{"taxonomy":"product_brand","embeddable":true,"href":"https:\/\/libreriahistoriasdebolsillo.com\/index.php\/wp-json\/wp\/v2\/product_brand?post=1256"},{"taxonomy":"product_cat","embeddable":true,"href":"https:\/\/libreriahistoriasdebolsillo.com\/index.php\/wp-json\/wp\/v2\/product_cat?post=1256"},{"taxonomy":"product_tag","embeddable":true,"href":"https:\/\/libreriahistoriasdebolsillo.com\/index.php\/wp-json\/wp\/v2\/product_tag?post=1256"}],"curies":[{"name":"wp","href":"https:\/\/api.w.org\/{rel}","templated":true}]}}