{"id":1260,"date":"2023-11-21T15:54:06","date_gmt":"2023-11-21T21:54:06","guid":{"rendered":"https:\/\/libreriahistoriasdebolsillo.com\/?post_type=product&#038;p=1260"},"modified":"2023-11-21T15:54:06","modified_gmt":"2023-11-21T21:54:06","slug":"cuentos-completos-de-elena-garro","status":"publish","type":"product","link":"https:\/\/libreriahistoriasdebolsillo.com\/index.php\/producto\/cuentos-completos-de-elena-garro\/","title":{"rendered":"Cuentos completos de Elena Garro"},"content":{"rendered":"<p><b>Este volumen compila la narrativa cuent\u00edstica completa de Elena Garro, incluyendo dos piezas in\u00e9ditas, con pr\u00f3logo de Geney Beltr\u00e1n.<\/b><\/p>\n<p><b>La obra de Elena Garro es fundamental para las letras mexicanas e hispanoamericanas: su narrativa introdujo nuevas maneras de concebir el tiempo dentro del relato, sus historias, tan fant\u00e1sticas como veros\u00edmiles, introdujeron en la literatura la cosmovisi\u00f3n de los pueblos de provincia y del imaginario campesino e ind\u00edgena.<\/b><\/p>\n<p><b>Este volumen compila la narrativa cuent\u00edstica completa de Elena Garro, incluyendo dos piezas in\u00e9ditas, con pr\u00f3logo de Geney Beltr\u00e1n.<\/b><\/p>\n<p>Este libro contiene los vol\u00famenes\u00a0<i>La semana de colores<\/i>\u00a0(1964),\u00a0<i>Andamos huyendo Lola<\/i>\u00a0(1980),\u00a0<i>El accidente y otros cuentos in\u00e9ditos\u00a0<\/i>(1997) y<i>\u00a0La vida empieza a las tres<\/i>\u00a0(1997), as\u00ed como los cuentos in\u00e9ditos \u00abAmor y paz\u00bb y \u00abLago Mayor\u00bb.<\/p>\n<p><b>Otros autores han opinado:<\/b><\/p>\n<p>\u00abElena es un icono, un mito, una mujer fuera de serie\u00bb -Elena Poniatowska-<\/p>\n<p>\u00abLa literatura era una antes de Elena Garro y otra despu\u00e9s\u00bb -Emmanuel Carballo-<\/p>\n","protected":false},"excerpt":{"rendered":"<p>Elena Garro<\/p>\n","protected":false},"featured_media":1261,"template":"","meta":{"_joinchat":[]},"product_brand":[],"product_cat":[33],"product_tag":[34],"class_list":{"0":"post-1260","1":"product","2":"type-product","3":"status-publish","4":"has-post-thumbnail","6":"product_cat-ficcion-general","7":"product_tag-penguin-random-house","9":"first","10":"outofstock","11":"shipping-taxable","12":"purchasable","13":"product-type-simple"},"_links":{"self":[{"href":"https:\/\/libreriahistoriasdebolsillo.com\/index.php\/wp-json\/wp\/v2\/product\/1260","targetHints":{"allow":["GET"]}}],"collection":[{"href":"https:\/\/libreriahistoriasdebolsillo.com\/index.php\/wp-json\/wp\/v2\/product"}],"about":[{"href":"https:\/\/libreriahistoriasdebolsillo.com\/index.php\/wp-json\/wp\/v2\/types\/product"}],"wp:featuredmedia":[{"embeddable":true,"href":"https:\/\/libreriahistoriasdebolsillo.com\/index.php\/wp-json\/wp\/v2\/media\/1261"}],"wp:attachment":[{"href":"https:\/\/libreriahistoriasdebolsillo.com\/index.php\/wp-json\/wp\/v2\/media?parent=1260"}],"wp:term":[{"taxonomy":"product_brand","embeddable":true,"href":"https:\/\/libreriahistoriasdebolsillo.com\/index.php\/wp-json\/wp\/v2\/product_brand?post=1260"},{"taxonomy":"product_cat","embeddable":true,"href":"https:\/\/libreriahistoriasdebolsillo.com\/index.php\/wp-json\/wp\/v2\/product_cat?post=1260"},{"taxonomy":"product_tag","embeddable":true,"href":"https:\/\/libreriahistoriasdebolsillo.com\/index.php\/wp-json\/wp\/v2\/product_tag?post=1260"}],"curies":[{"name":"wp","href":"https:\/\/api.w.org\/{rel}","templated":true}]}}