{"id":1262,"date":"2023-11-21T16:14:48","date_gmt":"2023-11-21T22:14:48","guid":{"rendered":"https:\/\/libreriahistoriasdebolsillo.com\/?post_type=product&#038;p=1262"},"modified":"2023-11-21T16:14:48","modified_gmt":"2023-11-21T22:14:48","slug":"cuando-nadie-te-ve","status":"publish","type":"product","link":"https:\/\/libreriahistoriasdebolsillo.com\/index.php\/producto\/cuando-nadie-te-ve\/","title":{"rendered":"Cuando nadie te ve"},"content":{"rendered":"<p><b>\u00abUn thriller que devorar\u00e1s de principio a fin\u00bb. Juan G\u00f3mez-Jurado. <\/b><b>Por el creador de\u00a0<\/b><i><b>\u00bfQuien mat\u00f3 a Sara?<\/b><\/i><b>, uno de los mayores \u00e9xitos de la historia de Netflix en espa\u00f1ol<\/b>.<\/p>\n<p><b>\u00abLos que habitan en Pinomar aseguran que la vida transcurre pl\u00e1cida. Que los problemas del mundo exterior no llegan hasta aquellas calles de ensue\u00f1o. Sin embargo, bajo la superficie del pueblo, laten secretos que amenazan con provocar tragedias y cambiar vidas. Este es uno de esos misterios: uno que nadie nunca hubiera deseado confesar\u00bb.<\/b><\/p>\n<p>El d\u00eda del cumplea\u00f1os de su hija, Beatriz re\u00fane en el precioso jard\u00edn de su casa a sus amigos y familiares m\u00e1s cercanos. Sin embargo, llega el momento de soplar las velas y todav\u00eda falta Marco, el marido de Beatriz y el padre de la ni\u00f1a. Poco despu\u00e9s lo encuentran muerto, con una pistola en la mano y un tiro en la cabeza\u2026 En esta trepidante historia varias familias intentan desesperadamente mantener una imagen de perfecta bondad. Pero cuando nadie las est\u00e1 mirando aparecen la ambici\u00f3n, el ego\u00edsmo, el odio, el deseo y la muerte. Y es que solo cuando nadie nos ve, sale a la luz lo que<\/p>\n<p>somos de verdad.<\/p>\n<p>Jos\u00e9 Ignacio Valenzuela, autor best seller y creador del fen\u00f3meno mundial de Netflix\u00a0<i>\u00bfQui\u00e9n mat\u00f3 a Sara?<\/i>, firma este thriller de giros sorprendentes y ritmo fren\u00e9tico que te empujar\u00e1 a preguntarte qu\u00e9 har\u00edas para esconder la parte m\u00e1s oscura de tu alma. Pues, aunque no creas tenerla, esta novela te la mostrar\u00e1.<\/p>\n<p>&nbsp;<\/p>\n","protected":false},"excerpt":{"rendered":"<p>Jos\u00e9 Ignacio Valenzuela<\/p>\n","protected":false},"featured_media":1265,"template":"","meta":{"_joinchat":[]},"product_brand":[],"product_cat":[33,37],"product_tag":[34],"class_list":{"0":"post-1262","1":"product","2":"type-product","3":"status-publish","4":"has-post-thumbnail","6":"product_cat-ficcion-general","7":"product_cat-misterio-y-thriller","8":"product_tag-penguin-random-house","10":"first","11":"outofstock","12":"shipping-taxable","13":"purchasable","14":"product-type-simple"},"_links":{"self":[{"href":"https:\/\/libreriahistoriasdebolsillo.com\/index.php\/wp-json\/wp\/v2\/product\/1262","targetHints":{"allow":["GET"]}}],"collection":[{"href":"https:\/\/libreriahistoriasdebolsillo.com\/index.php\/wp-json\/wp\/v2\/product"}],"about":[{"href":"https:\/\/libreriahistoriasdebolsillo.com\/index.php\/wp-json\/wp\/v2\/types\/product"}],"wp:featuredmedia":[{"embeddable":true,"href":"https:\/\/libreriahistoriasdebolsillo.com\/index.php\/wp-json\/wp\/v2\/media\/1265"}],"wp:attachment":[{"href":"https:\/\/libreriahistoriasdebolsillo.com\/index.php\/wp-json\/wp\/v2\/media?parent=1262"}],"wp:term":[{"taxonomy":"product_brand","embeddable":true,"href":"https:\/\/libreriahistoriasdebolsillo.com\/index.php\/wp-json\/wp\/v2\/product_brand?post=1262"},{"taxonomy":"product_cat","embeddable":true,"href":"https:\/\/libreriahistoriasdebolsillo.com\/index.php\/wp-json\/wp\/v2\/product_cat?post=1262"},{"taxonomy":"product_tag","embeddable":true,"href":"https:\/\/libreriahistoriasdebolsillo.com\/index.php\/wp-json\/wp\/v2\/product_tag?post=1262"}],"curies":[{"name":"wp","href":"https:\/\/api.w.org\/{rel}","templated":true}]}}