{"id":1266,"date":"2023-11-21T16:19:34","date_gmt":"2023-11-21T22:19:34","guid":{"rendered":"https:\/\/libreriahistoriasdebolsillo.com\/?post_type=product&#038;p=1266"},"modified":"2025-07-01T13:46:36","modified_gmt":"2025-07-01T19:46:36","slug":"una-retrospectiva-dream-songs-1","status":"publish","type":"product","link":"https:\/\/libreriahistoriasdebolsillo.com\/index.php\/producto\/una-retrospectiva-dream-songs-1\/","title":{"rendered":"Dreamsongs 1. Una retrospectiva"},"content":{"rendered":"<p><i><b>Dreamsongs<\/b><\/i><b>\u00a0es un<\/b>\u00a0<b>ba\u00fal<\/b><b>\u00a0de<\/b>\u00a0<b>tesoros<\/b><b>, indispensable no solo para<\/b>\u00a0<b>los<\/b>\u00a0<b>fan\u00e1ticos\u00a0<\/b><b>de Martin,<\/b>\u00a0<b>sino<\/b><b>\u00a0para<\/b>\u00a0<b>cualquier<\/b><b>\u00a0lector de<\/b>\u00a0<b>literatura<\/b>\u00a0<b>fant\u00e1stica<\/b><b>.<\/b><\/p>\n<p>George R. R. Martin es uno de los narradores m\u00e1s emocionantes de nuestra era, un escritor elegante que combina tramas fascinantes conuna caracterizaci\u00f3n magistral. Escribe con igual fervor sobre\u00a0<b>hombres lobo<\/b>\u00a0que sobre\u00a0<b>naves espaciales<\/b>,\u00a0<b>magos<\/b>\u00a0y\u00a0<b>vampiros<\/b>, y ha ganado pr\u00e1cticamente todos los premios posibles en el campo de literatura de fantas\u00eda. Su \u00e9pica saga, a\u00fan inconclusa,\u00a0<b>Canci\u00f3n de Hielo y Fuego<\/b>, ha redefinido la fantas\u00eda para una nueva generaci\u00f3n y le ha ganado una vasta y devota audiencia.<\/p>\n<p><i><b>Dreamsongs<\/b><\/i><i>\u00a0libro<\/i>\u00a0I es la primera parte de una gran colecci\u00f3n, que contiene lo mejor de la ficci\u00f3n corta de\u00a0<b>George R. R. Martin<\/b>, una espectacular selecci\u00f3n de historias ganadoras de premios que recorre los \u00faltimos treinta a\u00f1os de su carrera.<\/p>\n","protected":false},"excerpt":{"rendered":"<p>George R.R. Martin<\/p>\n","protected":false},"featured_media":1269,"template":"","meta":{"_joinchat":[]},"product_brand":[],"product_cat":[39,51],"product_tag":[34],"class_list":{"0":"post-1266","1":"product","2":"type-product","3":"status-publish","4":"has-post-thumbnail","6":"product_cat-fantasia","7":"product_cat-oferta","8":"product_tag-penguin-random-house","10":"first","11":"instock","12":"sale","13":"shipping-taxable","14":"purchasable","15":"product-type-simple"},"_links":{"self":[{"href":"https:\/\/libreriahistoriasdebolsillo.com\/index.php\/wp-json\/wp\/v2\/product\/1266","targetHints":{"allow":["GET"]}}],"collection":[{"href":"https:\/\/libreriahistoriasdebolsillo.com\/index.php\/wp-json\/wp\/v2\/product"}],"about":[{"href":"https:\/\/libreriahistoriasdebolsillo.com\/index.php\/wp-json\/wp\/v2\/types\/product"}],"wp:featuredmedia":[{"embeddable":true,"href":"https:\/\/libreriahistoriasdebolsillo.com\/index.php\/wp-json\/wp\/v2\/media\/1269"}],"wp:attachment":[{"href":"https:\/\/libreriahistoriasdebolsillo.com\/index.php\/wp-json\/wp\/v2\/media?parent=1266"}],"wp:term":[{"taxonomy":"product_brand","embeddable":true,"href":"https:\/\/libreriahistoriasdebolsillo.com\/index.php\/wp-json\/wp\/v2\/product_brand?post=1266"},{"taxonomy":"product_cat","embeddable":true,"href":"https:\/\/libreriahistoriasdebolsillo.com\/index.php\/wp-json\/wp\/v2\/product_cat?post=1266"},{"taxonomy":"product_tag","embeddable":true,"href":"https:\/\/libreriahistoriasdebolsillo.com\/index.php\/wp-json\/wp\/v2\/product_tag?post=1266"}],"curies":[{"name":"wp","href":"https:\/\/api.w.org\/{rel}","templated":true}]}}