{"id":1270,"date":"2023-11-21T16:22:34","date_gmt":"2023-11-21T22:22:34","guid":{"rendered":"https:\/\/libreriahistoriasdebolsillo.com\/?post_type=product&#038;p=1270"},"modified":"2025-02-12T14:27:51","modified_gmt":"2025-02-12T20:27:51","slug":"cuento-de-hadas","status":"publish","type":"product","link":"https:\/\/libreriahistoriasdebolsillo.com\/index.php\/producto\/cuento-de-hadas\/","title":{"rendered":"Cuento de hadas"},"content":{"rendered":"<p><b>BIENVENIDOS AL LADO OSCURO DEL\u00a0<i>\u00c9RASE UNA VEZ<\/i><\/b><\/p>\n<p>Charlie Reade parece un\u00a0<b>estudiante de instituto normal\u00a0<\/b>y corriente, pero carga con un gran peso sobre los hombros. Su madre fue\u00a0<b>v\u00edctima<\/b>\u00a0de un atropello cuando \u00e9l ten\u00eda solo diez a\u00f1os y la pena empuj\u00f3 a su padre a la bebida. Aunque era demasiado joven, Charlie tuvo que aprender a cuidarse solo&#8230; y tambi\u00e9n a ocuparse de su padre.<\/p>\n<p>Ahora, con diecisietea\u00f1os, Charlie encuentra dos amigos inesperados: una perra llamada\u00a0<b>Radar<\/b>\u00a0y\u00a0<b>Howard Bowditch<\/b>, su anciano due\u00f1o.\u00a0<b>El se\u00f1or Bowditch<\/b>\u00a0es un ermita\u00f1o que vive en una colina enorme, en una casa enorme que tiene un cobertizo cerrado a cal y canto en el patio trasero. A veces, sonidos extra\u00f1os emergen de \u00e9l. Mientras Charlie se encarga de hacer recados para el se\u00f1or Bowditch, Radar y \u00e9l se hacen inseparables.<\/p>\n<p>Cuando el anciano fallece, le deja al chico una cinta de casete que contiene una historia incre\u00edble y el gran secreto que Bowditch ha guardado durante toda su vida: dentro de su cobertizo existe un\u00a0<b>portal<\/b>\u00a0que conduce a otro mundo.<\/p>\n","protected":false},"excerpt":{"rendered":"<p>Stephen King<\/p>\n","protected":false},"featured_media":1273,"template":"","meta":{"_joinchat":[]},"product_brand":[],"product_cat":[39,36],"product_tag":[34],"class_list":{"0":"post-1270","1":"product","2":"type-product","3":"status-publish","4":"has-post-thumbnail","6":"product_cat-fantasia","7":"product_cat-terror-y-paranormal","8":"product_tag-penguin-random-house","10":"first","11":"outofstock","12":"shipping-taxable","13":"purchasable","14":"product-type-simple"},"_links":{"self":[{"href":"https:\/\/libreriahistoriasdebolsillo.com\/index.php\/wp-json\/wp\/v2\/product\/1270","targetHints":{"allow":["GET"]}}],"collection":[{"href":"https:\/\/libreriahistoriasdebolsillo.com\/index.php\/wp-json\/wp\/v2\/product"}],"about":[{"href":"https:\/\/libreriahistoriasdebolsillo.com\/index.php\/wp-json\/wp\/v2\/types\/product"}],"wp:featuredmedia":[{"embeddable":true,"href":"https:\/\/libreriahistoriasdebolsillo.com\/index.php\/wp-json\/wp\/v2\/media\/1273"}],"wp:attachment":[{"href":"https:\/\/libreriahistoriasdebolsillo.com\/index.php\/wp-json\/wp\/v2\/media?parent=1270"}],"wp:term":[{"taxonomy":"product_brand","embeddable":true,"href":"https:\/\/libreriahistoriasdebolsillo.com\/index.php\/wp-json\/wp\/v2\/product_brand?post=1270"},{"taxonomy":"product_cat","embeddable":true,"href":"https:\/\/libreriahistoriasdebolsillo.com\/index.php\/wp-json\/wp\/v2\/product_cat?post=1270"},{"taxonomy":"product_tag","embeddable":true,"href":"https:\/\/libreriahistoriasdebolsillo.com\/index.php\/wp-json\/wp\/v2\/product_tag?post=1270"}],"curies":[{"name":"wp","href":"https:\/\/api.w.org\/{rel}","templated":true}]}}