{"id":1278,"date":"2023-11-21T16:28:43","date_gmt":"2023-11-21T22:28:43","guid":{"rendered":"https:\/\/libreriahistoriasdebolsillo.com\/?post_type=product&#038;p=1278"},"modified":"2025-12-01T10:30:46","modified_gmt":"2025-12-01T16:30:46","slug":"vuelo-trilogia-ravenhood-1","status":"publish","type":"product","link":"https:\/\/libreriahistoriasdebolsillo.com\/index.php\/producto\/vuelo-trilogia-ravenhood-1\/","title":{"rendered":"Vuelo (Trilog\u00eda Ravenhood 1)"},"content":{"rendered":"<p><b>M\u00e1s de 1.000.000 de ejemplares vendidos en Estados Unidos. Un fen\u00f3meno viral en TikTok. El\u00a0<\/b><i><b>dark romance<\/b><\/i><b>\u00a0m\u00e1s adictivo que leer\u00e1s en todo el a\u00f1o. Ad\u00e9ntrate en una historia con un amor que traspasa los l\u00edmites, chicos malos, peligro y mucha pasi\u00f3n.<\/b><\/p>\n<p><b>\u00bfSABES GUARDAR UN SECRETO?<\/b><\/p>\n<p>&nbsp;<\/p>\n<p><b>\u00abLo que m\u00e1s deseo es un amor que me consuma por completo.<\/b><br \/>\n<b>Lo que m\u00e1s temo es un amor que me consuma por completo\u00bb.<\/b><\/p>\n<p>El trato es simple: Cecelia Horner debe pasar un a\u00f1o en la peque\u00f1a localidad de Triple Falls, viviendo con su padre y trabajando en su f\u00e1brica. A cambio, \u00e9l costear\u00e1 sus estudios y, adem\u00e1s, le dar\u00e1 una peque\u00f1a fortuna con la que Cecelia podr\u00e1 ayudar a su madre.<\/p>\n<p>Pero todo cambia cuando conoce a Sean en su primer d\u00eda de trabajo. \u00c9l le presenta a sus amigos, incluido el enigm\u00e1tico Dominic: un grupo de chicos que parece vivir seg\u00fan sus propias normas, unidos por un enorme secreto y el mismo tatuaje de un cuervo.<\/p>\n<p>Cecelia siempre ha sido responsable. Sin embargo, piensa vivir su \u00faltimo verano de libertad al m\u00e1ximo, pase lo que pase.<\/p>\n","protected":false},"excerpt":{"rendered":"<p>Kate Stewart<\/p>\n","protected":false},"featured_media":1281,"template":"","meta":{"_joinchat":[]},"product_brand":[],"product_cat":[63,51,35,15],"product_tag":[34],"class_list":{"0":"post-1278","1":"product","2":"type-product","3":"status-publish","4":"has-post-thumbnail","6":"product_cat-dark-romance","7":"product_cat-oferta","8":"product_cat-romantica","9":"product_cat-sin-categorizar","10":"product_tag-penguin-random-house","12":"first","13":"instock","14":"sale","15":"shipping-taxable","16":"purchasable","17":"product-type-simple"},"_links":{"self":[{"href":"https:\/\/libreriahistoriasdebolsillo.com\/index.php\/wp-json\/wp\/v2\/product\/1278","targetHints":{"allow":["GET"]}}],"collection":[{"href":"https:\/\/libreriahistoriasdebolsillo.com\/index.php\/wp-json\/wp\/v2\/product"}],"about":[{"href":"https:\/\/libreriahistoriasdebolsillo.com\/index.php\/wp-json\/wp\/v2\/types\/product"}],"wp:featuredmedia":[{"embeddable":true,"href":"https:\/\/libreriahistoriasdebolsillo.com\/index.php\/wp-json\/wp\/v2\/media\/1281"}],"wp:attachment":[{"href":"https:\/\/libreriahistoriasdebolsillo.com\/index.php\/wp-json\/wp\/v2\/media?parent=1278"}],"wp:term":[{"taxonomy":"product_brand","embeddable":true,"href":"https:\/\/libreriahistoriasdebolsillo.com\/index.php\/wp-json\/wp\/v2\/product_brand?post=1278"},{"taxonomy":"product_cat","embeddable":true,"href":"https:\/\/libreriahistoriasdebolsillo.com\/index.php\/wp-json\/wp\/v2\/product_cat?post=1278"},{"taxonomy":"product_tag","embeddable":true,"href":"https:\/\/libreriahistoriasdebolsillo.com\/index.php\/wp-json\/wp\/v2\/product_tag?post=1278"}],"curies":[{"name":"wp","href":"https:\/\/api.w.org\/{rel}","templated":true}]}}