{"id":1307,"date":"2023-11-21T16:52:58","date_gmt":"2023-11-21T22:52:58","guid":{"rendered":"https:\/\/libreriahistoriasdebolsillo.com\/?post_type=product&#038;p=1307"},"modified":"2024-04-04T18:38:18","modified_gmt":"2024-04-05T00:38:18","slug":"vision-en-la-sombra-cronicas-de-la-medianoche-1","status":"publish","type":"product","link":"https:\/\/libreriahistoriasdebolsillo.com\/index.php\/producto\/vision-en-la-sombra-cronicas-de-la-medianoche-1\/","title":{"rendered":"Cr\u00f3nicas de la medianoche 1. Visi\u00f3n en la sombra"},"content":{"rendered":"<p><b>\u00c9L NO TIENE PASADO. <\/b><b>ELLA NO TIENE FUTURO.\u00a0<\/b><\/p>\n<p>PRIMERA ENTREGA DE UNA IMPRESIONANTE SERIE DE FANTAS\u00cdA CON M\u00c1S DE 900 000 EJEMPLARES VENDIDOS, PERFECTA PARA LAS LECTORAS DE SARAH J. MAAS, CASSANDRA CLARE y JENNIFER L. ARMENTROUT.<\/p>\n<p>Durante a\u00f1os Roxy, dotada de la visi\u00f3n en la sombra, ha estado tratando de encontrar a su hermano, que fue secuestrado por\u00a0<b>seres sobrenaturales<\/b>. Mediante la visi\u00f3n en la sombra, puede ver a trav\u00e9s de susojos, por lo que sabe que todav\u00eda est\u00e1 vivo y en alg\u00fan lugar. Para encontrar a Niall, aprendi\u00f3 a defenderse de los\u00a0<b>fantasmas<\/b>\u00a0y otras criaturas. Mientras busca a su hermano, conoce a un grupo de cazadores sobrenaturales a los que se une, y tambi\u00e9n al misterioso Kane, quien est\u00e1 pose\u00eddo por un fantasma que no recuerdasu vida anterior. Juntos van en busca del hermano de Roxy, en un camino en el que se cruzar\u00e1n\u00a0<b>criaturas escapadas<\/b>\u00a0<b>del infierno<\/b>\u00a0y el pasado de Kane.<\/p>\n","protected":false},"excerpt":{"rendered":"<p>Bianca Iosivoni y Laura Kneidl<\/p>\n","protected":false},"featured_media":1310,"template":"","meta":{"_joinchat":[]},"product_brand":[],"product_cat":[39,52],"product_tag":[34],"class_list":{"0":"post-1307","1":"product","2":"type-product","3":"status-publish","4":"has-post-thumbnail","6":"product_cat-fantasia","7":"product_cat-juvenil","8":"product_tag-penguin-random-house","10":"first","11":"outofstock","12":"shipping-taxable","13":"purchasable","14":"product-type-simple"},"_links":{"self":[{"href":"https:\/\/libreriahistoriasdebolsillo.com\/index.php\/wp-json\/wp\/v2\/product\/1307","targetHints":{"allow":["GET"]}}],"collection":[{"href":"https:\/\/libreriahistoriasdebolsillo.com\/index.php\/wp-json\/wp\/v2\/product"}],"about":[{"href":"https:\/\/libreriahistoriasdebolsillo.com\/index.php\/wp-json\/wp\/v2\/types\/product"}],"wp:featuredmedia":[{"embeddable":true,"href":"https:\/\/libreriahistoriasdebolsillo.com\/index.php\/wp-json\/wp\/v2\/media\/1310"}],"wp:attachment":[{"href":"https:\/\/libreriahistoriasdebolsillo.com\/index.php\/wp-json\/wp\/v2\/media?parent=1307"}],"wp:term":[{"taxonomy":"product_brand","embeddable":true,"href":"https:\/\/libreriahistoriasdebolsillo.com\/index.php\/wp-json\/wp\/v2\/product_brand?post=1307"},{"taxonomy":"product_cat","embeddable":true,"href":"https:\/\/libreriahistoriasdebolsillo.com\/index.php\/wp-json\/wp\/v2\/product_cat?post=1307"},{"taxonomy":"product_tag","embeddable":true,"href":"https:\/\/libreriahistoriasdebolsillo.com\/index.php\/wp-json\/wp\/v2\/product_tag?post=1307"}],"curies":[{"name":"wp","href":"https:\/\/api.w.org\/{rel}","templated":true}]}}