{"id":1315,"date":"2023-11-21T17:00:21","date_gmt":"2023-11-21T23:00:21","guid":{"rendered":"https:\/\/libreriahistoriasdebolsillo.com\/?post_type=product&#038;p=1315"},"modified":"2025-08-25T09:51:57","modified_gmt":"2025-08-25T15:51:57","slug":"las-reglas-del-juego","status":"publish","type":"product","link":"https:\/\/libreriahistoriasdebolsillo.com\/index.php\/producto\/las-reglas-del-juego\/","title":{"rendered":"Las reglas del juego"},"content":{"rendered":"<p><b>Una comedia rom\u00e1ntica autopublicada que los lectores de TikTok e Instagram convirtieron en un fen\u00f3meno superventas.<\/b><\/p>\n<p><i><b>Friend to Lovers<\/b><\/i><b>.<\/b>\u00a0<b>Relaci\u00f3n falsa.<\/b>\u00a0<b>Dos puntos de vista. Romance de deportes.<\/b><br \/>\n<b>\u00a1Una<\/b>\u00a0<i><b>romcom<\/b><\/i>\u00a0<b>inolvidable con todos los ingredientes para enamorar!<\/b><\/p>\n<p align=\"JUSTIFY\">Bree Camden est\u00e1 perdida y secretamente enamorada de su mejor amigo (y tambi\u00e9n estrella de f\u00fatbol americano) Nathan Donelson. Pero ese no es el \u00fanico problema que tiene. Despu\u00e9s de un accidente que pone fin a su sue\u00f1o de ser bailarina, Bree se dedica a llevar su propia escuela de danza&#8230; mientras pueda pagar el alquiler, claro.<\/p>\n<p align=\"JUSTIFY\">Cuando Nathan acude al rescate y compra el edificio en el que se encuentra su negocio, la orgullosa Bree no se lo toma del todo bien. Tras un par (bueno, quiz\u00e1 m\u00e1s) de chupitos de tequila, se va de la lengua delante de una periodista y el mundo entero termina creyendo que ella y Nathan est\u00e1n destinados. Con la superbowl a la vuelta de la esquina, estos dos \u00abnada m\u00e1s que amigos\u00bb se ven obligados a fingir una relaci\u00f3n ante las c\u00e1maras durante tres semanas. Tres semanas enteras.<\/p>\n<p align=\"JUSTIFY\">\u00bfHabr\u00e1 llegado el momento de que Bree revele sus sentimientos?<\/p>\n<p align=\"JUSTIFY\">Y&#8230; \u00bfpodr\u00eda Nathan estar ocultando los suyos tambi\u00e9n?<\/p>\n","protected":false},"excerpt":{"rendered":"<p>Sarah Adams<\/p>\n","protected":false},"featured_media":1318,"template":"","meta":{"_joinchat":[]},"product_brand":[],"product_cat":[52,35],"product_tag":[34],"class_list":{"0":"post-1315","1":"product","2":"type-product","3":"status-publish","4":"has-post-thumbnail","6":"product_cat-juvenil","7":"product_cat-romantica","8":"product_tag-penguin-random-house","10":"first","11":"outofstock","12":"shipping-taxable","13":"purchasable","14":"product-type-simple"},"_links":{"self":[{"href":"https:\/\/libreriahistoriasdebolsillo.com\/index.php\/wp-json\/wp\/v2\/product\/1315","targetHints":{"allow":["GET"]}}],"collection":[{"href":"https:\/\/libreriahistoriasdebolsillo.com\/index.php\/wp-json\/wp\/v2\/product"}],"about":[{"href":"https:\/\/libreriahistoriasdebolsillo.com\/index.php\/wp-json\/wp\/v2\/types\/product"}],"wp:featuredmedia":[{"embeddable":true,"href":"https:\/\/libreriahistoriasdebolsillo.com\/index.php\/wp-json\/wp\/v2\/media\/1318"}],"wp:attachment":[{"href":"https:\/\/libreriahistoriasdebolsillo.com\/index.php\/wp-json\/wp\/v2\/media?parent=1315"}],"wp:term":[{"taxonomy":"product_brand","embeddable":true,"href":"https:\/\/libreriahistoriasdebolsillo.com\/index.php\/wp-json\/wp\/v2\/product_brand?post=1315"},{"taxonomy":"product_cat","embeddable":true,"href":"https:\/\/libreriahistoriasdebolsillo.com\/index.php\/wp-json\/wp\/v2\/product_cat?post=1315"},{"taxonomy":"product_tag","embeddable":true,"href":"https:\/\/libreriahistoriasdebolsillo.com\/index.php\/wp-json\/wp\/v2\/product_tag?post=1315"}],"curies":[{"name":"wp","href":"https:\/\/api.w.org\/{rel}","templated":true}]}}