{"id":1319,"date":"2023-11-21T17:02:42","date_gmt":"2023-11-21T23:02:42","guid":{"rendered":"https:\/\/libreriahistoriasdebolsillo.com\/?post_type=product&#038;p=1319"},"modified":"2024-01-21T09:50:35","modified_gmt":"2024-01-21T15:50:35","slug":"la-estrategia-de-los-4-numeros","status":"publish","type":"product","link":"https:\/\/libreriahistoriasdebolsillo.com\/index.php\/producto\/la-estrategia-de-los-4-numeros\/","title":{"rendered":"La estrategia de los 4 n\u00fameros"},"content":{"rendered":"<p><b>A MENOS N\u00daMEROS, MEJORES DECISIONES. NO ES TEOR\u00cdA. ES UN HECHO.<\/b><\/p>\n<p><i>Finanzas simplificadas para l\u00edderes no financieros<\/i><\/p>\n<p><b>Las finanzas<\/b>\u00a0suelen verse como una ciencia aterradora, llena de hojas de c\u00e1lculo, gr\u00e1ficas inexplicables, f\u00f3rmulas ininteligibles y t\u00e9rminos que pocos pueden entender, pero cuya importancia nadie puede negar. Sin embargo, tantos datos suelen causar en los l\u00edderes una par\u00e1lisis que obstaculiza la\u00a0<b>toma de decisiones<\/b>.\u00a0<b>David Meckin<\/b>\u00a0descubri\u00f3que, independientemente de la empresa, el sector, sus objetivos, desempe\u00f1o o etapa de desarrollo, en realidad todo se reduce a\u00a0<b>cuatro indicadores b\u00e1sicos<\/b>. Si los conoces, sabes c\u00f3mo se relacionan entre s\u00ed y c\u00f3mo gestionarlos, tienes la clave del \u00e9xito financiero y tambi\u00e9n del desastre, pues casicualquier fracaso empresarial puede explicarse a partir de la gesti\u00f3n ineficiente de al menos uno de estos n\u00fameros cr\u00edticos.<\/p>\n<p>Esta estrategia te permitir\u00e1\u00a0<b>desarrollar las habilidades<\/b>\u00a0que necesitas para que en cuesti\u00f3n de minutos puedas:<\/p>\n<p>\ufffd Evaluar el\u00a0<b>desempe\u00f1o general<\/b>\u00a0de tu empresa de manera consistente.<\/p>\n<p>\ufffd Proponer\u00a0<b>estrategias<\/b>\u00a0y calcular sus posibles efectos.<\/p>\n<p>\ufffd Tener claridad respecto a los\u00a0<b>objetivos comerciales<\/b>\u00a0y la\u00a0<b>rentabilidad<\/b>.<\/p>\n<p>\ufffd Sentirte m\u00e1s confiado en\u00a0<b>temas financieros.<\/b><\/p>\n<p>\ufffd Centrar tu\u00a0<b>atenci\u00f3n<\/b>\u00a0en lo verdaderamente\u00a0<b>importante<\/b>.<\/p>\n<p>\ufffd Simplificar el proceso de toma de decisiones. La estrategia de los 4 n\u00fameros ofrece a los\u00a0<b>profesionistas no financiero<\/b>s una\u00a0<b>gu\u00eda simplificada<\/b>\u00a0para tomar decisiones con mayor rapidez y\u00a0<b>mejores resultados.<\/b><\/p>\n","protected":false},"excerpt":{"rendered":"<p>David Meckin<\/p>\n","protected":false},"featured_media":1322,"template":"","meta":{"_joinchat":[]},"product_brand":[],"product_cat":[58,41],"product_tag":[34],"class_list":{"0":"post-1319","1":"product","2":"type-product","3":"status-publish","4":"has-post-thumbnail","6":"product_cat-desarrollo-humano-y-superacion","7":"product_cat-desarrollo-humano","8":"product_tag-penguin-random-house","10":"first","11":"outofstock","12":"shipping-taxable","13":"purchasable","14":"product-type-simple"},"_links":{"self":[{"href":"https:\/\/libreriahistoriasdebolsillo.com\/index.php\/wp-json\/wp\/v2\/product\/1319","targetHints":{"allow":["GET"]}}],"collection":[{"href":"https:\/\/libreriahistoriasdebolsillo.com\/index.php\/wp-json\/wp\/v2\/product"}],"about":[{"href":"https:\/\/libreriahistoriasdebolsillo.com\/index.php\/wp-json\/wp\/v2\/types\/product"}],"wp:featuredmedia":[{"embeddable":true,"href":"https:\/\/libreriahistoriasdebolsillo.com\/index.php\/wp-json\/wp\/v2\/media\/1322"}],"wp:attachment":[{"href":"https:\/\/libreriahistoriasdebolsillo.com\/index.php\/wp-json\/wp\/v2\/media?parent=1319"}],"wp:term":[{"taxonomy":"product_brand","embeddable":true,"href":"https:\/\/libreriahistoriasdebolsillo.com\/index.php\/wp-json\/wp\/v2\/product_brand?post=1319"},{"taxonomy":"product_cat","embeddable":true,"href":"https:\/\/libreriahistoriasdebolsillo.com\/index.php\/wp-json\/wp\/v2\/product_cat?post=1319"},{"taxonomy":"product_tag","embeddable":true,"href":"https:\/\/libreriahistoriasdebolsillo.com\/index.php\/wp-json\/wp\/v2\/product_tag?post=1319"}],"curies":[{"name":"wp","href":"https:\/\/api.w.org\/{rel}","templated":true}]}}