{"id":1327,"date":"2023-11-21T17:07:12","date_gmt":"2023-11-21T23:07:12","guid":{"rendered":"https:\/\/libreriahistoriasdebolsillo.com\/?post_type=product&#038;p=1327"},"modified":"2023-11-21T17:07:12","modified_gmt":"2023-11-21T23:07:12","slug":"manga-para-colorear","status":"publish","type":"product","link":"https:\/\/libreriahistoriasdebolsillo.com\/index.php\/producto\/manga-para-colorear\/","title":{"rendered":"Manga para colorear"},"content":{"rendered":"<p>\u00bfEres fan\u00e1tico de la cultura oriental? \u00bfDel manga y el anime? En este fant\u00e1stico libro encontrar\u00e1s atrapantes escenas y personajes para colorear con tus tonos favoritos. An\u00edmate a probar diferentes t\u00e9cnicas y materiales, como acr\u00edlicos, acuarelas, marcadores y l\u00e1pices de colores. Logra aut\u00e9nticas y originales obras de arte. Manga para colorear, contiene consignas claras y sencillas, un verdadero imperdible para toda persona fan\u00e1tica del manga.<\/p>\n","protected":false},"excerpt":{"rendered":"<p>\u00bfEres fan\u00e1tico de la cultura oriental? \u00bfDel manga y el anime? En este fant\u00e1stico libro encontrar\u00e1s atrapantes escenas y personajes para colorear con tus tonos favoritos. An\u00edmate a probar diferentes t\u00e9cnicas y materiales, como acr\u00edlicos, acuarelas, marcadores y l\u00e1pices de colores. Logra aut\u00e9nticas y originales obras de arte. Manga para colorear, contiene consignas claras y [&hellip;]<\/p>\n","protected":false},"featured_media":1330,"template":"","meta":{"_joinchat":[]},"product_brand":[],"product_cat":[54,52,41,51],"product_tag":[34],"class_list":{"0":"post-1327","1":"product","2":"type-product","3":"status-publish","4":"has-post-thumbnail","6":"product_cat-infantil","7":"product_cat-juvenil","8":"product_cat-desarrollo-humano","9":"product_cat-oferta","10":"product_tag-penguin-random-house","12":"first","13":"instock","14":"shipping-taxable","15":"purchasable","16":"product-type-simple"},"_links":{"self":[{"href":"https:\/\/libreriahistoriasdebolsillo.com\/index.php\/wp-json\/wp\/v2\/product\/1327","targetHints":{"allow":["GET"]}}],"collection":[{"href":"https:\/\/libreriahistoriasdebolsillo.com\/index.php\/wp-json\/wp\/v2\/product"}],"about":[{"href":"https:\/\/libreriahistoriasdebolsillo.com\/index.php\/wp-json\/wp\/v2\/types\/product"}],"wp:featuredmedia":[{"embeddable":true,"href":"https:\/\/libreriahistoriasdebolsillo.com\/index.php\/wp-json\/wp\/v2\/media\/1330"}],"wp:attachment":[{"href":"https:\/\/libreriahistoriasdebolsillo.com\/index.php\/wp-json\/wp\/v2\/media?parent=1327"}],"wp:term":[{"taxonomy":"product_brand","embeddable":true,"href":"https:\/\/libreriahistoriasdebolsillo.com\/index.php\/wp-json\/wp\/v2\/product_brand?post=1327"},{"taxonomy":"product_cat","embeddable":true,"href":"https:\/\/libreriahistoriasdebolsillo.com\/index.php\/wp-json\/wp\/v2\/product_cat?post=1327"},{"taxonomy":"product_tag","embeddable":true,"href":"https:\/\/libreriahistoriasdebolsillo.com\/index.php\/wp-json\/wp\/v2\/product_tag?post=1327"}],"curies":[{"name":"wp","href":"https:\/\/api.w.org\/{rel}","templated":true}]}}