{"id":1331,"date":"2023-11-21T17:09:39","date_gmt":"2023-11-21T23:09:39","guid":{"rendered":"https:\/\/libreriahistoriasdebolsillo.com\/?post_type=product&#038;p=1331"},"modified":"2025-03-27T16:34:02","modified_gmt":"2025-03-27T22:34:02","slug":"reading-journal-2024","status":"publish","type":"product","link":"https:\/\/libreriahistoriasdebolsillo.com\/index.php\/producto\/reading-journal-2024\/","title":{"rendered":"Reading Journal 2024"},"content":{"rendered":"<div id=\"deepCheckPromise_feature_div\" class=\"celwidget\" data-feature-name=\"deepCheckPromise\" data-csa-c-type=\"widget\" data-csa-c-content-id=\"deepCheckPromise\" data-csa-c-slot-id=\"deepCheckPromise_feature_div\" data-csa-c-asin=\"B0CKKTPKXG\" data-csa-c-is-in-initial-active-row=\"false\" data-csa-c-id=\"6uhdsm-hygyik-a5fs3q-xx56mc\" data-cel-widget=\"deepCheckPromise_feature_div\">Agenda VRYA Reading Journal 2024 con tapa dura con barniz, color negro. Contiene 200 p\u00e1ginas a 1 color y stickers. Con espacios especiales para decorar de metas anuales, wishlist, bingo literario, tus libros favoritos, rese\u00f1as, estad\u00edsticas y mucho m\u00e1s.<\/div>\n","protected":false},"excerpt":{"rendered":"<p>Agenda VRYA Reading Journal 2024 con tapa dura con barniz, color negro. Contiene 200 p\u00e1ginas a 1 color y stickers. Con espacios especiales para decorar de metas anuales, wishlist, bingo literario, tus libros favoritos, rese\u00f1as, estad\u00edsticas y mucho m\u00e1s.<\/p>\n","protected":false},"featured_media":1334,"template":"","meta":{"_joinchat":[]},"product_brand":[],"product_cat":[52,41],"product_tag":[48],"class_list":{"0":"post-1331","1":"product","2":"type-product","3":"status-publish","4":"has-post-thumbnail","6":"product_cat-juvenil","7":"product_cat-desarrollo-humano","8":"product_tag-vr-editoras","10":"first","11":"outofstock","12":"shipping-taxable","13":"purchasable","14":"product-type-simple"},"_links":{"self":[{"href":"https:\/\/libreriahistoriasdebolsillo.com\/index.php\/wp-json\/wp\/v2\/product\/1331","targetHints":{"allow":["GET"]}}],"collection":[{"href":"https:\/\/libreriahistoriasdebolsillo.com\/index.php\/wp-json\/wp\/v2\/product"}],"about":[{"href":"https:\/\/libreriahistoriasdebolsillo.com\/index.php\/wp-json\/wp\/v2\/types\/product"}],"wp:featuredmedia":[{"embeddable":true,"href":"https:\/\/libreriahistoriasdebolsillo.com\/index.php\/wp-json\/wp\/v2\/media\/1334"}],"wp:attachment":[{"href":"https:\/\/libreriahistoriasdebolsillo.com\/index.php\/wp-json\/wp\/v2\/media?parent=1331"}],"wp:term":[{"taxonomy":"product_brand","embeddable":true,"href":"https:\/\/libreriahistoriasdebolsillo.com\/index.php\/wp-json\/wp\/v2\/product_brand?post=1331"},{"taxonomy":"product_cat","embeddable":true,"href":"https:\/\/libreriahistoriasdebolsillo.com\/index.php\/wp-json\/wp\/v2\/product_cat?post=1331"},{"taxonomy":"product_tag","embeddable":true,"href":"https:\/\/libreriahistoriasdebolsillo.com\/index.php\/wp-json\/wp\/v2\/product_tag?post=1331"}],"curies":[{"name":"wp","href":"https:\/\/api.w.org\/{rel}","templated":true}]}}