{"id":1335,"date":"2023-11-21T17:14:14","date_gmt":"2023-11-21T23:14:14","guid":{"rendered":"https:\/\/libreriahistoriasdebolsillo.com\/?post_type=product&#038;p=1335"},"modified":"2026-04-24T11:13:37","modified_gmt":"2026-04-24T17:13:37","slug":"bromance-club-de-lectura-para-caballeros","status":"publish","type":"product","link":"https:\/\/libreriahistoriasdebolsillo.com\/index.php\/producto\/bromance-club-de-lectura-para-caballeros\/","title":{"rendered":"Bromance. Club de lectura para caballeros"},"content":{"rendered":"<p><strong>LA PRIMERA REGLA DEL CLUB ES QUE<br \/>\n<\/strong><strong>NO SE HABLA DEL CLUB.<\/strong><\/p>\n<p>Gavin Scott, jugador de b\u00e9isbol profesional, tiene una carrera de primera, pero es un marido m\u00e1s bien de segunda. Cuando descubre que Thea, su esposa, lleva toda la vida fingiendo en la cama, pierde la cabeza. Y ella, que est\u00e1 harta de amoldarse a \u00e9l, le pide el divorcio. Sin embargo, \u00e9l har\u00e1 cualquier cosa para recuperarla, incluso pedirles consejos a sus amigos. Lo que no se espera es una cr\u00edptica invitaci\u00f3n a un club secreto\u2026<\/p>\n<p>El Club de lectura para caballeros re\u00fane a personalidades de todo Nashville que dedican su tiempo a leer, analizar y aprender de novelas rom\u00e1nticas. Gracias al club y a la adictiva lectura de Cortejando a la condesa, Gavin elaborar\u00e1 una estrategia llena de declaraciones floridas y gestos llamativos para cautivar al amor de su vida\u2026<\/p>\n<p>Pero este Romeo tiene m\u00e1s mano con el bate que con los ramos de flores y pronto descubrir\u00e1 que recuperar a Thea ser\u00e1 m\u00e1s complicado de lo que espera.<\/p>\n<p>Ad\u00e9ntrate en el mundo de\u00a0<em>Bromance<\/em>, donde los pr\u00edncipes azules tienen mucho que aprender, las hero\u00ednas mucho que decir y las p\u00e1ginas no dejan de volar.<\/p>\n","protected":false},"excerpt":{"rendered":"<p>Lyssa Kay Adams<\/p>\n","protected":false},"featured_media":1336,"template":"","meta":{"_joinchat":[]},"product_brand":[],"product_cat":[35],"product_tag":[48],"class_list":{"0":"post-1335","1":"product","2":"type-product","3":"status-publish","4":"has-post-thumbnail","6":"product_cat-romantica","7":"product_tag-vr-editoras","9":"first","10":"instock","11":"shipping-taxable","12":"purchasable","13":"product-type-simple"},"_links":{"self":[{"href":"https:\/\/libreriahistoriasdebolsillo.com\/index.php\/wp-json\/wp\/v2\/product\/1335","targetHints":{"allow":["GET"]}}],"collection":[{"href":"https:\/\/libreriahistoriasdebolsillo.com\/index.php\/wp-json\/wp\/v2\/product"}],"about":[{"href":"https:\/\/libreriahistoriasdebolsillo.com\/index.php\/wp-json\/wp\/v2\/types\/product"}],"wp:featuredmedia":[{"embeddable":true,"href":"https:\/\/libreriahistoriasdebolsillo.com\/index.php\/wp-json\/wp\/v2\/media\/1336"}],"wp:attachment":[{"href":"https:\/\/libreriahistoriasdebolsillo.com\/index.php\/wp-json\/wp\/v2\/media?parent=1335"}],"wp:term":[{"taxonomy":"product_brand","embeddable":true,"href":"https:\/\/libreriahistoriasdebolsillo.com\/index.php\/wp-json\/wp\/v2\/product_brand?post=1335"},{"taxonomy":"product_cat","embeddable":true,"href":"https:\/\/libreriahistoriasdebolsillo.com\/index.php\/wp-json\/wp\/v2\/product_cat?post=1335"},{"taxonomy":"product_tag","embeddable":true,"href":"https:\/\/libreriahistoriasdebolsillo.com\/index.php\/wp-json\/wp\/v2\/product_tag?post=1335"}],"curies":[{"name":"wp","href":"https:\/\/api.w.org\/{rel}","templated":true}]}}