{"id":1342,"date":"2023-11-21T17:23:05","date_gmt":"2023-11-21T23:23:05","guid":{"rendered":"https:\/\/libreriahistoriasdebolsillo.com\/?post_type=product&#038;p=1342"},"modified":"2025-03-03T17:22:31","modified_gmt":"2025-03-03T23:22:31","slug":"crea-tu-suerte","status":"publish","type":"product","link":"https:\/\/libreriahistoriasdebolsillo.com\/index.php\/producto\/crea-tu-suerte\/","title":{"rendered":"Crea tu suerte"},"content":{"rendered":"<p>\u00bfY si pudieras\u00a0<b>crear tu propio destino<\/b>? \u00bfQu\u00e9 pasar\u00eda si vivir una vida de abundancia \u2014tener suerte en el amor, en el dinero y en el trabajo\u2014 estuviera bajo tu control? La buena noticia es que es posible&#8230; \u00a1pero necesitas saber c\u00f3mo! Gay Hendricks y Carol Kline, autores bestseller de The New York Times, comparten en\u00a0<i>Crea tu suerte<\/i>\u00a0<b>ocho secretos<\/b>\u00a0que de inmediato cambiar\u00e1n tu fortuna demanera consciente e intencional. Tan pronto pongas en pr\u00e1ctica sus ense\u00f1anzas ver\u00e1s que lo que llamamos\u00a0<b>mala suerte desaparecer\u00e1<\/b>. Los ocho secretos que constituyen el poderoso programa que Hendricks y Kline han creado aportar\u00e1n a tu vida\u00a0<b>mayor libertad y abundancia.<\/b><\/p>\n<p>En\u00a0<i>Crea tu suerte<\/i>\u00a0aprender\u00e1s, entre otras cosas, c\u00f3mo:<\/p>\n<p>\u2022 Plantar las semillas de la suerte en tu propia psique.<\/p>\n<p>\u2022 Eliminar la programaci\u00f3n desafortunada (incluidas las \u201cmaldiciones\u201d).<\/p>\n<p>\u2022 Moverte al ritmo de tu esencia.<\/p>\n<p>\u2022 Practicar la gratitud radical.<\/p>\n","protected":false},"excerpt":{"rendered":"<p>Gay Hendricks y Carol Kline<\/p>\n","protected":false},"featured_media":1344,"template":"","meta":{"_joinchat":[]},"product_brand":[],"product_cat":[79,58,41,51],"product_tag":[34],"class_list":{"0":"post-1342","1":"product","2":"type-product","3":"status-publish","4":"has-post-thumbnail","6":"product_cat-campana-punto-naranja","7":"product_cat-desarrollo-humano-y-superacion","8":"product_cat-desarrollo-humano","9":"product_cat-oferta","10":"product_tag-penguin-random-house","12":"first","13":"outofstock","14":"sale","15":"shipping-taxable","16":"purchasable","17":"product-type-simple"},"_links":{"self":[{"href":"https:\/\/libreriahistoriasdebolsillo.com\/index.php\/wp-json\/wp\/v2\/product\/1342","targetHints":{"allow":["GET"]}}],"collection":[{"href":"https:\/\/libreriahistoriasdebolsillo.com\/index.php\/wp-json\/wp\/v2\/product"}],"about":[{"href":"https:\/\/libreriahistoriasdebolsillo.com\/index.php\/wp-json\/wp\/v2\/types\/product"}],"wp:featuredmedia":[{"embeddable":true,"href":"https:\/\/libreriahistoriasdebolsillo.com\/index.php\/wp-json\/wp\/v2\/media\/1344"}],"wp:attachment":[{"href":"https:\/\/libreriahistoriasdebolsillo.com\/index.php\/wp-json\/wp\/v2\/media?parent=1342"}],"wp:term":[{"taxonomy":"product_brand","embeddable":true,"href":"https:\/\/libreriahistoriasdebolsillo.com\/index.php\/wp-json\/wp\/v2\/product_brand?post=1342"},{"taxonomy":"product_cat","embeddable":true,"href":"https:\/\/libreriahistoriasdebolsillo.com\/index.php\/wp-json\/wp\/v2\/product_cat?post=1342"},{"taxonomy":"product_tag","embeddable":true,"href":"https:\/\/libreriahistoriasdebolsillo.com\/index.php\/wp-json\/wp\/v2\/product_tag?post=1342"}],"curies":[{"name":"wp","href":"https:\/\/api.w.org\/{rel}","templated":true}]}}