{"id":1345,"date":"2023-11-21T17:25:16","date_gmt":"2023-11-21T23:25:16","guid":{"rendered":"https:\/\/libreriahistoriasdebolsillo.com\/?post_type=product&#038;p=1345"},"modified":"2025-10-07T16:58:32","modified_gmt":"2025-10-07T22:58:32","slug":"fedra","status":"publish","type":"product","link":"https:\/\/libreriahistoriasdebolsillo.com\/index.php\/producto\/fedra\/","title":{"rendered":"Fedra"},"content":{"rendered":"<p>En Atenas, la multitud se dirige al juicio m\u00e1s asombroso de la Antig\u00fcedad. La familia real est\u00e1 sumida en el esc\u00e1ndalo. Fedra, la joven esposa del rey Teseo, ha acusado de violaci\u00f3n a su hijastro, Hip\u00f3lito.<\/p>\n<p>\u00c9l es un pr\u00edncipe, un jinete experto, un joven prometedor con toda una vida por delante. Ella es la \u00faltima de una estirpe de mujeres cretenses de dudosa reputaci\u00f3n.<\/p>\n<p>Los hombres de Atenas tienen que decidir qui\u00e9n dice la verdad. Mientras tanto, las mujeres de la ciudad, sin voto, se re\u00fanen entre las sombras. Ellas saben que la verdad, en la era de los h\u00e9roes y los monstruos, es escurridiza.<\/p>\n<p>La verdad siempre tiene dos caras y la de las mujeres nunca se hab\u00eda contado.<\/p>\n<p>Hasta ahora.<\/p>\n<p><b>Laura Shepperson reescribe en clave feminista una de las figuras m\u00e1s controvertidas de la mitolog\u00eda y subvierte el mito m\u00e1s perdurable de todos: que las mujeres tienen la culpa de la violencia que se les impone y son la causa de su propio sufrimiento.<\/b><\/p>\n","protected":false},"excerpt":{"rendered":"<p>Laura Shepperson<\/p>\n","protected":false},"featured_media":1348,"template":"","meta":{"_joinchat":[]},"product_brand":[],"product_cat":[33,56],"product_tag":[34],"class_list":{"0":"post-1345","1":"product","2":"type-product","3":"status-publish","4":"has-post-thumbnail","6":"product_cat-ficcion-general","7":"product_cat-historica","8":"product_tag-penguin-random-house","10":"first","11":"outofstock","12":"sale","13":"shipping-taxable","14":"purchasable","15":"product-type-simple"},"_links":{"self":[{"href":"https:\/\/libreriahistoriasdebolsillo.com\/index.php\/wp-json\/wp\/v2\/product\/1345","targetHints":{"allow":["GET"]}}],"collection":[{"href":"https:\/\/libreriahistoriasdebolsillo.com\/index.php\/wp-json\/wp\/v2\/product"}],"about":[{"href":"https:\/\/libreriahistoriasdebolsillo.com\/index.php\/wp-json\/wp\/v2\/types\/product"}],"wp:featuredmedia":[{"embeddable":true,"href":"https:\/\/libreriahistoriasdebolsillo.com\/index.php\/wp-json\/wp\/v2\/media\/1348"}],"wp:attachment":[{"href":"https:\/\/libreriahistoriasdebolsillo.com\/index.php\/wp-json\/wp\/v2\/media?parent=1345"}],"wp:term":[{"taxonomy":"product_brand","embeddable":true,"href":"https:\/\/libreriahistoriasdebolsillo.com\/index.php\/wp-json\/wp\/v2\/product_brand?post=1345"},{"taxonomy":"product_cat","embeddable":true,"href":"https:\/\/libreriahistoriasdebolsillo.com\/index.php\/wp-json\/wp\/v2\/product_cat?post=1345"},{"taxonomy":"product_tag","embeddable":true,"href":"https:\/\/libreriahistoriasdebolsillo.com\/index.php\/wp-json\/wp\/v2\/product_tag?post=1345"}],"curies":[{"name":"wp","href":"https:\/\/api.w.org\/{rel}","templated":true}]}}