{"id":1349,"date":"2023-11-21T17:27:02","date_gmt":"2023-11-21T23:27:02","guid":{"rendered":"https:\/\/libreriahistoriasdebolsillo.com\/?post_type=product&#038;p=1349"},"modified":"2024-02-21T16:16:09","modified_gmt":"2024-02-21T22:16:09","slug":"silvio-y-la-isla-de-oro","status":"publish","type":"product","link":"https:\/\/libreriahistoriasdebolsillo.com\/index.php\/producto\/silvio-y-la-isla-de-oro\/","title":{"rendered":"Silvio y la isla de oro"},"content":{"rendered":"<p>Es una isla perdida llena de\u00a0<b>lingotes de oro puro<\/b>.<\/p>\n<p>Pero\u2026 \u00bfpor qu\u00e9 hay peligrosos\u00a0<b>robots<\/b>\u00a0que los persiguen?<\/p>\n<p><b>Silvio<\/b>\u00a0tendr\u00e1 que ser el m\u00e1s r\u00e1pido si quiere conseguir el oro antes de que los robots acaben con \u00e9l. Pero hay un problema\u2026<\/p>\n<p>\u00bfD\u00d3NDE SE HAN METIDO TODOS SUS AMIGOS?<\/p>\n<p>\u00a1\u00daNETE A ESTA AVENTURA<\/p>\n<p>Y EXPLORA TODOS LOS RINCONES DE LA\u00a0<b>ISLA DE ORO<\/b>!<\/p>\n","protected":false},"excerpt":{"rendered":"<p>Silvio Gamer<\/p>\n","protected":false},"featured_media":1351,"template":"","meta":{"_joinchat":[]},"product_brand":[],"product_cat":[54,52],"product_tag":[34],"class_list":{"0":"post-1349","1":"product","2":"type-product","3":"status-publish","4":"has-post-thumbnail","6":"product_cat-infantil","7":"product_cat-juvenil","8":"product_tag-penguin-random-house","10":"first","11":"outofstock","12":"shipping-taxable","13":"purchasable","14":"product-type-simple"},"_links":{"self":[{"href":"https:\/\/libreriahistoriasdebolsillo.com\/index.php\/wp-json\/wp\/v2\/product\/1349","targetHints":{"allow":["GET"]}}],"collection":[{"href":"https:\/\/libreriahistoriasdebolsillo.com\/index.php\/wp-json\/wp\/v2\/product"}],"about":[{"href":"https:\/\/libreriahistoriasdebolsillo.com\/index.php\/wp-json\/wp\/v2\/types\/product"}],"wp:featuredmedia":[{"embeddable":true,"href":"https:\/\/libreriahistoriasdebolsillo.com\/index.php\/wp-json\/wp\/v2\/media\/1351"}],"wp:attachment":[{"href":"https:\/\/libreriahistoriasdebolsillo.com\/index.php\/wp-json\/wp\/v2\/media?parent=1349"}],"wp:term":[{"taxonomy":"product_brand","embeddable":true,"href":"https:\/\/libreriahistoriasdebolsillo.com\/index.php\/wp-json\/wp\/v2\/product_brand?post=1349"},{"taxonomy":"product_cat","embeddable":true,"href":"https:\/\/libreriahistoriasdebolsillo.com\/index.php\/wp-json\/wp\/v2\/product_cat?post=1349"},{"taxonomy":"product_tag","embeddable":true,"href":"https:\/\/libreriahistoriasdebolsillo.com\/index.php\/wp-json\/wp\/v2\/product_tag?post=1349"}],"curies":[{"name":"wp","href":"https:\/\/api.w.org\/{rel}","templated":true}]}}