{"id":1352,"date":"2023-11-21T17:29:28","date_gmt":"2023-11-21T23:29:28","guid":{"rendered":"https:\/\/libreriahistoriasdebolsillo.com\/?post_type=product&#038;p=1352"},"modified":"2025-03-27T16:34:09","modified_gmt":"2025-03-27T22:34:09","slug":"rumbo-a-ti","status":"publish","type":"product","link":"https:\/\/libreriahistoriasdebolsillo.com\/index.php\/producto\/rumbo-a-ti\/","title":{"rendered":"Rumbo a ti"},"content":{"rendered":"<p><b>M\u00c1S DE 1.000.000 DE EJEMPLARES VENDIDOS<\/b><\/p>\n<p><b>La autora de las mejores comedias rom\u00e1nticas de los \u00faltimos a\u00f1os,\u00a0<i>Piso para dos<\/i>\u00a0y\u00a0<i>En tus zapatos<\/i>, vuelve con una novela sobre c\u00f3mo enamorarte dos veces de la misma persona. <\/b><b>A veces, lo m\u00e1s importante no es el viaje, sino a qui\u00e9n llevas de copiloto.<\/b><\/p>\n<p align=\"JUSTIFY\">Todo el mundo tiene un ex. El de<b>\u00a0ADDIE<\/b>\u00a0es Dylan: hijo de familia adinerada, poeta de mirada intensa y manos c\u00e1lidas&#8230; y la persona que le rompi\u00f3 el coraz\u00f3n. Tras dos a\u00f1os sin verlo, est\u00e1 segura de haberlo superado, pero el destino no opina lo mismo. De camino con su hermana a una boda en Escocia, un coche choca con ellas. El conductor es Dylan, que tambi\u00e9n va con su mejor amigo a la celebraci\u00f3n. Y ahora, si quieren llegar a tiempo a la ceremonia, tendr\u00e1n que viajar juntos.<\/p>\n<p align=\"JUSTIFY\">Hace dos a\u00f1os,<b>\u00a0DYLAN<\/b>\u00a0cometi\u00f3 un error: dej\u00f3 marchar a la \u00fanica chica de la que se ha enamorado. Sin embargo, parece que tiene una segunda oportunidad para recuperarla y, esta vez, no se va a rendir: har\u00e1 lo que haga falta para convencer a Addie de que el final de su historia juntos a\u00fan est\u00e1 por escribirse.<\/p>\n<p align=\"JUSTIFY\">\u00abAl igual que con su sorprendente debut,<i>\u00a0Piso para dos<\/i>, Beth O&#8217;Leary encuentra el equilibrio perfecto entre humor y pasi\u00f3n&#8230; Los lectores no van a querer que esta incre\u00edble aventura termine\u00bb.<br \/>\n<i>Publishers Weekly<\/i><\/p>\n<p>&nbsp;<\/p>\n","protected":false},"excerpt":{"rendered":"<p>Beth O&#8217;Leary<\/p>\n","protected":false},"featured_media":1355,"template":"","meta":{"_joinchat":[]},"product_brand":[],"product_cat":[52,35],"product_tag":[34],"class_list":{"0":"post-1352","1":"product","2":"type-product","3":"status-publish","4":"has-post-thumbnail","6":"product_cat-juvenil","7":"product_cat-romantica","8":"product_tag-penguin-random-house","10":"first","11":"outofstock","12":"shipping-taxable","13":"purchasable","14":"product-type-simple"},"_links":{"self":[{"href":"https:\/\/libreriahistoriasdebolsillo.com\/index.php\/wp-json\/wp\/v2\/product\/1352","targetHints":{"allow":["GET"]}}],"collection":[{"href":"https:\/\/libreriahistoriasdebolsillo.com\/index.php\/wp-json\/wp\/v2\/product"}],"about":[{"href":"https:\/\/libreriahistoriasdebolsillo.com\/index.php\/wp-json\/wp\/v2\/types\/product"}],"wp:featuredmedia":[{"embeddable":true,"href":"https:\/\/libreriahistoriasdebolsillo.com\/index.php\/wp-json\/wp\/v2\/media\/1355"}],"wp:attachment":[{"href":"https:\/\/libreriahistoriasdebolsillo.com\/index.php\/wp-json\/wp\/v2\/media?parent=1352"}],"wp:term":[{"taxonomy":"product_brand","embeddable":true,"href":"https:\/\/libreriahistoriasdebolsillo.com\/index.php\/wp-json\/wp\/v2\/product_brand?post=1352"},{"taxonomy":"product_cat","embeddable":true,"href":"https:\/\/libreriahistoriasdebolsillo.com\/index.php\/wp-json\/wp\/v2\/product_cat?post=1352"},{"taxonomy":"product_tag","embeddable":true,"href":"https:\/\/libreriahistoriasdebolsillo.com\/index.php\/wp-json\/wp\/v2\/product_tag?post=1352"}],"curies":[{"name":"wp","href":"https:\/\/api.w.org\/{rel}","templated":true}]}}