{"id":1359,"date":"2023-11-21T17:33:03","date_gmt":"2023-11-21T23:33:03","guid":{"rendered":"https:\/\/libreriahistoriasdebolsillo.com\/?post_type=product&#038;p=1359"},"modified":"2026-03-10T12:48:23","modified_gmt":"2026-03-10T18:48:23","slug":"holly","status":"publish","type":"product","link":"https:\/\/libreriahistoriasdebolsillo.com\/index.php\/producto\/holly\/","title":{"rendered":"Holly"},"content":{"rendered":"<p><b>La nueva novela del Rey del Terror recuerda<\/b>\u00a0<b>a joyas como<\/b>\u00a0<i><b>Misery<\/b><\/i><b>\u00a0y<\/b>\u00a0<b>cuenta con un personaje<\/b>\u00a0<b>muy querido por sus fans:<\/b>\u00a0<b>Holly<\/b>\u00a0<b>Gibney, la detective privada que, por primera vez, protagoniza una novela en solitario.<\/b><\/p>\n<p align=\"JUSTIFY\">Cuando Penny Dahl contacta con Finders Keepers para que la ayuden a encontrar a su hija, algo en la voz desesperada de la mujer hace que Holly Gibney se vea obligada a aceptar el trabajo.<\/p>\n<p align=\"JUSTIFY\">A poca distancia del lugar en el que Bonnie Dahl desapareci\u00f3, viven los profesores Rodney y Emily Harris. Son la quintaesencia de la respetabilidad burguesa: un matrimonio octogenario y dedicado de acad\u00e9micos semiretirados. Nadie dir\u00eda que, en el s\u00f3tano de su impecable casa forrada de libros, esconden un secreto directamente relacionado con la desaparici\u00f3n de Bonnie.<\/p>\n<p align=\"JUSTIFY\">Son astutos, pacientes y despiadados, y obligar\u00e1n a Holly a emplear sus habilidades al m\u00e1ximo y a arriesgarlo todo si quiere cerrar el caso m\u00e1s oscuro al que se ha enfrentado jam\u00e1s.<\/p>\n<p>\u00abNo pod\u00eda olvidarme de Holly. Se supon\u00eda que solo iba a ser un personaje secundario en\u00a0<i>Mr. Mercedes<\/i>, pero se llev\u00f3 toda la atenci\u00f3n y mi coraz\u00f3n.\u00a0<i>Holly<\/i>\u00a0es ella en estado puro\u00bb.<br \/>\n<b>Stephen King<\/b><\/p>\n","protected":false},"excerpt":{"rendered":"<p>Stephen King<\/p>\n","protected":false},"featured_media":1362,"template":"","meta":{"_joinchat":[]},"product_brand":[],"product_cat":[37,36],"product_tag":[34],"class_list":{"0":"post-1359","1":"product","2":"type-product","3":"status-publish","4":"has-post-thumbnail","6":"product_cat-misterio-y-thriller","7":"product_cat-terror-y-paranormal","8":"product_tag-penguin-random-house","10":"first","11":"outofstock","12":"shipping-taxable","13":"purchasable","14":"product-type-simple"},"_links":{"self":[{"href":"https:\/\/libreriahistoriasdebolsillo.com\/index.php\/wp-json\/wp\/v2\/product\/1359","targetHints":{"allow":["GET"]}}],"collection":[{"href":"https:\/\/libreriahistoriasdebolsillo.com\/index.php\/wp-json\/wp\/v2\/product"}],"about":[{"href":"https:\/\/libreriahistoriasdebolsillo.com\/index.php\/wp-json\/wp\/v2\/types\/product"}],"wp:featuredmedia":[{"embeddable":true,"href":"https:\/\/libreriahistoriasdebolsillo.com\/index.php\/wp-json\/wp\/v2\/media\/1362"}],"wp:attachment":[{"href":"https:\/\/libreriahistoriasdebolsillo.com\/index.php\/wp-json\/wp\/v2\/media?parent=1359"}],"wp:term":[{"taxonomy":"product_brand","embeddable":true,"href":"https:\/\/libreriahistoriasdebolsillo.com\/index.php\/wp-json\/wp\/v2\/product_brand?post=1359"},{"taxonomy":"product_cat","embeddable":true,"href":"https:\/\/libreriahistoriasdebolsillo.com\/index.php\/wp-json\/wp\/v2\/product_cat?post=1359"},{"taxonomy":"product_tag","embeddable":true,"href":"https:\/\/libreriahistoriasdebolsillo.com\/index.php\/wp-json\/wp\/v2\/product_tag?post=1359"}],"curies":[{"name":"wp","href":"https:\/\/api.w.org\/{rel}","templated":true}]}}