{"id":1367,"date":"2023-11-21T17:40:39","date_gmt":"2023-11-21T23:40:39","guid":{"rendered":"https:\/\/libreriahistoriasdebolsillo.com\/?post_type=product&#038;p=1367"},"modified":"2026-03-10T15:26:04","modified_gmt":"2026-03-10T21:26:04","slug":"tan-cerca-de-ti","status":"publish","type":"product","link":"https:\/\/libreriahistoriasdebolsillo.com\/index.php\/producto\/tan-cerca-de-ti\/","title":{"rendered":"Cerca de ti 1. Tan cerca de ti"},"content":{"rendered":"<p><b>\u00bfHASTA D\u00d3NDE ESTAR\u00cdAS DISPUESTO A LLEGAR<\/b>\u00a0<b>CUANDO LO QUE M\u00c1S DESEAS EST\u00c1 TAN CERCA DE TI?<\/b><\/p>\n<p><b>Dos reglas b\u00e1sicas que jam\u00e1s<\/b>\u00a0<b>deber\u00edan romperse:<\/b><\/p>\n<p><b>NO TE ALEJES DE ELLA<\/b><\/p>\n<p>Esta es la historia de un guardaespaldas y una escritora convencida de que no necesita protecci\u00f3n. Kobo cree que ser\u00e1 un trabajo f\u00e1cil; Eva est\u00e1 m\u00e1s que dispuesta a ser su siguiente problema con tal de conservar su libertad.<\/p>\n<p><b>NO TE ENAMORES<\/b><\/p>\n<p>Sin embargo, cuando la tensi\u00f3n y la atracci\u00f3n entre ellos crezca hasta convertirse en un deseo irrefrenable, ambos deber\u00e1n decidir si se dejan llevar o si ponen punto final a la aventura que acaba de empezar.<\/p>\n<p><b>Un trabajo imposible de cumplir<\/b><\/p>\n<p><b>Un amor imposible de evitar<\/b><\/p>\n<p>Llega la esperada primera novela de Antonio Hidalgo, la sensaci\u00f3n que arrasa entre las lectoras de Wattpad.<\/p>\n","protected":false},"excerpt":{"rendered":"<p>Antonio Hidalgo<\/p>\n","protected":false},"featured_media":1370,"template":"","meta":{"_joinchat":[]},"product_brand":[],"product_cat":[52,51,35],"product_tag":[34],"class_list":{"0":"post-1367","1":"product","2":"type-product","3":"status-publish","4":"has-post-thumbnail","6":"product_cat-juvenil","7":"product_cat-oferta","8":"product_cat-romantica","9":"product_tag-penguin-random-house","11":"first","12":"outofstock","13":"sale","14":"shipping-taxable","15":"purchasable","16":"product-type-simple"},"_links":{"self":[{"href":"https:\/\/libreriahistoriasdebolsillo.com\/index.php\/wp-json\/wp\/v2\/product\/1367","targetHints":{"allow":["GET"]}}],"collection":[{"href":"https:\/\/libreriahistoriasdebolsillo.com\/index.php\/wp-json\/wp\/v2\/product"}],"about":[{"href":"https:\/\/libreriahistoriasdebolsillo.com\/index.php\/wp-json\/wp\/v2\/types\/product"}],"wp:featuredmedia":[{"embeddable":true,"href":"https:\/\/libreriahistoriasdebolsillo.com\/index.php\/wp-json\/wp\/v2\/media\/1370"}],"wp:attachment":[{"href":"https:\/\/libreriahistoriasdebolsillo.com\/index.php\/wp-json\/wp\/v2\/media?parent=1367"}],"wp:term":[{"taxonomy":"product_brand","embeddable":true,"href":"https:\/\/libreriahistoriasdebolsillo.com\/index.php\/wp-json\/wp\/v2\/product_brand?post=1367"},{"taxonomy":"product_cat","embeddable":true,"href":"https:\/\/libreriahistoriasdebolsillo.com\/index.php\/wp-json\/wp\/v2\/product_cat?post=1367"},{"taxonomy":"product_tag","embeddable":true,"href":"https:\/\/libreriahistoriasdebolsillo.com\/index.php\/wp-json\/wp\/v2\/product_tag?post=1367"}],"curies":[{"name":"wp","href":"https:\/\/api.w.org\/{rel}","templated":true}]}}