{"id":1383,"date":"2023-11-21T17:48:28","date_gmt":"2023-11-21T23:48:28","guid":{"rendered":"https:\/\/libreriahistoriasdebolsillo.com\/?post_type=product&#038;p=1383"},"modified":"2025-10-28T12:13:50","modified_gmt":"2025-10-28T18:13:50","slug":"percy-jackson-y-el-caliz-de-los-dioses-percy-jackson-y-los-dioses-del-olimpo-6","status":"publish","type":"product","link":"https:\/\/libreriahistoriasdebolsillo.com\/index.php\/producto\/percy-jackson-y-el-caliz-de-los-dioses-percy-jackson-y-los-dioses-del-olimpo-6\/","title":{"rendered":"Percy Jackson y los dioses del Olimpo 6. El c\u00e1liz de los dioses"},"content":{"rendered":"<p><b>Vuelve Percy Jackson, el protagonista estrella de Rick Riordan<\/b><\/p>\n<p>Por una vez, Percy Jackson no debe preocuparse por salvar el mundo. En esta ocasi\u00f3n tiene una tarea mucho m\u00e1s dif\u00edcil: entrar en la universidad. La Universidad de Nueva Roma pide cartas de recomendaci\u00f3n de tres dioses para acceder, as\u00ed que&#8230; s\u00ed: Percy tendr\u00e1 que llevar a cabo nuevas misiones para conseguirlas.<\/p>\n<p>Primera misi\u00f3n: el copero de los dioses, Ganimedes, ha perdido su c\u00e1liz, lo cual no s\u00f3lo es vergonzoso, sino que podr\u00eda provocar un desastre, ya que cualquier mortal que beba del c\u00e1liz obtendr\u00e1 la inmortalidad. Percy, Annabeth y Grover deben encontrar el c\u00e1liz y devolv\u00e9rselo a Ganimedes antes de que alguien se entere de lo sucedido. Estos dioses&#8230; podr\u00edan ponerles un GPS a sus objetos m\u00e1gicos, \u00bfno?<\/p>\n","protected":false},"excerpt":{"rendered":"<p>Rick Riordan<\/p>\n","protected":false},"featured_media":1385,"template":"","meta":{"_joinchat":[]},"product_brand":[],"product_cat":[39,54,52],"product_tag":[34],"class_list":{"0":"post-1383","1":"product","2":"type-product","3":"status-publish","4":"has-post-thumbnail","6":"product_cat-fantasia","7":"product_cat-infantil","8":"product_cat-juvenil","9":"product_tag-penguin-random-house","11":"first","12":"outofstock","13":"shipping-taxable","14":"purchasable","15":"product-type-simple"},"_links":{"self":[{"href":"https:\/\/libreriahistoriasdebolsillo.com\/index.php\/wp-json\/wp\/v2\/product\/1383","targetHints":{"allow":["GET"]}}],"collection":[{"href":"https:\/\/libreriahistoriasdebolsillo.com\/index.php\/wp-json\/wp\/v2\/product"}],"about":[{"href":"https:\/\/libreriahistoriasdebolsillo.com\/index.php\/wp-json\/wp\/v2\/types\/product"}],"wp:featuredmedia":[{"embeddable":true,"href":"https:\/\/libreriahistoriasdebolsillo.com\/index.php\/wp-json\/wp\/v2\/media\/1385"}],"wp:attachment":[{"href":"https:\/\/libreriahistoriasdebolsillo.com\/index.php\/wp-json\/wp\/v2\/media?parent=1383"}],"wp:term":[{"taxonomy":"product_brand","embeddable":true,"href":"https:\/\/libreriahistoriasdebolsillo.com\/index.php\/wp-json\/wp\/v2\/product_brand?post=1383"},{"taxonomy":"product_cat","embeddable":true,"href":"https:\/\/libreriahistoriasdebolsillo.com\/index.php\/wp-json\/wp\/v2\/product_cat?post=1383"},{"taxonomy":"product_tag","embeddable":true,"href":"https:\/\/libreriahistoriasdebolsillo.com\/index.php\/wp-json\/wp\/v2\/product_tag?post=1383"}],"curies":[{"name":"wp","href":"https:\/\/api.w.org\/{rel}","templated":true}]}}