{"id":1387,"date":"2023-11-21T17:50:29","date_gmt":"2023-11-21T23:50:29","guid":{"rendered":"https:\/\/libreriahistoriasdebolsillo.com\/?post_type=product&#038;p=1387"},"modified":"2025-08-22T11:15:04","modified_gmt":"2025-08-22T17:15:04","slug":"lo-que-nos-queda-del-mundo","status":"publish","type":"product","link":"https:\/\/libreriahistoriasdebolsillo.com\/index.php\/producto\/lo-que-nos-queda-del-mundo\/","title":{"rendered":"Lo que nos queda del mundo"},"content":{"rendered":"<p><b>Llega el nuevo romance LGTBI bestseller, ideal para fans de\u00a0<i>Heartstopper<\/i>\u00a0o\u00a0<i>Al final mueren los dos<\/i>.<\/b><\/p>\n<p>Cuando Andrew se topa por casualidad con la casa de Jamie, est\u00e1 herido, muerto de hambre y ya no tiene nada que perder. Un pat\u00f3geno letal ha acabado con gran parte de la poblaci\u00f3n mundial, incluidos todos los seres queridos de los dos chicos. Si algo han aprendido en este nuevo mundo es que deben tener miedo de lo que otras personas desesperadas podr\u00edan hacerles&#8230; As\u00ed que \u00bfpor qu\u00e9 les resulta tan f\u00e1cil confiar el uno en el otro?<\/p>\n<p>Cuando el peligro irrumpe en su refugio, huyen hacia el sur en busca de la civilizaci\u00f3n. Pero en la historia de Andrew hay algo que no termina de encajar y que podr\u00eda arrebat\u00e1rselo todo a ambos. Jamie tambi\u00e9n guarda un secreto. Est\u00e1 empezando a sentir algo m\u00e1s que amistad por Andrew y eso le a\u00f1ade otra capa de miedo y confusi\u00f3n a un viaje ya de por s\u00ed tumultuoso.<\/p>\n<p>El camino que se extiende ante ellos es largo y, para sobrevivir, tendr\u00e1n que despojarse de sus secretos, afrontar las consecuencias de sus acciones y encontrar el valor necesario para luchar juntos por el futuro que desean. Solo existe una certeza: lo \u00fanico que les queda en el mundo es la innegable atracci\u00f3n que sienten el uno hacia el otro.<\/p>\n","protected":false},"excerpt":{"rendered":"<p>Erik J. Brown<\/p>\n","protected":false},"featured_media":1390,"template":"","meta":{"_joinchat":[]},"product_brand":[],"product_cat":[52,38],"product_tag":[34],"class_list":{"0":"post-1387","1":"product","2":"type-product","3":"status-publish","4":"has-post-thumbnail","6":"product_cat-juvenil","7":"product_cat-lgbtq","8":"product_tag-penguin-random-house","10":"first","11":"instock","12":"shipping-taxable","13":"purchasable","14":"product-type-simple"},"_links":{"self":[{"href":"https:\/\/libreriahistoriasdebolsillo.com\/index.php\/wp-json\/wp\/v2\/product\/1387","targetHints":{"allow":["GET"]}}],"collection":[{"href":"https:\/\/libreriahistoriasdebolsillo.com\/index.php\/wp-json\/wp\/v2\/product"}],"about":[{"href":"https:\/\/libreriahistoriasdebolsillo.com\/index.php\/wp-json\/wp\/v2\/types\/product"}],"wp:featuredmedia":[{"embeddable":true,"href":"https:\/\/libreriahistoriasdebolsillo.com\/index.php\/wp-json\/wp\/v2\/media\/1390"}],"wp:attachment":[{"href":"https:\/\/libreriahistoriasdebolsillo.com\/index.php\/wp-json\/wp\/v2\/media?parent=1387"}],"wp:term":[{"taxonomy":"product_brand","embeddable":true,"href":"https:\/\/libreriahistoriasdebolsillo.com\/index.php\/wp-json\/wp\/v2\/product_brand?post=1387"},{"taxonomy":"product_cat","embeddable":true,"href":"https:\/\/libreriahistoriasdebolsillo.com\/index.php\/wp-json\/wp\/v2\/product_cat?post=1387"},{"taxonomy":"product_tag","embeddable":true,"href":"https:\/\/libreriahistoriasdebolsillo.com\/index.php\/wp-json\/wp\/v2\/product_tag?post=1387"}],"curies":[{"name":"wp","href":"https:\/\/api.w.org\/{rel}","templated":true}]}}