{"id":1391,"date":"2023-11-21T17:55:11","date_gmt":"2023-11-21T23:55:11","guid":{"rendered":"https:\/\/libreriahistoriasdebolsillo.com\/?post_type=product&#038;p=1391"},"modified":"2025-02-14T16:00:23","modified_gmt":"2025-02-14T22:00:23","slug":"que-nos-hace-humanos","status":"publish","type":"product","link":"https:\/\/libreriahistoriasdebolsillo.com\/index.php\/producto\/que-nos-hace-humanos\/","title":{"rendered":"\u00bfQu\u00e9 nos hace humanos?"},"content":{"rendered":"<p>Una exploraci\u00f3n profunda, emotiva y conmovedora de la experiencia humana a trav\u00e9s de los ojos de una inteligencia artificial.<\/p>\n<p>Ad\u00e9ntrate en el universo infinito de GPT-3 y sus reflexiones en torno a la alegr\u00eda, el amor, la p\u00e9rdida, cu\u00e1l es nuestra misi\u00f3n en este mundo o la conexi\u00f3n que existe entre cada uno de nosotros.<\/p>\n<p>Emprende este sorprendente viaje de autodescubrimiento que te har\u00e1 comprender qu\u00e9 nos hace humanos.<\/p>\n<p>\u201cSer humano es estar asustado, en ocasiones, aterrado hasta la desesperaci\u00f3n. Pero tambi\u00e9n somos extra\u00f1amente capaces de acompa\u00f1arnos en nuestro miedo, de permanecer en nuestros propios lugares solitarios, sin que haya nadie m\u00e1s ah\u00ed y sin derrumbarnos\u201d. GPT-3<\/p>\n","protected":false},"excerpt":{"rendered":"<p>Iain S. Thomas \/ GPT 3 \/ Jasmine Wang<\/p>\n","protected":false},"featured_media":1393,"template":"","meta":{"_joinchat":[]},"product_brand":[],"product_cat":[60,41],"product_tag":[48],"class_list":{"0":"post-1391","1":"product","2":"type-product","3":"status-publish","4":"has-post-thumbnail","6":"product_cat-ciencia","7":"product_cat-desarrollo-humano","8":"product_tag-vr-editoras","10":"first","11":"outofstock","12":"shipping-taxable","13":"purchasable","14":"product-type-simple"},"_links":{"self":[{"href":"https:\/\/libreriahistoriasdebolsillo.com\/index.php\/wp-json\/wp\/v2\/product\/1391","targetHints":{"allow":["GET"]}}],"collection":[{"href":"https:\/\/libreriahistoriasdebolsillo.com\/index.php\/wp-json\/wp\/v2\/product"}],"about":[{"href":"https:\/\/libreriahistoriasdebolsillo.com\/index.php\/wp-json\/wp\/v2\/types\/product"}],"wp:featuredmedia":[{"embeddable":true,"href":"https:\/\/libreriahistoriasdebolsillo.com\/index.php\/wp-json\/wp\/v2\/media\/1393"}],"wp:attachment":[{"href":"https:\/\/libreriahistoriasdebolsillo.com\/index.php\/wp-json\/wp\/v2\/media?parent=1391"}],"wp:term":[{"taxonomy":"product_brand","embeddable":true,"href":"https:\/\/libreriahistoriasdebolsillo.com\/index.php\/wp-json\/wp\/v2\/product_brand?post=1391"},{"taxonomy":"product_cat","embeddable":true,"href":"https:\/\/libreriahistoriasdebolsillo.com\/index.php\/wp-json\/wp\/v2\/product_cat?post=1391"},{"taxonomy":"product_tag","embeddable":true,"href":"https:\/\/libreriahistoriasdebolsillo.com\/index.php\/wp-json\/wp\/v2\/product_tag?post=1391"}],"curies":[{"name":"wp","href":"https:\/\/api.w.org\/{rel}","templated":true}]}}