{"id":1401,"date":"2023-11-21T18:01:42","date_gmt":"2023-11-22T00:01:42","guid":{"rendered":"https:\/\/libreriahistoriasdebolsillo.com\/?post_type=product&#038;p=1401"},"modified":"2024-04-11T10:50:28","modified_gmt":"2024-04-11T16:50:28","slug":"amor-en-juego-amor-en-juego-1","status":"publish","type":"product","link":"https:\/\/libreriahistoriasdebolsillo.com\/index.php\/producto\/amor-en-juego-amor-en-juego-1\/","title":{"rendered":"Amor en juego (Amor en juego 1)"},"content":{"rendered":"<p><b>LLEGA LA NUEVA NOVELA DE ELENA ARMAS, LA AUTORA QUE ENAMORA AL MUNDO CON M\u00c1S DE 1.000.000 DE EJEMPLARES VENDIDOS.<\/b><\/p>\n<p><b>A VECES TU LUGAR EN EL MUNDO NO ES UN \u00abD\u00d3NDE\u00bb SINO UN \u00abQUI\u00c9N\u00bb.<\/b><\/p>\n<p>Adalyn Reyes siempre ha estado centrada en los Miami Flames. Sin embargo, su impecable carrera se ve afectada cuando el v\u00eddeo de un altercado con la mascota del equipo se hace viral. En consecuencia, el due\u00f1o del club (que casualmente es tambi\u00e9n su padre) la manda a un pueblo en mitad de la nada para que reflote el equipo de f\u00fatbol local. Adalyn est\u00e1 dispuesta a dejarse la piel para conseguirlo, pero no contaba con que sus jugadores ser\u00edan un grupo de ni\u00f1as de nueve a\u00f1os con tut\u00fa y una cabra como mascota.<\/p>\n<p>Adem\u00e1s, Cameron Caldani, exportero y leyenda del f\u00fatbol, tambi\u00e9n se encuentra en el pueblo, aunque su presencia all\u00ed es todo un misterio. Cam es el candidato perfecto para ayudarla, pero despu\u00e9s de un primer encuentro un tanto accidentado (quien dice \u00abaccidentado\u00bb dice \u00ablo atropell\u00e9con el coche\u00bb), en los planes del futbolista de \u00e9lite solo cabe deshacerse de ella cueste lo que cueste. Sin embargo, marcharse no es una posibilidad para Adalyn, que no descansar\u00e1 hasta recuperar su antigua vida. Con o sin la ayuda de Cam.<\/p>\n<p><b>\u00bfTE ATREVES A JUGARTE EL CORAZ\u00d3N?<\/b><\/p>\n","protected":false},"excerpt":{"rendered":"<p>Elena Armas<\/p>\n","protected":false},"featured_media":1404,"template":"","meta":{"_joinchat":[]},"product_brand":[],"product_cat":[52,35],"product_tag":[34],"class_list":{"0":"post-1401","1":"product","2":"type-product","3":"status-publish","4":"has-post-thumbnail","6":"product_cat-juvenil","7":"product_cat-romantica","8":"product_tag-penguin-random-house","10":"first","11":"outofstock","12":"shipping-taxable","13":"purchasable","14":"product-type-simple"},"_links":{"self":[{"href":"https:\/\/libreriahistoriasdebolsillo.com\/index.php\/wp-json\/wp\/v2\/product\/1401","targetHints":{"allow":["GET"]}}],"collection":[{"href":"https:\/\/libreriahistoriasdebolsillo.com\/index.php\/wp-json\/wp\/v2\/product"}],"about":[{"href":"https:\/\/libreriahistoriasdebolsillo.com\/index.php\/wp-json\/wp\/v2\/types\/product"}],"wp:featuredmedia":[{"embeddable":true,"href":"https:\/\/libreriahistoriasdebolsillo.com\/index.php\/wp-json\/wp\/v2\/media\/1404"}],"wp:attachment":[{"href":"https:\/\/libreriahistoriasdebolsillo.com\/index.php\/wp-json\/wp\/v2\/media?parent=1401"}],"wp:term":[{"taxonomy":"product_brand","embeddable":true,"href":"https:\/\/libreriahistoriasdebolsillo.com\/index.php\/wp-json\/wp\/v2\/product_brand?post=1401"},{"taxonomy":"product_cat","embeddable":true,"href":"https:\/\/libreriahistoriasdebolsillo.com\/index.php\/wp-json\/wp\/v2\/product_cat?post=1401"},{"taxonomy":"product_tag","embeddable":true,"href":"https:\/\/libreriahistoriasdebolsillo.com\/index.php\/wp-json\/wp\/v2\/product_tag?post=1401"}],"curies":[{"name":"wp","href":"https:\/\/api.w.org\/{rel}","templated":true}]}}