{"id":1405,"date":"2023-11-21T18:06:40","date_gmt":"2023-11-22T00:06:40","guid":{"rendered":"https:\/\/libreriahistoriasdebolsillo.com\/?post_type=product&#038;p=1405"},"modified":"2025-10-10T16:22:30","modified_gmt":"2025-10-10T22:22:30","slug":"lobos","status":"publish","type":"product","link":"https:\/\/libreriahistoriasdebolsillo.com\/index.php\/producto\/lobos\/","title":{"rendered":"Lobos"},"content":{"rendered":"<p><b>La luna llena no es s\u00f3lo para los enamorados&#8230;<\/b><\/p>\n<p>Diego est\u00e1 listo para dar el siguiente paso en su relaci\u00f3n con Paola: le propondr\u00e1 matrimonio, mientras acampan en un hermoso bosque en compa\u00f1\u00eda de sus mejores amigos.<\/p>\n<p>Lo que inicia como la velada perfecta, pronto se convertir\u00e1 en una\u00a0<b>pesadilla<\/b>. Sin saberlo, los j\u00f3venes se han internado en un pueblo en el que lamayor\u00eda de sus habitantes no es lo que aparenta, y a la luz de la<b>\u00a0luna llena<\/b>\u00a0sacar\u00e1n a flote su verdadera personalidad.<\/p>\n<p>S\u00f3lo los m\u00e1s fuertes podr\u00e1n sobrevivir a esta\u00a0<b>noche de terror<\/b>, en la que el ataque m\u00e1s mort\u00edfero vendr\u00e1 de donde menos lo esperan.<\/p>\n","protected":false},"excerpt":{"rendered":"<p>Xavier M. Sotelo<\/p>\n","protected":false},"featured_media":1406,"template":"","meta":{"_joinchat":[]},"product_brand":[],"product_cat":[39,52],"product_tag":[34],"class_list":{"0":"post-1405","1":"product","2":"type-product","3":"status-publish","4":"has-post-thumbnail","6":"product_cat-fantasia","7":"product_cat-juvenil","8":"product_tag-penguin-random-house","10":"first","11":"outofstock","12":"shipping-taxable","13":"purchasable","14":"product-type-simple"},"_links":{"self":[{"href":"https:\/\/libreriahistoriasdebolsillo.com\/index.php\/wp-json\/wp\/v2\/product\/1405","targetHints":{"allow":["GET"]}}],"collection":[{"href":"https:\/\/libreriahistoriasdebolsillo.com\/index.php\/wp-json\/wp\/v2\/product"}],"about":[{"href":"https:\/\/libreriahistoriasdebolsillo.com\/index.php\/wp-json\/wp\/v2\/types\/product"}],"wp:featuredmedia":[{"embeddable":true,"href":"https:\/\/libreriahistoriasdebolsillo.com\/index.php\/wp-json\/wp\/v2\/media\/1406"}],"wp:attachment":[{"href":"https:\/\/libreriahistoriasdebolsillo.com\/index.php\/wp-json\/wp\/v2\/media?parent=1405"}],"wp:term":[{"taxonomy":"product_brand","embeddable":true,"href":"https:\/\/libreriahistoriasdebolsillo.com\/index.php\/wp-json\/wp\/v2\/product_brand?post=1405"},{"taxonomy":"product_cat","embeddable":true,"href":"https:\/\/libreriahistoriasdebolsillo.com\/index.php\/wp-json\/wp\/v2\/product_cat?post=1405"},{"taxonomy":"product_tag","embeddable":true,"href":"https:\/\/libreriahistoriasdebolsillo.com\/index.php\/wp-json\/wp\/v2\/product_tag?post=1405"}],"curies":[{"name":"wp","href":"https:\/\/api.w.org\/{rel}","templated":true}]}}