{"id":1419,"date":"2023-11-21T18:23:48","date_gmt":"2023-11-22T00:23:48","guid":{"rendered":"https:\/\/libreriahistoriasdebolsillo.com\/?post_type=product&#038;p=1419"},"modified":"2024-01-19T18:48:57","modified_gmt":"2024-01-20T00:48:57","slug":"numero-dos","status":"publish","type":"product","link":"https:\/\/libreriahistoriasdebolsillo.com\/index.php\/producto\/numero-dos\/","title":{"rendered":"N\u00famero dos"},"content":{"rendered":"<p><b>\u00abUna novela divertida y melanc\u00f3lica, cruel y dram\u00e1tica.\u00bb<\/b><\/p>\n<p><b>Laurence Caracalla, Le<\/b>\u00a0<b>Figaro<\/b>\u00a0<b>Litt\u00e9raire<\/b><\/p>\n<p>En\u00a0<b>1999<\/b>\u00a0centenares de j\u00f3venes pasaron por las\u00a0<b>audiciones para interpretar a Harry Potter<\/b>.\u00a0<b>Entre los dos candidatos<\/b>\u00a0que llegaron hasta el final,\u00a0<b>Daniel Radcliffe<\/b>\u00a0fue\u00a0<b>elegido<\/b>\u00a0<b>por tener<\/b>, seg\u00fan la directora del casting, \u00ab<b>ese algo extra\u00bb.<\/b>\u00a0Al leer estas declaraciones, David Foenkinos empatiz\u00f3 de inmediato con\u00a0<b>el chico que no ten\u00eda ese toque extra: el n\u00famero dos<\/b>.\u00a0<b>Esta novela<\/b>\u00a0<b>narra su historia<\/b>. La vida de Martin Hill, un chico con padres divorciados y gafas negras y redondas, da un vuelco cuando acude por azar a la productora londinense, en la que trabaja su padre, el mismo d\u00eda en que pasa por ah\u00ed David Heyman, inmerso en la b\u00fasqueda del actor que encarnar\u00e1 al peque\u00f1o mago. Tras ser descartado, Martin ir\u00e1 cayendo en sucesivasdepresiones con cada nueva entrega de los libros y las pel\u00edculas. A su alrededor, todo le recuerda\u00a0<b>el \u00e9xito de su rival<\/b>\u00a0y poco a poco, en lugar de disfrutar de la vida de Radcliffe, la suya propia empieza a parecerse a la del atormentado personaje de ficci\u00f3n<b>. \u00bfPodr\u00e1 sobreponerse a esa mancha en su destino y hacer del fracaso una fuerza?<\/b><\/p>\n","protected":false},"excerpt":{"rendered":"<p>David Foenkinos<\/p>\n","protected":false},"featured_media":1420,"template":"","meta":{"_joinchat":[]},"product_brand":[],"product_cat":[33],"product_tag":[34],"class_list":{"0":"post-1419","1":"product","2":"type-product","3":"status-publish","4":"has-post-thumbnail","6":"product_cat-ficcion-general","7":"product_tag-penguin-random-house","9":"first","10":"outofstock","11":"shipping-taxable","12":"purchasable","13":"product-type-simple"},"_links":{"self":[{"href":"https:\/\/libreriahistoriasdebolsillo.com\/index.php\/wp-json\/wp\/v2\/product\/1419","targetHints":{"allow":["GET"]}}],"collection":[{"href":"https:\/\/libreriahistoriasdebolsillo.com\/index.php\/wp-json\/wp\/v2\/product"}],"about":[{"href":"https:\/\/libreriahistoriasdebolsillo.com\/index.php\/wp-json\/wp\/v2\/types\/product"}],"wp:featuredmedia":[{"embeddable":true,"href":"https:\/\/libreriahistoriasdebolsillo.com\/index.php\/wp-json\/wp\/v2\/media\/1420"}],"wp:attachment":[{"href":"https:\/\/libreriahistoriasdebolsillo.com\/index.php\/wp-json\/wp\/v2\/media?parent=1419"}],"wp:term":[{"taxonomy":"product_brand","embeddable":true,"href":"https:\/\/libreriahistoriasdebolsillo.com\/index.php\/wp-json\/wp\/v2\/product_brand?post=1419"},{"taxonomy":"product_cat","embeddable":true,"href":"https:\/\/libreriahistoriasdebolsillo.com\/index.php\/wp-json\/wp\/v2\/product_cat?post=1419"},{"taxonomy":"product_tag","embeddable":true,"href":"https:\/\/libreriahistoriasdebolsillo.com\/index.php\/wp-json\/wp\/v2\/product_tag?post=1419"}],"curies":[{"name":"wp","href":"https:\/\/api.w.org\/{rel}","templated":true}]}}