{"id":1427,"date":"2023-11-21T18:29:01","date_gmt":"2023-11-22T00:29:01","guid":{"rendered":"https:\/\/libreriahistoriasdebolsillo.com\/?post_type=product&#038;p=1427"},"modified":"2025-03-03T17:23:19","modified_gmt":"2025-03-03T23:23:19","slug":"los-recuerdos-del-porvenir","status":"publish","type":"product","link":"https:\/\/libreriahistoriasdebolsillo.com\/index.php\/producto\/los-recuerdos-del-porvenir\/","title":{"rendered":"Los recuerdos del porvenir"},"content":{"rendered":"<p><b>Una obra maestra, un punto y aparte en la literatura mexicana.<\/b><\/p>\n<p>Escrita con una prosa dotada de deslumbrantes poderes sensoriales,\u00a0<i>Los recuerdos del porvenir<\/i>\u00a0marc\u00f3 el luminoso arranque en la trayectoria de Elena Garro.<\/p>\n<p>El pueblo de Ixtepec es quien cuenta en estas p\u00e1ginas una sucesi\u00f3n de episodios en los que se mezclan\u00a0<b>la crueldad y la fe, la pasi\u00f3n y el odio, la mentira y la perfidia<\/b>, con la mirada propia de los grandes relatos fant\u00e1sticos, a trav\u00e9s de un amplio reparto de personajes de las distintas capas sociales, desde las prostitutas y los campesinos hasta las antiguas familias y los religiosos.<\/p>\n<p>Ixtepec se ubica en la tierra caliente del coraz\u00f3n de M\u00e9xico, en un sitio que es todos y es ninguno, pues se trata del pueblo imaginario en que Elena Garro ambient\u00f3 su representaci\u00f3n de los convulsos a\u00f1os posrevolucionarios de un M\u00e9xico en el que la injusticia del despojo de tierras, el racismo y la violencia contra las mujeres eran, como lo son hoy, un asunto de todos los d\u00edas.<\/p>\n<p>F\u00e1bula poderosade las\u00a0<b>heridas hist\u00f3ricas<\/b>\u00a0de un pa\u00eds y una \u00e9poca,\u00a0<i>Los recuerdos del porvenir<\/i>\u00a0est\u00e1 llamada a ocupar, finalmente, su sitio como un cl\u00e1sico indiscutible de la literatura hispanoamericana.<\/p>\n","protected":false},"excerpt":{"rendered":"<p>Elena Garro<\/p>\n","protected":false},"featured_media":1428,"template":"","meta":{"_joinchat":[]},"product_brand":[],"product_cat":[33],"product_tag":[34],"class_list":{"0":"post-1427","1":"product","2":"type-product","3":"status-publish","4":"has-post-thumbnail","6":"product_cat-ficcion-general","7":"product_tag-penguin-random-house","9":"first","10":"outofstock","11":"shipping-taxable","12":"purchasable","13":"product-type-simple"},"_links":{"self":[{"href":"https:\/\/libreriahistoriasdebolsillo.com\/index.php\/wp-json\/wp\/v2\/product\/1427","targetHints":{"allow":["GET"]}}],"collection":[{"href":"https:\/\/libreriahistoriasdebolsillo.com\/index.php\/wp-json\/wp\/v2\/product"}],"about":[{"href":"https:\/\/libreriahistoriasdebolsillo.com\/index.php\/wp-json\/wp\/v2\/types\/product"}],"wp:featuredmedia":[{"embeddable":true,"href":"https:\/\/libreriahistoriasdebolsillo.com\/index.php\/wp-json\/wp\/v2\/media\/1428"}],"wp:attachment":[{"href":"https:\/\/libreriahistoriasdebolsillo.com\/index.php\/wp-json\/wp\/v2\/media?parent=1427"}],"wp:term":[{"taxonomy":"product_brand","embeddable":true,"href":"https:\/\/libreriahistoriasdebolsillo.com\/index.php\/wp-json\/wp\/v2\/product_brand?post=1427"},{"taxonomy":"product_cat","embeddable":true,"href":"https:\/\/libreriahistoriasdebolsillo.com\/index.php\/wp-json\/wp\/v2\/product_cat?post=1427"},{"taxonomy":"product_tag","embeddable":true,"href":"https:\/\/libreriahistoriasdebolsillo.com\/index.php\/wp-json\/wp\/v2\/product_tag?post=1427"}],"curies":[{"name":"wp","href":"https:\/\/api.w.org\/{rel}","templated":true}]}}