{"id":1432,"date":"2023-11-21T18:32:33","date_gmt":"2023-11-22T00:32:33","guid":{"rendered":"https:\/\/libreriahistoriasdebolsillo.com\/?post_type=product&#038;p=1432"},"modified":"2024-05-02T11:25:40","modified_gmt":"2024-05-02T17:25:40","slug":"ensayo-sobre-la-ceguera","status":"publish","type":"product","link":"https:\/\/libreriahistoriasdebolsillo.com\/index.php\/producto\/ensayo-sobre-la-ceguera\/","title":{"rendered":"Ensayo sobre la ceguera"},"content":{"rendered":"<p><b>Ensayo sobre la ceguera es la ficci\u00f3n de un autor que nos alerta sobre \u00abla responsabilidad de tener ojos cuando otros los perdieron\u00bb.<\/b><\/p>\n<p><b>Jos\u00e9 Saramago, Premio Nobel de Literatura en 1998, traza en este libro una imagen aterradora y conmovedora de los tiempos que estamos viviendo.<\/b><\/p>\n<p><b>Una experiencia imaginativa \u00fanica para el lector. Un punto donde se cruzan literatura y sabidur\u00eda, y donde Jos\u00e9 Saramago nos obliga a parar, cerrar los ojos y ver.<\/b><\/p>\n<p><b>Traducci\u00f3n de Basilio Losada.<\/b><\/p>\n<p>Un hombre parado ante un sem\u00e1foro en rojo se queda ciego s\u00fabitamente. Es el primer caso de una \u00abceguera blanca\u00bb que se expande de manera fulminante. Internados en cuarentena o perdidos en la ciudad, los ciegos tendr\u00e1n que enfrentarse con lo m\u00e1s primitivo de la naturaleza humana: la voluntad de sobrevivir a cualquier precio.\u00a0<i>Ensayo sobre la ceguera<\/i>\u00a0es la ficci\u00f3n de un autor que nos alerta sobre \u00abla responsabilidad de tener ojos cuando otros los perdieron\u00bb.<\/p>\n<p>Recuperar la lucidez y rescatar el afecto son dos propuestas fundamentales de una novela que es, tambi\u00e9n, una reflexi\u00f3n sobre la \u00e9tica del amor y la solidaridad.<\/p>\n<p><b>Algunos especialistas en literatura han opinado:<\/b><\/p>\n<p>\u00abJos\u00e9 Saramago siempre ha demostrado una imaginaci\u00f3n audaz como novelista. Ensayo sobre la ceguera es su obra m\u00e1s sorprendente e inquietante.\u00bb -Harold Bloom-<\/p>\n","protected":false},"excerpt":{"rendered":"<p>Jos\u00e9 Saramago<\/p>\n","protected":false},"featured_media":1434,"template":"","meta":{"_joinchat":[]},"product_brand":[],"product_cat":[78],"product_tag":[34],"class_list":{"0":"post-1432","1":"product","2":"type-product","3":"status-publish","4":"has-post-thumbnail","6":"product_cat-contemporanea","7":"product_tag-penguin-random-house","9":"first","10":"outofstock","11":"shipping-taxable","12":"purchasable","13":"product-type-simple"},"_links":{"self":[{"href":"https:\/\/libreriahistoriasdebolsillo.com\/index.php\/wp-json\/wp\/v2\/product\/1432","targetHints":{"allow":["GET"]}}],"collection":[{"href":"https:\/\/libreriahistoriasdebolsillo.com\/index.php\/wp-json\/wp\/v2\/product"}],"about":[{"href":"https:\/\/libreriahistoriasdebolsillo.com\/index.php\/wp-json\/wp\/v2\/types\/product"}],"wp:featuredmedia":[{"embeddable":true,"href":"https:\/\/libreriahistoriasdebolsillo.com\/index.php\/wp-json\/wp\/v2\/media\/1434"}],"wp:attachment":[{"href":"https:\/\/libreriahistoriasdebolsillo.com\/index.php\/wp-json\/wp\/v2\/media?parent=1432"}],"wp:term":[{"taxonomy":"product_brand","embeddable":true,"href":"https:\/\/libreriahistoriasdebolsillo.com\/index.php\/wp-json\/wp\/v2\/product_brand?post=1432"},{"taxonomy":"product_cat","embeddable":true,"href":"https:\/\/libreriahistoriasdebolsillo.com\/index.php\/wp-json\/wp\/v2\/product_cat?post=1432"},{"taxonomy":"product_tag","embeddable":true,"href":"https:\/\/libreriahistoriasdebolsillo.com\/index.php\/wp-json\/wp\/v2\/product_tag?post=1432"}],"curies":[{"name":"wp","href":"https:\/\/api.w.org\/{rel}","templated":true}]}}