{"id":1435,"date":"2023-11-21T18:45:02","date_gmt":"2023-11-22T00:45:02","guid":{"rendered":"https:\/\/libreriahistoriasdebolsillo.com\/?post_type=product&#038;p=1435"},"modified":"2023-11-21T18:45:02","modified_gmt":"2023-11-22T00:45:02","slug":"contenemos-multitudes","status":"publish","type":"product","link":"https:\/\/libreriahistoriasdebolsillo.com\/index.php\/producto\/contenemos-multitudes\/","title":{"rendered":"Contenemos multitudes"},"content":{"rendered":"<p>Jonathan Hopkirk, fan n\u00famero uno de la poes\u00eda de Walt Whitman, y Adam \u201cKurl\u201d Kurlansky, el conflictuado jugador estrella del equipo de futbol americano del colegio, son asignados en la clase de Literatura como compa\u00f1eros para semanalmente escribirse una carta y as\u00ed practicar sus habilidades ret\u00f3ricas\u2026 una tarea que aceptan con resignaci\u00f3n, pues no esperan obtener mucho de esa actividad.<\/p>\n<p>Sin embargo, con cada carta que escriben, comienzan a desarrollar una amistad tan profunda que al final se convierte en amor. Pero las cosas no son tan simples, Jonathan y Kurl tendr\u00e1n que enfrentarse a la homofobia, al\u00a0<em>bullying<\/em>\u00a0y a los oscuros secretos familiares que los rodean, para defender su relaci\u00f3n y protegerse entre ellos.<\/p>\n<p>Una hermosa novela que celebra el amor y la vida con personajes conmovedores y un lenguaje asombroso.<\/p>\n","protected":false},"excerpt":{"rendered":"<h2>Sarah Henstra<\/h2>\n","protected":false},"featured_media":1436,"template":"","meta":{"_joinchat":[]},"product_brand":[],"product_cat":[52,38,51],"product_tag":[45],"class_list":{"0":"post-1435","1":"product","2":"type-product","3":"status-publish","4":"has-post-thumbnail","6":"product_cat-juvenil","7":"product_cat-lgbtq","8":"product_cat-oferta","9":"product_tag-planeta","11":"first","12":"instock","13":"sale","14":"shipping-taxable","15":"purchasable","16":"product-type-simple"},"_links":{"self":[{"href":"https:\/\/libreriahistoriasdebolsillo.com\/index.php\/wp-json\/wp\/v2\/product\/1435","targetHints":{"allow":["GET"]}}],"collection":[{"href":"https:\/\/libreriahistoriasdebolsillo.com\/index.php\/wp-json\/wp\/v2\/product"}],"about":[{"href":"https:\/\/libreriahistoriasdebolsillo.com\/index.php\/wp-json\/wp\/v2\/types\/product"}],"wp:featuredmedia":[{"embeddable":true,"href":"https:\/\/libreriahistoriasdebolsillo.com\/index.php\/wp-json\/wp\/v2\/media\/1436"}],"wp:attachment":[{"href":"https:\/\/libreriahistoriasdebolsillo.com\/index.php\/wp-json\/wp\/v2\/media?parent=1435"}],"wp:term":[{"taxonomy":"product_brand","embeddable":true,"href":"https:\/\/libreriahistoriasdebolsillo.com\/index.php\/wp-json\/wp\/v2\/product_brand?post=1435"},{"taxonomy":"product_cat","embeddable":true,"href":"https:\/\/libreriahistoriasdebolsillo.com\/index.php\/wp-json\/wp\/v2\/product_cat?post=1435"},{"taxonomy":"product_tag","embeddable":true,"href":"https:\/\/libreriahistoriasdebolsillo.com\/index.php\/wp-json\/wp\/v2\/product_tag?post=1435"}],"curies":[{"name":"wp","href":"https:\/\/api.w.org\/{rel}","templated":true}]}}