{"id":1443,"date":"2023-11-21T18:53:09","date_gmt":"2023-11-22T00:53:09","guid":{"rendered":"https:\/\/libreriahistoriasdebolsillo.com\/?post_type=product&#038;p=1443"},"modified":"2025-02-14T16:00:28","modified_gmt":"2025-02-14T22:00:28","slug":"que-nos-hace-humanos-2","status":"publish","type":"product","link":"https:\/\/libreriahistoriasdebolsillo.com\/index.php\/producto\/que-nos-hace-humanos-2\/","title":{"rendered":"Que nos hace humanos"},"content":{"rendered":"<p>LO PRIMERO QUE QUERR\u00e1S SABER DE M\u00ed ES SI SOY UN CHICO O UNA CHICA A veces, me siento un chico. A veces, me siento una chica. Cr\u00e9anme, tener un padre congresista que est\u00e1 en medio de una campa\u00f1a para la reelecci\u00f3n y vivir en uno de los condados m\u00e1s conservadores de los Estados Unidos no es nada f\u00e1cil para gente como yo. ?QU\u00e9 SOY? UN SER HUMANO. ?C\u00f3MO ME VEN? ?POR QU\u00e9 NO ME LO CUENTAS T\u00fa??<\/p>\n","protected":false},"excerpt":{"rendered":"<p>Garvin Jeff<\/p>\n","protected":false},"featured_media":1444,"template":"","meta":{"_joinchat":[]},"product_brand":[],"product_cat":[52,38],"product_tag":[48],"class_list":{"0":"post-1443","1":"product","2":"type-product","3":"status-publish","4":"has-post-thumbnail","6":"product_cat-juvenil","7":"product_cat-lgbtq","8":"product_tag-vr-editoras","10":"first","11":"outofstock","12":"shipping-taxable","13":"purchasable","14":"product-type-simple"},"_links":{"self":[{"href":"https:\/\/libreriahistoriasdebolsillo.com\/index.php\/wp-json\/wp\/v2\/product\/1443","targetHints":{"allow":["GET"]}}],"collection":[{"href":"https:\/\/libreriahistoriasdebolsillo.com\/index.php\/wp-json\/wp\/v2\/product"}],"about":[{"href":"https:\/\/libreriahistoriasdebolsillo.com\/index.php\/wp-json\/wp\/v2\/types\/product"}],"wp:featuredmedia":[{"embeddable":true,"href":"https:\/\/libreriahistoriasdebolsillo.com\/index.php\/wp-json\/wp\/v2\/media\/1444"}],"wp:attachment":[{"href":"https:\/\/libreriahistoriasdebolsillo.com\/index.php\/wp-json\/wp\/v2\/media?parent=1443"}],"wp:term":[{"taxonomy":"product_brand","embeddable":true,"href":"https:\/\/libreriahistoriasdebolsillo.com\/index.php\/wp-json\/wp\/v2\/product_brand?post=1443"},{"taxonomy":"product_cat","embeddable":true,"href":"https:\/\/libreriahistoriasdebolsillo.com\/index.php\/wp-json\/wp\/v2\/product_cat?post=1443"},{"taxonomy":"product_tag","embeddable":true,"href":"https:\/\/libreriahistoriasdebolsillo.com\/index.php\/wp-json\/wp\/v2\/product_tag?post=1443"}],"curies":[{"name":"wp","href":"https:\/\/api.w.org\/{rel}","templated":true}]}}