{"id":1449,"date":"2023-11-21T18:59:37","date_gmt":"2023-11-22T00:59:37","guid":{"rendered":"https:\/\/libreriahistoriasdebolsillo.com\/?post_type=product&#038;p=1449"},"modified":"2025-10-29T13:44:52","modified_gmt":"2025-10-29T19:44:52","slug":"el-ultimo-juramento","status":"publish","type":"product","link":"https:\/\/libreriahistoriasdebolsillo.com\/index.php\/producto\/el-ultimo-juramento\/","title":{"rendered":"El \u00faltimo juramento 1"},"content":{"rendered":"<p>Cuando Robin Blyth hereda un aburrido puesto en el Ministerio del Interior, cree que ahora su vida se reducir\u00e1 a sellar papeles. No puede estar m\u00e1s equivocado.<\/p>\n<p>El mismo d\u00eda que el antip\u00e1tico Edwin Courcey le revela a Robin que la magia existe y que ahora \u00e9l, un baronet ca\u00eddo en desgracia, es el v\u00ednculo entre el mundo m\u00e1gico y el no m\u00e1gico, tambi\u00e9n conoce su perdici\u00f3n\u2026<\/p>\n<p>Cuando magos oscuros lo maldicen para que les entregue el \u00faltimo juramento, Robin deber\u00e1 insertarse en un mundo totalmente desconocido y lleno de peligros para encontrarlo. Afortunadamente, Edwin estar\u00e1 de su lado. Y, aunque no sea el m\u00e1s poderoso de los magos, es erudito y brillante, y sexy\u2026 Por desgracia, la maldici\u00f3n avanza y terribles visiones no dejan de acecharlo. \u00bfPodr\u00e1n hacer algo antes de que lo consuman?<\/p>\n<p><strong>EST\u00c1S A UN PASO DE TU ILUMINACI\u00d3N. BIENVENIDOS A LA B\u00daSQUEDA DEL \u00daLTIMO JURAMENTO.<\/strong><\/p>\n","protected":false},"excerpt":{"rendered":"<p>Freya Marske<\/p>\n","protected":false},"featured_media":1451,"template":"","meta":{"_joinchat":[]},"product_brand":[],"product_cat":[52,38],"product_tag":[48],"class_list":{"0":"post-1449","1":"product","2":"type-product","3":"status-publish","4":"has-post-thumbnail","6":"product_cat-juvenil","7":"product_cat-lgbtq","8":"product_tag-vr-editoras","10":"first","11":"instock","12":"shipping-taxable","13":"purchasable","14":"product-type-simple"},"_links":{"self":[{"href":"https:\/\/libreriahistoriasdebolsillo.com\/index.php\/wp-json\/wp\/v2\/product\/1449","targetHints":{"allow":["GET"]}}],"collection":[{"href":"https:\/\/libreriahistoriasdebolsillo.com\/index.php\/wp-json\/wp\/v2\/product"}],"about":[{"href":"https:\/\/libreriahistoriasdebolsillo.com\/index.php\/wp-json\/wp\/v2\/types\/product"}],"wp:featuredmedia":[{"embeddable":true,"href":"https:\/\/libreriahistoriasdebolsillo.com\/index.php\/wp-json\/wp\/v2\/media\/1451"}],"wp:attachment":[{"href":"https:\/\/libreriahistoriasdebolsillo.com\/index.php\/wp-json\/wp\/v2\/media?parent=1449"}],"wp:term":[{"taxonomy":"product_brand","embeddable":true,"href":"https:\/\/libreriahistoriasdebolsillo.com\/index.php\/wp-json\/wp\/v2\/product_brand?post=1449"},{"taxonomy":"product_cat","embeddable":true,"href":"https:\/\/libreriahistoriasdebolsillo.com\/index.php\/wp-json\/wp\/v2\/product_cat?post=1449"},{"taxonomy":"product_tag","embeddable":true,"href":"https:\/\/libreriahistoriasdebolsillo.com\/index.php\/wp-json\/wp\/v2\/product_tag?post=1449"}],"curies":[{"name":"wp","href":"https:\/\/api.w.org\/{rel}","templated":true}]}}