{"id":1452,"date":"2023-11-21T19:01:40","date_gmt":"2023-11-22T01:01:40","guid":{"rendered":"https:\/\/libreriahistoriasdebolsillo.com\/?post_type=product&#038;p=1452"},"modified":"2023-12-23T17:30:07","modified_gmt":"2023-12-23T23:30:07","slug":"el-significado-de-perderte","status":"publish","type":"product","link":"https:\/\/libreriahistoriasdebolsillo.com\/index.php\/producto\/el-significado-de-perderte\/","title":{"rendered":"El significado de perderte"},"content":{"rendered":"<p><strong>El significado de perderte<\/strong>\u00a0\u00abUna fascinante novela sobre la emoci\u00f3n del amor de juventud y la angustia de la primera p\u00e9rdida. Este libro te har\u00e1 pedazos, pero tambi\u00e9n te sanar\u00e1\u00bb. Julie Murphy, autora de Ramona Blue.<\/p>\n<p><strong>ANTES\u00a0<\/strong>Desde que muri\u00f3 su padre, Jess est\u00e1 muy enojada con el mundo, pero cuando conoce a Vivi todo cambia, pues ella la ayuda a lidiar con el dolor y la furia a trav\u00e9s del arte, la gran pasi\u00f3n de Jess. Ambas se enamoran y de pronto el futuro parece un lienzo en blanco lleno de posibilidades.<\/p>\n<p><strong>DESPU\u00c9S\u00a0<\/strong>Vivi muere de manera inesperada y ese futuro que parec\u00eda perfecto se desvanece. Jess aleja a todos los que la rodean y deja en el pasado esos planes que imagin\u00f3 con la ayuda de su novia. Vivi era su inspiraci\u00f3n y ahora que ya no est\u00e1 \u00bfqu\u00e9 queda? Justo cuando est\u00e1 a punto de tocar fondo conoce a alguien que la ayuda a canalizar su enojo, su pasi\u00f3n y su creatividad.<br \/>\nEn esta incre\u00edble y dolorosa historia, el pasado y el presente se entretejen para mostrarnos c\u00f3mo podemos volver a sentirnos completos cuando hemos perdido lo que cre\u00edamos m\u00e1s importante.<\/p>\n","protected":false},"excerpt":{"rendered":"<p>Jaye Robin Brown<\/p>\n","protected":false},"featured_media":1453,"template":"","meta":{"_joinchat":[]},"product_brand":[],"product_cat":[52,38,51],"product_tag":[45],"class_list":{"0":"post-1452","1":"product","2":"type-product","3":"status-publish","4":"has-post-thumbnail","6":"product_cat-juvenil","7":"product_cat-lgbtq","8":"product_cat-oferta","9":"product_tag-planeta","11":"first","12":"outofstock","13":"sale","14":"shipping-taxable","15":"purchasable","16":"product-type-simple"},"_links":{"self":[{"href":"https:\/\/libreriahistoriasdebolsillo.com\/index.php\/wp-json\/wp\/v2\/product\/1452","targetHints":{"allow":["GET"]}}],"collection":[{"href":"https:\/\/libreriahistoriasdebolsillo.com\/index.php\/wp-json\/wp\/v2\/product"}],"about":[{"href":"https:\/\/libreriahistoriasdebolsillo.com\/index.php\/wp-json\/wp\/v2\/types\/product"}],"wp:featuredmedia":[{"embeddable":true,"href":"https:\/\/libreriahistoriasdebolsillo.com\/index.php\/wp-json\/wp\/v2\/media\/1453"}],"wp:attachment":[{"href":"https:\/\/libreriahistoriasdebolsillo.com\/index.php\/wp-json\/wp\/v2\/media?parent=1452"}],"wp:term":[{"taxonomy":"product_brand","embeddable":true,"href":"https:\/\/libreriahistoriasdebolsillo.com\/index.php\/wp-json\/wp\/v2\/product_brand?post=1452"},{"taxonomy":"product_cat","embeddable":true,"href":"https:\/\/libreriahistoriasdebolsillo.com\/index.php\/wp-json\/wp\/v2\/product_cat?post=1452"},{"taxonomy":"product_tag","embeddable":true,"href":"https:\/\/libreriahistoriasdebolsillo.com\/index.php\/wp-json\/wp\/v2\/product_tag?post=1452"}],"curies":[{"name":"wp","href":"https:\/\/api.w.org\/{rel}","templated":true}]}}