{"id":1454,"date":"2023-11-21T19:03:32","date_gmt":"2023-11-22T01:03:32","guid":{"rendered":"https:\/\/libreriahistoriasdebolsillo.com\/?post_type=product&#038;p=1454"},"modified":"2025-11-21T15:25:22","modified_gmt":"2025-11-21T21:25:22","slug":"sangre-joven","status":"publish","type":"product","link":"https:\/\/libreriahistoriasdebolsillo.com\/index.php\/producto\/sangre-joven\/","title":{"rendered":"Sangre joven"},"content":{"rendered":"<p><b>L<\/b><b>a preparatoria es un asco<\/b><b>.<\/b>\u00a0<b>E<\/b><b>specialmente para los vampiros.<\/b><\/p>\n<p>Kat Finn no conoce a m\u00e1s vampiros que su mam\u00e1. Ambas, que viven entre humanos, no pueden llegar a fin de mes. Como todos los vampiros, beben hema,\u00a0<b>un sustituto artificial de la sangre<\/b>, para sobrevivir, ya que casi toda la humanidad ha sido infectada por un virus, con lo que\u00a0<b>la sangre humana es fatal para los vampiros<\/b>. Kat cree que todo mejorar\u00eda si la admitieran en Harcote, la preparatoria de \u00e9lite para j\u00f3venes vampiros. Esto les asegurar\u00edaun futuro, sobre todo cuando descubre que\u00a0<b>un misterioso benefactor\u00a0<\/b>ha decidido cubrir todos los gastos que pueda tener.<\/p>\n<p>Taylor Sanger creci\u00f3 en el rico mundo de los vampiros, pero est\u00e1 cansada de sus valores conservadores y retr\u00f3grados. Va a empezar su tercer a\u00f1o en Harcote, y no solo es que sea duro rodearse de vampiros con los que no parece tener nada en com\u00fan, sino que adem\u00e1s se siente fuera de lugar debido a\u00a0<b>su sexualidad<\/b>. Solo tiene que sufrir dos a\u00f1os m\u00e1s de Harcote antes de ser libre. Pero cuando descubre que su nueva compa\u00f1era de cuarto es Kat Finn, se horroriza. Porque ella y Kat sol\u00edan ser mejores amigas hace mucho tiempo, yno termin\u00f3 bien. Cuando Taylor tropieza con el cad\u00e1ver de un vampiro y Kat hace un descubrimiento impactante en los archivos de la escuela, ambas se percatan de que hay secretos profundos en Harcote; secretos que las vinculan con las figuras m\u00e1s poderosas del<b>c\u00edrculo vamp\u00edrico<\/b>.<\/p>\n","protected":false},"excerpt":{"rendered":"<p>Sasha Laurens<\/p>\n","protected":false},"featured_media":1457,"template":"","meta":{"_joinchat":[]},"product_brand":[],"product_cat":[79,39,52,38,51],"product_tag":[34],"class_list":{"0":"post-1454","1":"product","2":"type-product","3":"status-publish","4":"has-post-thumbnail","6":"product_cat-campana-punto-naranja","7":"product_cat-fantasia","8":"product_cat-juvenil","9":"product_cat-lgbtq","10":"product_cat-oferta","11":"product_tag-penguin-random-house","13":"first","14":"instock","15":"sale","16":"shipping-taxable","17":"purchasable","18":"product-type-simple"},"_links":{"self":[{"href":"https:\/\/libreriahistoriasdebolsillo.com\/index.php\/wp-json\/wp\/v2\/product\/1454","targetHints":{"allow":["GET"]}}],"collection":[{"href":"https:\/\/libreriahistoriasdebolsillo.com\/index.php\/wp-json\/wp\/v2\/product"}],"about":[{"href":"https:\/\/libreriahistoriasdebolsillo.com\/index.php\/wp-json\/wp\/v2\/types\/product"}],"wp:featuredmedia":[{"embeddable":true,"href":"https:\/\/libreriahistoriasdebolsillo.com\/index.php\/wp-json\/wp\/v2\/media\/1457"}],"wp:attachment":[{"href":"https:\/\/libreriahistoriasdebolsillo.com\/index.php\/wp-json\/wp\/v2\/media?parent=1454"}],"wp:term":[{"taxonomy":"product_brand","embeddable":true,"href":"https:\/\/libreriahistoriasdebolsillo.com\/index.php\/wp-json\/wp\/v2\/product_brand?post=1454"},{"taxonomy":"product_cat","embeddable":true,"href":"https:\/\/libreriahistoriasdebolsillo.com\/index.php\/wp-json\/wp\/v2\/product_cat?post=1454"},{"taxonomy":"product_tag","embeddable":true,"href":"https:\/\/libreriahistoriasdebolsillo.com\/index.php\/wp-json\/wp\/v2\/product_tag?post=1454"}],"curies":[{"name":"wp","href":"https:\/\/api.w.org\/{rel}","templated":true}]}}