{"id":1458,"date":"2023-11-21T19:05:39","date_gmt":"2023-11-22T01:05:39","guid":{"rendered":"https:\/\/libreriahistoriasdebolsillo.com\/?post_type=product&#038;p=1458"},"modified":"2025-02-14T17:38:39","modified_gmt":"2025-02-14T23:38:39","slug":"si-nos-descubren","status":"publish","type":"product","link":"https:\/\/libreriahistoriasdebolsillo.com\/index.php\/producto\/si-nos-descubren\/","title":{"rendered":"Si nos descubren"},"content":{"rendered":"<p><strong>SATURDAY ES LA BOYBAND DEL MOMENTO.<\/strong><\/p>\n<p>Y sus integrantes, Ruben, Zach, Angel y Jon, son los due\u00f1os del coraz\u00f3n de todo el pa\u00eds.<\/p>\n<p>Pero, tras bambalinas, el peso de la fama los est\u00e1 aplastando y la relaci\u00f3n id\u00edlica que tienen frente a las c\u00e1maras no hace m\u00e1s que resquebrajarse.<\/p>\n<p>Para Ruben es especialmente dif\u00edcil, porque el precio del estrellato lo obliga a permanecer en el cl\u00f3set. Y es en Zach en quien conf\u00eda para desahogarse.<\/p>\n<p>Durante una gira por Europa, su amistad, cada vez m\u00e1s cercana y codependiente, empieza a tomar tintes rom\u00e1nticos. Pero, cuando se sienten preparados para cont\u00e1rselo al mundo, lo comprenden: nadie va a apoyarlos.<\/p>\n<p><strong><em>SI SE DESCUBRE, PERDER\u00c1N A SUS REPRESENTANTES.<br \/>\n<\/em><\/strong><strong><em>SI SE DESCUBRE, SER\u00c1N LA DECEPCI\u00d3N DE SUS FAN\u00c1TICOS.<br \/>\n<\/em><\/strong><strong><em>SI SE DESUBRE, PODR\u00cdA SER EL FIN DE SATURDAY.<\/em><\/strong><strong><em>\u00a0<\/em><\/strong><\/p>\n<p>En un mundo en el que la fama y el fanatismo tienen m\u00e1s peso que las emociones reales, \u00bfc\u00f3mo podr\u00e1n ser ellos mismos?<\/p>\n","protected":false},"excerpt":{"rendered":"<p>Sophie Gonzales y Cale Dietrich<\/p>\n","protected":false},"featured_media":1460,"template":"","meta":{"_joinchat":[]},"product_brand":[],"product_cat":[52,38],"product_tag":[48],"class_list":{"0":"post-1458","1":"product","2":"type-product","3":"status-publish","4":"has-post-thumbnail","6":"product_cat-juvenil","7":"product_cat-lgbtq","8":"product_tag-vr-editoras","10":"first","11":"instock","12":"shipping-taxable","13":"purchasable","14":"product-type-simple"},"_links":{"self":[{"href":"https:\/\/libreriahistoriasdebolsillo.com\/index.php\/wp-json\/wp\/v2\/product\/1458","targetHints":{"allow":["GET"]}}],"collection":[{"href":"https:\/\/libreriahistoriasdebolsillo.com\/index.php\/wp-json\/wp\/v2\/product"}],"about":[{"href":"https:\/\/libreriahistoriasdebolsillo.com\/index.php\/wp-json\/wp\/v2\/types\/product"}],"wp:featuredmedia":[{"embeddable":true,"href":"https:\/\/libreriahistoriasdebolsillo.com\/index.php\/wp-json\/wp\/v2\/media\/1460"}],"wp:attachment":[{"href":"https:\/\/libreriahistoriasdebolsillo.com\/index.php\/wp-json\/wp\/v2\/media?parent=1458"}],"wp:term":[{"taxonomy":"product_brand","embeddable":true,"href":"https:\/\/libreriahistoriasdebolsillo.com\/index.php\/wp-json\/wp\/v2\/product_brand?post=1458"},{"taxonomy":"product_cat","embeddable":true,"href":"https:\/\/libreriahistoriasdebolsillo.com\/index.php\/wp-json\/wp\/v2\/product_cat?post=1458"},{"taxonomy":"product_tag","embeddable":true,"href":"https:\/\/libreriahistoriasdebolsillo.com\/index.php\/wp-json\/wp\/v2\/product_tag?post=1458"}],"curies":[{"name":"wp","href":"https:\/\/api.w.org\/{rel}","templated":true}]}}