{"id":1461,"date":"2023-11-21T19:07:22","date_gmt":"2023-11-22T01:07:22","guid":{"rendered":"https:\/\/libreriahistoriasdebolsillo.com\/?post_type=product&#038;p=1461"},"modified":"2024-01-26T10:59:13","modified_gmt":"2024-01-26T16:59:13","slug":"esos-monstruos-a-los-que-amamos","status":"publish","type":"product","link":"https:\/\/libreriahistoriasdebolsillo.com\/index.php\/producto\/esos-monstruos-a-los-que-amamos\/","title":{"rendered":"Esos monstruos a los que amamos"},"content":{"rendered":"<p><strong>UNA CHICA, UN VAMPIRO,<br \/>\n<\/strong><strong>Y UN VIAJE DE DESPEDIDA.<\/strong><\/p>\n<p><strong>\u00a0<\/strong>Cassie necesita llegar a Texas, cueste lo que cueste. Tiene que llegar a Nora antes de que ingrese a rehabilitaci\u00f3n. Tiene que decirle a su mejor amiga lo que realmente siente por ella.<br \/>\nTiene que hacerlo, incluso si eso significa embarcarse en un viaje a lo largo del pa\u00eds con el exc\u00e9ntrico y encantador Henry Buckley.<br \/>\n\u00c9l acepta, con dos condiciones:<\/p>\n<ol>\n<li>\u00c9l conducir\u00e1 de noche y Cass durante el d\u00eda. Sin excepci\u00f3n.<\/li>\n<li>Cass tiene que comer. Sin discusiones.<\/li>\n<\/ol>\n<p>Entonces se ponen en marcha. Ella con el coraz\u00f3n lleno de ilusi\u00f3n y hambre. \u00c9l, con ansia de sangre, pero sobre todo de venganza.<br \/>\nCada kil\u00f3metro los acercar\u00e1 m\u00e1s a su destino y a los monstruosos secretos que ambos guardan, en esta adorable historia de amor, p\u00e9rdida y esperanza.<\/p>\n","protected":false},"excerpt":{"rendered":"<p>Andrea Tom\u00e9<\/p>\n","protected":false},"featured_media":1463,"template":"","meta":{"_joinchat":[]},"product_brand":[],"product_cat":[39,52,38],"product_tag":[48],"class_list":{"0":"post-1461","1":"product","2":"type-product","3":"status-publish","4":"has-post-thumbnail","6":"product_cat-fantasia","7":"product_cat-juvenil","8":"product_cat-lgbtq","9":"product_tag-vr-editoras","11":"first","12":"instock","13":"shipping-taxable","14":"purchasable","15":"product-type-simple"},"_links":{"self":[{"href":"https:\/\/libreriahistoriasdebolsillo.com\/index.php\/wp-json\/wp\/v2\/product\/1461","targetHints":{"allow":["GET"]}}],"collection":[{"href":"https:\/\/libreriahistoriasdebolsillo.com\/index.php\/wp-json\/wp\/v2\/product"}],"about":[{"href":"https:\/\/libreriahistoriasdebolsillo.com\/index.php\/wp-json\/wp\/v2\/types\/product"}],"wp:featuredmedia":[{"embeddable":true,"href":"https:\/\/libreriahistoriasdebolsillo.com\/index.php\/wp-json\/wp\/v2\/media\/1463"}],"wp:attachment":[{"href":"https:\/\/libreriahistoriasdebolsillo.com\/index.php\/wp-json\/wp\/v2\/media?parent=1461"}],"wp:term":[{"taxonomy":"product_brand","embeddable":true,"href":"https:\/\/libreriahistoriasdebolsillo.com\/index.php\/wp-json\/wp\/v2\/product_brand?post=1461"},{"taxonomy":"product_cat","embeddable":true,"href":"https:\/\/libreriahistoriasdebolsillo.com\/index.php\/wp-json\/wp\/v2\/product_cat?post=1461"},{"taxonomy":"product_tag","embeddable":true,"href":"https:\/\/libreriahistoriasdebolsillo.com\/index.php\/wp-json\/wp\/v2\/product_tag?post=1461"}],"curies":[{"name":"wp","href":"https:\/\/api.w.org\/{rel}","templated":true}]}}