{"id":1464,"date":"2023-11-21T19:08:57","date_gmt":"2023-11-22T01:08:57","guid":{"rendered":"https:\/\/libreriahistoriasdebolsillo.com\/?post_type=product&#038;p=1464"},"modified":"2024-01-26T10:47:26","modified_gmt":"2024-01-26T16:47:26","slug":"la-logica-inexplicable-de-mi-vida","status":"publish","type":"product","link":"https:\/\/libreriahistoriasdebolsillo.com\/index.php\/producto\/la-logica-inexplicable-de-mi-vida\/","title":{"rendered":"La l\u00f3gica inexplicable de mi vida"},"content":{"rendered":"<p>Durante toda mi vida me sent\u00ed seguro de todo. Tengo al mejor pap\u00e1 que alguien podr\u00eda pedir. Mi familia, de ra\u00edces mexicanas, siempre estuvo ah\u00ed. Samantha y Fito, mis mejores amigos, son simplemente eso: los mejores. Al menos para mi. Pero hay algo que me perturba. Y s\u00e9 que todo est\u00e1 a punto de cambiar para siempre. Tal vez de eso se trate la vida, de cambiar, crecer, arriesgarnos. Pero necesito encontrarle una l\u00f3gica, un sentido, antes de perderme en mi mismo. \u00bfQui\u00e9n soy? \u00bfPor qu\u00e9 me siento as\u00ed? Espero descubrirlo pronto.<\/p>\n","protected":false},"excerpt":{"rendered":"<p>Benjamin Alire Saenz<\/p>\n","protected":false},"featured_media":1465,"template":"","meta":{"_joinchat":[]},"product_brand":[],"product_cat":[52,38],"product_tag":[48],"class_list":{"0":"post-1464","1":"product","2":"type-product","3":"status-publish","4":"has-post-thumbnail","6":"product_cat-juvenil","7":"product_cat-lgbtq","8":"product_tag-vr-editoras","10":"first","11":"instock","12":"shipping-taxable","13":"purchasable","14":"product-type-simple"},"_links":{"self":[{"href":"https:\/\/libreriahistoriasdebolsillo.com\/index.php\/wp-json\/wp\/v2\/product\/1464","targetHints":{"allow":["GET"]}}],"collection":[{"href":"https:\/\/libreriahistoriasdebolsillo.com\/index.php\/wp-json\/wp\/v2\/product"}],"about":[{"href":"https:\/\/libreriahistoriasdebolsillo.com\/index.php\/wp-json\/wp\/v2\/types\/product"}],"wp:featuredmedia":[{"embeddable":true,"href":"https:\/\/libreriahistoriasdebolsillo.com\/index.php\/wp-json\/wp\/v2\/media\/1465"}],"wp:attachment":[{"href":"https:\/\/libreriahistoriasdebolsillo.com\/index.php\/wp-json\/wp\/v2\/media?parent=1464"}],"wp:term":[{"taxonomy":"product_brand","embeddable":true,"href":"https:\/\/libreriahistoriasdebolsillo.com\/index.php\/wp-json\/wp\/v2\/product_brand?post=1464"},{"taxonomy":"product_cat","embeddable":true,"href":"https:\/\/libreriahistoriasdebolsillo.com\/index.php\/wp-json\/wp\/v2\/product_cat?post=1464"},{"taxonomy":"product_tag","embeddable":true,"href":"https:\/\/libreriahistoriasdebolsillo.com\/index.php\/wp-json\/wp\/v2\/product_tag?post=1464"}],"curies":[{"name":"wp","href":"https:\/\/api.w.org\/{rel}","templated":true}]}}