{"id":1468,"date":"2023-11-21T19:12:47","date_gmt":"2023-11-22T01:12:47","guid":{"rendered":"https:\/\/libreriahistoriasdebolsillo.com\/?post_type=product&#038;p=1468"},"modified":"2023-11-21T19:12:48","modified_gmt":"2023-11-22T01:12:48","slug":"estas-brujas-no-se-rinden-2","status":"publish","type":"product","link":"https:\/\/libreriahistoriasdebolsillo.com\/index.php\/producto\/estas-brujas-no-se-rinden-2\/","title":{"rendered":"Estas brujas no se rinden. 2"},"content":{"rendered":"<p>Tras los ataques de un par de meses atr\u00e1s, Hannah solo quiere disfrutar de su \u00faltimo a\u00f1o de secundaria, salir con sus amigos, coquetear con su nueva chica, Morgan. Pero los cazadores est\u00e1n determinados a terminar con la magia. Y cuando brujas en todo el pa\u00eds comienzan a perder sus poderes, Hannah sabe que se trata de un nuevo ataque y que tendr\u00e1 que actuar, al fin y al cabo, es una de las pocas que ha enfrentado a un cazador y salido con sus poderes intactos.<\/p>\n<p>O eso cree todo el mundo\u2026 Porque, aunque trate de ocultarlo, hacer magia se ha vuelto una agon\u00eda para ella. Y solo uni\u00e9ndose a Morgan es capaz de utilizar su poder, pero \u00bfser\u00e1 suficiente?<\/p>\n<p>Con los cazadores cada vez m\u00e1s cerca de su objetivo\u2026<\/p>\n<p><strong>\u00bfPODR\u00c1N LAS BRUJAS DE SALEM DAR PELEA?<br \/>\n<\/strong><strong>\u00bfPODR\u00c1N EVITAR QUE SE PIERDA LA MAGIA PARA SIEMPRE?<\/strong><\/p>\n","protected":false},"excerpt":{"rendered":"<p>Isabel Sterling<\/p>\n","protected":false},"featured_media":1470,"template":"","meta":{"_joinchat":[]},"product_brand":[],"product_cat":[39,52,38],"product_tag":[48],"class_list":{"0":"post-1468","1":"product","2":"type-product","3":"status-publish","4":"has-post-thumbnail","6":"product_cat-fantasia","7":"product_cat-juvenil","8":"product_cat-lgbtq","9":"product_tag-vr-editoras","11":"first","12":"instock","13":"shipping-taxable","14":"purchasable","15":"product-type-simple"},"_links":{"self":[{"href":"https:\/\/libreriahistoriasdebolsillo.com\/index.php\/wp-json\/wp\/v2\/product\/1468","targetHints":{"allow":["GET"]}}],"collection":[{"href":"https:\/\/libreriahistoriasdebolsillo.com\/index.php\/wp-json\/wp\/v2\/product"}],"about":[{"href":"https:\/\/libreriahistoriasdebolsillo.com\/index.php\/wp-json\/wp\/v2\/types\/product"}],"wp:featuredmedia":[{"embeddable":true,"href":"https:\/\/libreriahistoriasdebolsillo.com\/index.php\/wp-json\/wp\/v2\/media\/1470"}],"wp:attachment":[{"href":"https:\/\/libreriahistoriasdebolsillo.com\/index.php\/wp-json\/wp\/v2\/media?parent=1468"}],"wp:term":[{"taxonomy":"product_brand","embeddable":true,"href":"https:\/\/libreriahistoriasdebolsillo.com\/index.php\/wp-json\/wp\/v2\/product_brand?post=1468"},{"taxonomy":"product_cat","embeddable":true,"href":"https:\/\/libreriahistoriasdebolsillo.com\/index.php\/wp-json\/wp\/v2\/product_cat?post=1468"},{"taxonomy":"product_tag","embeddable":true,"href":"https:\/\/libreriahistoriasdebolsillo.com\/index.php\/wp-json\/wp\/v2\/product_tag?post=1468"}],"curies":[{"name":"wp","href":"https:\/\/api.w.org\/{rel}","templated":true}]}}