{"id":1471,"date":"2023-11-21T19:14:20","date_gmt":"2023-11-22T01:14:20","guid":{"rendered":"https:\/\/libreriahistoriasdebolsillo.com\/?post_type=product&#038;p=1471"},"modified":"2024-05-17T18:35:53","modified_gmt":"2024-05-18T00:35:53","slug":"la-teoria-de-lo-perfecto","status":"publish","type":"product","link":"https:\/\/libreriahistoriasdebolsillo.com\/index.php\/producto\/la-teoria-de-lo-perfecto\/","title":{"rendered":"La teor\u00eda de lo perfecto"},"content":{"rendered":"<p><strong><em>Darcy es especialista en relaciones\u2026<br \/>\n<\/em><\/strong><strong><em>\u2026 a excepci\u00f3n de las propias.<\/em><\/strong><\/p>\n<p><strong>\u00a0<\/strong>Cuando Brougham la atrapa recolectando las cartas del m\u00edtico casillero 89, en el que Darcy opera su negocio secreto de consejos rom\u00e1nticos, surge el chantaje: o ella lo ayuda a recuperar a su exnovia o la delatar\u00e1.<\/p>\n<p>Y Darcy no puede permitir que su identidad se haga p\u00fablica, porque muchas cosas saldr\u00edan a la luz y habr\u00eda muchas chances de que Brooke, su mejor amiga y crush-secreto-que-ama-a-alguien-m\u00e1s, ya no vuelva a hablarle.<\/p>\n<p>As\u00ed que\u2026 si todo lo que tiene que hacer es ayudar a un chico grosero y engre\u00eddo (e irritantemente atractivo) a conquistar a una chica que ya se enamor\u00f3 de \u00e9l alguna vez\u2026<\/p>\n<p><strong><em>\u00bfQu\u00e9 podr\u00eda salir mal?<\/em><\/strong><\/p>\n","protected":false},"excerpt":{"rendered":"<p>Sophie Gonzales<\/p>\n","protected":false},"featured_media":1472,"template":"","meta":{"_joinchat":[]},"product_brand":[],"product_cat":[52,38],"product_tag":[48],"class_list":{"0":"post-1471","1":"product","2":"type-product","3":"status-publish","4":"has-post-thumbnail","6":"product_cat-juvenil","7":"product_cat-lgbtq","8":"product_tag-vr-editoras","10":"first","11":"instock","12":"shipping-taxable","13":"purchasable","14":"product-type-simple"},"_links":{"self":[{"href":"https:\/\/libreriahistoriasdebolsillo.com\/index.php\/wp-json\/wp\/v2\/product\/1471","targetHints":{"allow":["GET"]}}],"collection":[{"href":"https:\/\/libreriahistoriasdebolsillo.com\/index.php\/wp-json\/wp\/v2\/product"}],"about":[{"href":"https:\/\/libreriahistoriasdebolsillo.com\/index.php\/wp-json\/wp\/v2\/types\/product"}],"wp:featuredmedia":[{"embeddable":true,"href":"https:\/\/libreriahistoriasdebolsillo.com\/index.php\/wp-json\/wp\/v2\/media\/1472"}],"wp:attachment":[{"href":"https:\/\/libreriahistoriasdebolsillo.com\/index.php\/wp-json\/wp\/v2\/media?parent=1471"}],"wp:term":[{"taxonomy":"product_brand","embeddable":true,"href":"https:\/\/libreriahistoriasdebolsillo.com\/index.php\/wp-json\/wp\/v2\/product_brand?post=1471"},{"taxonomy":"product_cat","embeddable":true,"href":"https:\/\/libreriahistoriasdebolsillo.com\/index.php\/wp-json\/wp\/v2\/product_cat?post=1471"},{"taxonomy":"product_tag","embeddable":true,"href":"https:\/\/libreriahistoriasdebolsillo.com\/index.php\/wp-json\/wp\/v2\/product_tag?post=1471"}],"curies":[{"name":"wp","href":"https:\/\/api.w.org\/{rel}","templated":true}]}}