{"id":1476,"date":"2023-11-21T19:18:03","date_gmt":"2023-11-22T01:18:03","guid":{"rendered":"https:\/\/libreriahistoriasdebolsillo.com\/?post_type=product&#038;p=1476"},"modified":"2025-03-03T17:22:28","modified_gmt":"2025-03-03T23:22:28","slug":"las-brujas-de-su-majestad","status":"publish","type":"product","link":"https:\/\/libreriahistoriasdebolsillo.com\/index.php\/producto\/las-brujas-de-su-majestad\/","title":{"rendered":"Las brujas de su majestad"},"content":{"rendered":"<p><b>ENTRE NOSOTROS SE OCULTA UN AQUELARRE SECRETO DE BRUJAS.<\/b><\/p>\n<p>Conocidas como el Real Aquelarre de Su Majestad, protegen a la Corona y a su pa\u00eds de las fuerzas m\u00e1gicas y de las entidades malignas sobrenaturales.<\/p>\n<p>Pero su peor enemigo viene de dentro.<\/p>\n<p>Una profec\u00eda anuncia el fin del aquelarre y cuatro amigas est\u00e1n a punto de verse en el ojo del hurac\u00e1n.<\/p>\n<p>\u00bfConseguir\u00e1n Helena, Niamh, Leonie y Elle impedir que se cumpla antes de que sea demasiado tarde? \u00bfO las diferencias que las han separado desde su infancia ser\u00e1n insalvables?<\/p>\n<p><b>La vida de una bruja moderna nunca ha sido f\u00e1cil&#8230;<\/b><\/p>\n<p><b>Ahora est\u00e1 a punto de ser apocal\u00edptica.<\/b><\/p>\n","protected":false},"excerpt":{"rendered":"<p>Juno Dawson<\/p>\n","protected":false},"featured_media":1479,"template":"","meta":{"_joinchat":[]},"product_brand":[],"product_cat":[79,39,52,38,51],"product_tag":[34],"class_list":{"0":"post-1476","1":"product","2":"type-product","3":"status-publish","4":"has-post-thumbnail","6":"product_cat-campana-punto-naranja","7":"product_cat-fantasia","8":"product_cat-juvenil","9":"product_cat-lgbtq","10":"product_cat-oferta","11":"product_tag-penguin-random-house","13":"first","14":"outofstock","15":"sale","16":"shipping-taxable","17":"purchasable","18":"product-type-simple"},"_links":{"self":[{"href":"https:\/\/libreriahistoriasdebolsillo.com\/index.php\/wp-json\/wp\/v2\/product\/1476","targetHints":{"allow":["GET"]}}],"collection":[{"href":"https:\/\/libreriahistoriasdebolsillo.com\/index.php\/wp-json\/wp\/v2\/product"}],"about":[{"href":"https:\/\/libreriahistoriasdebolsillo.com\/index.php\/wp-json\/wp\/v2\/types\/product"}],"wp:featuredmedia":[{"embeddable":true,"href":"https:\/\/libreriahistoriasdebolsillo.com\/index.php\/wp-json\/wp\/v2\/media\/1479"}],"wp:attachment":[{"href":"https:\/\/libreriahistoriasdebolsillo.com\/index.php\/wp-json\/wp\/v2\/media?parent=1476"}],"wp:term":[{"taxonomy":"product_brand","embeddable":true,"href":"https:\/\/libreriahistoriasdebolsillo.com\/index.php\/wp-json\/wp\/v2\/product_brand?post=1476"},{"taxonomy":"product_cat","embeddable":true,"href":"https:\/\/libreriahistoriasdebolsillo.com\/index.php\/wp-json\/wp\/v2\/product_cat?post=1476"},{"taxonomy":"product_tag","embeddable":true,"href":"https:\/\/libreriahistoriasdebolsillo.com\/index.php\/wp-json\/wp\/v2\/product_tag?post=1476"}],"curies":[{"name":"wp","href":"https:\/\/api.w.org\/{rel}","templated":true}]}}