{"id":1480,"date":"2023-11-21T19:23:37","date_gmt":"2023-11-22T01:23:37","guid":{"rendered":"https:\/\/libreriahistoriasdebolsillo.com\/?post_type=product&#038;p=1480"},"modified":"2024-12-03T13:02:26","modified_gmt":"2024-12-03T19:02:26","slug":"la-noche-se-me-fue-de-las-manos","status":"publish","type":"product","link":"https:\/\/libreriahistoriasdebolsillo.com\/index.php\/producto\/la-noche-se-me-fue-de-las-manos\/","title":{"rendered":"La noche se me fue de las manos"},"content":{"rendered":"<p><b>\u00abLo tengo conmigo, de la mano, y no voy a dejar que se me vaya.\u00bb<\/b><\/p>\n<p>Una ma\u00f1ana g\u00e9lida,\u00a0<b>dos hombres\u00a0<\/b>se miran a trav\u00e9s de la ventana de un caf\u00e9 en Chicago. Se tocan ligeramente con los ojos, como si se conocieran de antes, de\u00a0<b>otra vida<\/b>. No se hablan, s\u00f3lo se graban la figura del otro y quedan a la espera de que un venturoso\u00a0<b>azar\u00a0<\/b>los haga coincidir de nuevo. Y s\u00ed:\u00a0<b>esa misma noche coinciden<\/b>.<\/p>\n<p>La atracci\u00f3nf\u00edsica es instant\u00e1nea; el\u00a0<b>sexo<\/b>, patentemente sabroso. Su deseo rec\u00edproco de tener una\u00a0<b>relaci\u00f3n amorosa<\/b>\u00a0est\u00e1 en parte incitado por el uso de\u00a0<b>drogas recreativas<\/b>. A pesar de que uno de ellos debe mudarse a la esquina opuesta del pa\u00eds y renunciar a su vida como escort y como sicoterapeuta, inician una vida en pareja, instalada exclusivamente en el presente; en un mundo sin historia y sin futuro. Sin embargo, tras un periodo de absoluta felicidad,\u00a0<b>el pasado<\/b>\u00a0irrumpe con fuerza devastadora y precipita esta<b>\u00a0historia de amor<\/b>\u00a0hacia un triste, casi\u00a0<b>tr\u00e1gico final.<\/b><\/p>\n","protected":false},"excerpt":{"rendered":"<p>Max Ehrsam<\/p>\n","protected":false},"featured_media":1481,"template":"","meta":{"_joinchat":[]},"product_brand":[],"product_cat":[33,38],"product_tag":[34],"class_list":{"0":"post-1480","1":"product","2":"type-product","3":"status-publish","4":"has-post-thumbnail","6":"product_cat-ficcion-general","7":"product_cat-lgbtq","8":"product_tag-penguin-random-house","10":"first","11":"outofstock","12":"shipping-taxable","13":"purchasable","14":"product-type-simple"},"_links":{"self":[{"href":"https:\/\/libreriahistoriasdebolsillo.com\/index.php\/wp-json\/wp\/v2\/product\/1480","targetHints":{"allow":["GET"]}}],"collection":[{"href":"https:\/\/libreriahistoriasdebolsillo.com\/index.php\/wp-json\/wp\/v2\/product"}],"about":[{"href":"https:\/\/libreriahistoriasdebolsillo.com\/index.php\/wp-json\/wp\/v2\/types\/product"}],"wp:featuredmedia":[{"embeddable":true,"href":"https:\/\/libreriahistoriasdebolsillo.com\/index.php\/wp-json\/wp\/v2\/media\/1481"}],"wp:attachment":[{"href":"https:\/\/libreriahistoriasdebolsillo.com\/index.php\/wp-json\/wp\/v2\/media?parent=1480"}],"wp:term":[{"taxonomy":"product_brand","embeddable":true,"href":"https:\/\/libreriahistoriasdebolsillo.com\/index.php\/wp-json\/wp\/v2\/product_brand?post=1480"},{"taxonomy":"product_cat","embeddable":true,"href":"https:\/\/libreriahistoriasdebolsillo.com\/index.php\/wp-json\/wp\/v2\/product_cat?post=1480"},{"taxonomy":"product_tag","embeddable":true,"href":"https:\/\/libreriahistoriasdebolsillo.com\/index.php\/wp-json\/wp\/v2\/product_tag?post=1480"}],"curies":[{"name":"wp","href":"https:\/\/api.w.org\/{rel}","templated":true}]}}