{"id":1482,"date":"2023-11-21T19:25:23","date_gmt":"2023-11-22T01:25:23","guid":{"rendered":"https:\/\/libreriahistoriasdebolsillo.com\/?post_type=product&#038;p=1482"},"modified":"2024-03-01T13:36:35","modified_gmt":"2024-03-01T19:36:35","slug":"tim-te-maro-y-la-magia-de-los-corazones-rotos","status":"publish","type":"product","link":"https:\/\/libreriahistoriasdebolsillo.com\/index.php\/producto\/tim-te-maro-y-la-magia-de-los-corazones-rotos\/","title":{"rendered":"Tim Te Maro y la magia de los corazones rotos"},"content":{"rendered":"<p><strong>\u00bfY si tu peor enemigo se convirtiera en tu amigo\u2026 con beneficios?<\/strong><\/p>\n<p>Tim Te Maro y Elliot Parker, alumnos de la Escuela Glaciar Fox para Expertos en Magia, no se soportan y solo viven para molestarse. Pero cuando a ambos les rompen el coraz\u00f3n, deciden unirse para vengarse.<\/p>\n<p>Entonces, una tarea escolar pone las cosas un poco\u2026 extra\u00f1as. De repente se encuentran cuidando un huevo beb\u00e9 m\u00e1gico que los obliga a pasar tiempo juntos o podr\u00eda costarles sus calificaciones. Y mientras se esfuerzan por ser buenos padres, algo empieza a asomar debajo del desprecio. \u00bfAmistad? \u00bfAtracci\u00f3n f\u00edsica?<\/p>\n<p>Ya que no hay sentimientos implicados, no estar\u00eda mal si\u2026 le dan rienda suelta a su deseo mientras dure el proyector, \u00bfverdad? Ser\u00eda una buena forma de pasar el tiempo, \u00bfverdad?<\/p>\n<p><strong>Nada podr\u00eda salir mal, \u00bfVERDAD?<\/strong><\/p>\n","protected":false},"excerpt":{"rendered":"<p>H.S. Valley<\/p>\n","protected":false},"featured_media":2608,"template":"","meta":{"_joinchat":[]},"product_brand":[],"product_cat":[39,52,38],"product_tag":[48],"class_list":{"0":"post-1482","1":"product","2":"type-product","3":"status-publish","4":"has-post-thumbnail","6":"product_cat-fantasia","7":"product_cat-juvenil","8":"product_cat-lgbtq","9":"product_tag-vr-editoras","11":"first","12":"instock","13":"shipping-taxable","14":"purchasable","15":"product-type-simple"},"_links":{"self":[{"href":"https:\/\/libreriahistoriasdebolsillo.com\/index.php\/wp-json\/wp\/v2\/product\/1482","targetHints":{"allow":["GET"]}}],"collection":[{"href":"https:\/\/libreriahistoriasdebolsillo.com\/index.php\/wp-json\/wp\/v2\/product"}],"about":[{"href":"https:\/\/libreriahistoriasdebolsillo.com\/index.php\/wp-json\/wp\/v2\/types\/product"}],"wp:featuredmedia":[{"embeddable":true,"href":"https:\/\/libreriahistoriasdebolsillo.com\/index.php\/wp-json\/wp\/v2\/media\/2608"}],"wp:attachment":[{"href":"https:\/\/libreriahistoriasdebolsillo.com\/index.php\/wp-json\/wp\/v2\/media?parent=1482"}],"wp:term":[{"taxonomy":"product_brand","embeddable":true,"href":"https:\/\/libreriahistoriasdebolsillo.com\/index.php\/wp-json\/wp\/v2\/product_brand?post=1482"},{"taxonomy":"product_cat","embeddable":true,"href":"https:\/\/libreriahistoriasdebolsillo.com\/index.php\/wp-json\/wp\/v2\/product_cat?post=1482"},{"taxonomy":"product_tag","embeddable":true,"href":"https:\/\/libreriahistoriasdebolsillo.com\/index.php\/wp-json\/wp\/v2\/product_tag?post=1482"}],"curies":[{"name":"wp","href":"https:\/\/api.w.org\/{rel}","templated":true}]}}