{"id":1485,"date":"2023-11-21T19:26:58","date_gmt":"2023-11-22T01:26:58","guid":{"rendered":"https:\/\/libreriahistoriasdebolsillo.com\/?post_type=product&#038;p=1485"},"modified":"2023-11-21T19:26:58","modified_gmt":"2023-11-22T01:26:58","slug":"wayward-son-simon-snow-2","status":"publish","type":"product","link":"https:\/\/libreriahistoriasdebolsillo.com\/index.php\/producto\/wayward-son-simon-snow-2\/","title":{"rendered":"Wayward son (Simon Snow 2)"},"content":{"rendered":"<p><b>Se supon\u00eda que la historia hab\u00eda terminado.<\/b><\/p>\n<p>Simon Snow hizo todo lo que se supon\u00eda que ten\u00eda que hacer. Venci\u00f3 al villano. Gan\u00f3 la guerra. Incluso se enamor\u00f3. Ahora sigue la mejor parte, \u00bfcierto? Ahora sigue el felices para siempre# Entonces, \u00bfpor qu\u00e9\u00a0<b>Simon Snow<\/b>\u00a0es incapaz de levantarse del sill\u00f3n?<\/p>\n<p>Lo que necesita, seg\u00fan sus amigos, es un cambio de panorama. S\u00f3lo necesita verse a s\u00ed mismo bajo una nueva luz&#8230; Esa es la raz\u00f3n por la que Simon, Penny y Baz terminan en un\u00a0<b>convertible vintage<\/b>, atravesando el oeste de Estados Unidos. Encuentran aventuras, por supuesto (dragones, vampiros, seres con cabeza de zorrillo que cargan escopetas). Y se pierden. Se pierden tanto que comienzan a preguntarse si, para empezar, alguna vez supieron hacia d\u00f3nde se dirig\u00edan&#8230;<\/p>\n","protected":false},"excerpt":{"rendered":"<p>Rainbow Rowell<\/p>\n","protected":false},"featured_media":1486,"template":"","meta":{"_joinchat":[]},"product_brand":[],"product_cat":[39,52,38,51],"product_tag":[34],"class_list":{"0":"post-1485","1":"product","2":"type-product","3":"status-publish","4":"has-post-thumbnail","6":"product_cat-fantasia","7":"product_cat-juvenil","8":"product_cat-lgbtq","9":"product_cat-oferta","10":"product_tag-penguin-random-house","12":"first","13":"instock","14":"sale","15":"shipping-taxable","16":"purchasable","17":"product-type-simple"},"_links":{"self":[{"href":"https:\/\/libreriahistoriasdebolsillo.com\/index.php\/wp-json\/wp\/v2\/product\/1485","targetHints":{"allow":["GET"]}}],"collection":[{"href":"https:\/\/libreriahistoriasdebolsillo.com\/index.php\/wp-json\/wp\/v2\/product"}],"about":[{"href":"https:\/\/libreriahistoriasdebolsillo.com\/index.php\/wp-json\/wp\/v2\/types\/product"}],"wp:featuredmedia":[{"embeddable":true,"href":"https:\/\/libreriahistoriasdebolsillo.com\/index.php\/wp-json\/wp\/v2\/media\/1486"}],"wp:attachment":[{"href":"https:\/\/libreriahistoriasdebolsillo.com\/index.php\/wp-json\/wp\/v2\/media?parent=1485"}],"wp:term":[{"taxonomy":"product_brand","embeddable":true,"href":"https:\/\/libreriahistoriasdebolsillo.com\/index.php\/wp-json\/wp\/v2\/product_brand?post=1485"},{"taxonomy":"product_cat","embeddable":true,"href":"https:\/\/libreriahistoriasdebolsillo.com\/index.php\/wp-json\/wp\/v2\/product_cat?post=1485"},{"taxonomy":"product_tag","embeddable":true,"href":"https:\/\/libreriahistoriasdebolsillo.com\/index.php\/wp-json\/wp\/v2\/product_tag?post=1485"}],"curies":[{"name":"wp","href":"https:\/\/api.w.org\/{rel}","templated":true}]}}