{"id":1487,"date":"2023-11-21T19:29:08","date_gmt":"2023-11-22T01:29:08","guid":{"rendered":"https:\/\/libreriahistoriasdebolsillo.com\/?post_type=product&#038;p=1487"},"modified":"2025-11-20T12:43:36","modified_gmt":"2025-11-20T18:43:36","slug":"el-cafe-de-las-leyendas","status":"publish","type":"product","link":"https:\/\/libreriahistoriasdebolsillo.com\/index.php\/producto\/el-cafe-de-las-leyendas\/","title":{"rendered":"El caf\u00e9 de las leyendas"},"content":{"rendered":"<p><b>La novela Cozy Fantasy que ha reinventado el g\u00e9nero de la fantas\u00eda juvenil y que arrasa en todo el mundo.<\/b><\/p>\n<p><b>El fen\u00f3meno de TikTok<\/b>\u00a0<b>ha llegado a Espa\u00f1a.<\/b><\/p>\n<p>Agotada despu\u00e9s de pasar d\u00e9cadas luchando en batallas sangrientas, Viv, una orco b\u00e1rbara, decide que es hora de colgar su espada y comenzar una nueva vida, una que le brinde alegr\u00eda a ella misma y felicidad a los otros. Su nuevo objetivo la lleva a dirigirse hacia las calles de Thune, donde planea abrir la primera cafeter\u00eda que haya visto la ciudad, sirviendo una bebida que ninguno de los ciudadanos ha probado antes.<\/p>\n<p>Pero emprender un nuevo negocio nunca es f\u00e1cil, especialmente cuando arrastras un pasado complicado y los viejos enemigos pueden alterar tus planes de futuro. Para construir algo que permanezca en el tiempo, Viv necesitar\u00e1 rodearse de un maravilloso grupo de personajes que no solo la ayudar\u00e1n a poner en marcha su cafeter\u00eda, sino que tambi\u00e9n le ense\u00f1aran mucho acerca de la amistad y de c\u00f3mo lidiar con los problemas de forma civilizada.<\/p>\n<p>Viv est\u00e1 decidida a alcanzar una nueva vida sin recurrir a la violencia. Y, qui\u00e9n sabe, puede que incluso encuentre el amor por el camino&#8230;<\/p>\n","protected":false},"excerpt":{"rendered":"<p>Travis Baldree<\/p>\n","protected":false},"featured_media":1490,"template":"","meta":{"_joinchat":[]},"product_brand":[],"product_cat":[39,52,38],"product_tag":[34],"class_list":{"0":"post-1487","1":"product","2":"type-product","3":"status-publish","4":"has-post-thumbnail","6":"product_cat-fantasia","7":"product_cat-juvenil","8":"product_cat-lgbtq","9":"product_tag-penguin-random-house","11":"first","12":"instock","13":"sale","14":"shipping-taxable","15":"purchasable","16":"product-type-simple"},"_links":{"self":[{"href":"https:\/\/libreriahistoriasdebolsillo.com\/index.php\/wp-json\/wp\/v2\/product\/1487","targetHints":{"allow":["GET"]}}],"collection":[{"href":"https:\/\/libreriahistoriasdebolsillo.com\/index.php\/wp-json\/wp\/v2\/product"}],"about":[{"href":"https:\/\/libreriahistoriasdebolsillo.com\/index.php\/wp-json\/wp\/v2\/types\/product"}],"wp:featuredmedia":[{"embeddable":true,"href":"https:\/\/libreriahistoriasdebolsillo.com\/index.php\/wp-json\/wp\/v2\/media\/1490"}],"wp:attachment":[{"href":"https:\/\/libreriahistoriasdebolsillo.com\/index.php\/wp-json\/wp\/v2\/media?parent=1487"}],"wp:term":[{"taxonomy":"product_brand","embeddable":true,"href":"https:\/\/libreriahistoriasdebolsillo.com\/index.php\/wp-json\/wp\/v2\/product_brand?post=1487"},{"taxonomy":"product_cat","embeddable":true,"href":"https:\/\/libreriahistoriasdebolsillo.com\/index.php\/wp-json\/wp\/v2\/product_cat?post=1487"},{"taxonomy":"product_tag","embeddable":true,"href":"https:\/\/libreriahistoriasdebolsillo.com\/index.php\/wp-json\/wp\/v2\/product_tag?post=1487"}],"curies":[{"name":"wp","href":"https:\/\/api.w.org\/{rel}","templated":true}]}}