{"id":1492,"date":"2023-11-23T11:22:46","date_gmt":"2023-11-23T17:22:46","guid":{"rendered":"https:\/\/libreriahistoriasdebolsillo.com\/?post_type=product&#038;p=1492"},"modified":"2024-03-22T15:39:40","modified_gmt":"2024-03-22T21:39:40","slug":"still-with-you","status":"publish","type":"product","link":"https:\/\/libreriahistoriasdebolsillo.com\/index.php\/producto\/still-with-you\/","title":{"rendered":"Still with you"},"content":{"rendered":"<p>El oficial Jong Sungguk pens\u00f3 que esa tarde de lluvia ser\u00eda como cualquiera: otra inspecci\u00f3n de\u00a0rutina en un vecindario de clase media de la ciudad de Daegu, Corea del Sur. Nunca imagin\u00f3\u00a0que dentro de una casa aparentemente normal encontrar\u00eda a una mujer muerta y a un chico\u00a0encerrado en el \u00e1tico, llamado Moon Daehyun, que cambiar\u00eda su vida para siempre.<\/p>\n<p><em>Still with you<\/em>\u00a0es una novela \u00fanica e incatalogable. Una poderosa\u00a0historia de amor y superaci\u00f3n que mezcla lo mejor del thriller psicol\u00f3gico con elementos de\u00a0ciencia ficci\u00f3n, que \u2013desde su publicaci\u00f3n en Wattpad\u2013 ha conquistado el coraz\u00f3n de millones\u00a0de j\u00f3venes lectores.<\/p>\n","protected":false},"excerpt":{"rendered":"<p>Lily del Pilar<\/p>\n","protected":false},"featured_media":1495,"template":"","meta":{"_joinchat":[]},"product_brand":[],"product_cat":[52,38],"product_tag":[45],"class_list":{"0":"post-1492","1":"product","2":"type-product","3":"status-publish","4":"has-post-thumbnail","6":"product_cat-juvenil","7":"product_cat-lgbtq","8":"product_tag-planeta","10":"first","11":"outofstock","12":"shipping-taxable","13":"purchasable","14":"product-type-simple"},"_links":{"self":[{"href":"https:\/\/libreriahistoriasdebolsillo.com\/index.php\/wp-json\/wp\/v2\/product\/1492","targetHints":{"allow":["GET"]}}],"collection":[{"href":"https:\/\/libreriahistoriasdebolsillo.com\/index.php\/wp-json\/wp\/v2\/product"}],"about":[{"href":"https:\/\/libreriahistoriasdebolsillo.com\/index.php\/wp-json\/wp\/v2\/types\/product"}],"wp:featuredmedia":[{"embeddable":true,"href":"https:\/\/libreriahistoriasdebolsillo.com\/index.php\/wp-json\/wp\/v2\/media\/1495"}],"wp:attachment":[{"href":"https:\/\/libreriahistoriasdebolsillo.com\/index.php\/wp-json\/wp\/v2\/media?parent=1492"}],"wp:term":[{"taxonomy":"product_brand","embeddable":true,"href":"https:\/\/libreriahistoriasdebolsillo.com\/index.php\/wp-json\/wp\/v2\/product_brand?post=1492"},{"taxonomy":"product_cat","embeddable":true,"href":"https:\/\/libreriahistoriasdebolsillo.com\/index.php\/wp-json\/wp\/v2\/product_cat?post=1492"},{"taxonomy":"product_tag","embeddable":true,"href":"https:\/\/libreriahistoriasdebolsillo.com\/index.php\/wp-json\/wp\/v2\/product_tag?post=1492"}],"curies":[{"name":"wp","href":"https:\/\/api.w.org\/{rel}","templated":true}]}}