{"id":1496,"date":"2023-11-23T11:25:19","date_gmt":"2023-11-23T17:25:19","guid":{"rendered":"https:\/\/libreriahistoriasdebolsillo.com\/?post_type=product&#038;p=1496"},"modified":"2024-12-30T16:05:17","modified_gmt":"2024-12-30T22:05:17","slug":"sal-conmigo-bryson-keller","status":"publish","type":"product","link":"https:\/\/libreriahistoriasdebolsillo.com\/index.php\/producto\/sal-conmigo-bryson-keller\/","title":{"rendered":"\u00a1Sal conmigo Bryson Keller!"},"content":{"rendered":"<p>Todos en la Academia Fairvale conocen a Bryson Keller, el capit\u00e1n del equipo de futbol, incre\u00edblemente guapo, que no cree en los noviazgos estudiantiles. Tambi\u00e9n saben del reto que Bryson acept\u00f3: cada semana saldr\u00e1 con la primera persona que se lo pida el lunes en la ma\u00f1ana.<\/p>\n<p>Quien se atreve solo obtiene un romance de cinco d\u00edas.<\/p>\n<p>No ha habido excepciones.<\/p>\n<p>Ninguna.<\/p>\n<p>Hasta que llegu\u00e9 yo.<\/p>\n<p>Porque el brillante Bryson Keller olvid\u00f3 una cosa: nunca dijo que solo las chicas pod\u00edan invitarlo a salir\u2026<\/p>\n","protected":false},"excerpt":{"rendered":"<p>Kevin Van Whye<\/p>\n","protected":false},"featured_media":1499,"template":"","meta":{"_joinchat":[]},"product_brand":[],"product_cat":[52,38],"product_tag":[45],"class_list":{"0":"post-1496","1":"product","2":"type-product","3":"status-publish","4":"has-post-thumbnail","6":"product_cat-juvenil","7":"product_cat-lgbtq","8":"product_tag-planeta","10":"first","11":"outofstock","12":"shipping-taxable","13":"purchasable","14":"product-type-simple"},"_links":{"self":[{"href":"https:\/\/libreriahistoriasdebolsillo.com\/index.php\/wp-json\/wp\/v2\/product\/1496","targetHints":{"allow":["GET"]}}],"collection":[{"href":"https:\/\/libreriahistoriasdebolsillo.com\/index.php\/wp-json\/wp\/v2\/product"}],"about":[{"href":"https:\/\/libreriahistoriasdebolsillo.com\/index.php\/wp-json\/wp\/v2\/types\/product"}],"wp:featuredmedia":[{"embeddable":true,"href":"https:\/\/libreriahistoriasdebolsillo.com\/index.php\/wp-json\/wp\/v2\/media\/1499"}],"wp:attachment":[{"href":"https:\/\/libreriahistoriasdebolsillo.com\/index.php\/wp-json\/wp\/v2\/media?parent=1496"}],"wp:term":[{"taxonomy":"product_brand","embeddable":true,"href":"https:\/\/libreriahistoriasdebolsillo.com\/index.php\/wp-json\/wp\/v2\/product_brand?post=1496"},{"taxonomy":"product_cat","embeddable":true,"href":"https:\/\/libreriahistoriasdebolsillo.com\/index.php\/wp-json\/wp\/v2\/product_cat?post=1496"},{"taxonomy":"product_tag","embeddable":true,"href":"https:\/\/libreriahistoriasdebolsillo.com\/index.php\/wp-json\/wp\/v2\/product_tag?post=1496"}],"curies":[{"name":"wp","href":"https:\/\/api.w.org\/{rel}","templated":true}]}}