{"id":1502,"date":"2023-11-23T11:29:19","date_gmt":"2023-11-23T17:29:19","guid":{"rendered":"https:\/\/libreriahistoriasdebolsillo.com\/?post_type=product&#038;p=1502"},"modified":"2025-08-12T11:17:10","modified_gmt":"2025-08-12T17:17:10","slug":"loveless","status":"publish","type":"product","link":"https:\/\/libreriahistoriasdebolsillo.com\/index.php\/producto\/loveless\/","title":{"rendered":"Loveless"},"content":{"rendered":"<p>Georgia nunca ha besado a nadie. Ni se ha enamorado. Y no entiende por qu\u00e9. Como la rom\u00e1ntica empedernida fan\u00e1tica de los fanfiction que es, est\u00e1 segura de que muy pronto la situaci\u00f3n va a cambiar. La universidad est\u00e1 a la vuelta de la esquina y all\u00ed tiene que encontrar el amor. Sin embargo, algo no cuaja. Cu\u00e1nto m\u00e1s lo intenta, m\u00e1s lo fuerza. Y m\u00e1s confundida se siente. \u00bfSer\u00e1 que el romance no fue hecho para ella? \u00bfAcaso est\u00e1 destinada a vivir sin amar? Georgia tendr\u00e1 que aprender y aceptar que el verdadero amor no es necesariamente rom\u00e1ntico en este nuevo libro de la aclamada autora de HEARTSTOPPER.<\/p>\n","protected":false},"excerpt":{"rendered":"<p>Alice Oseman<\/p>\n","protected":false},"featured_media":1503,"template":"","meta":{"_joinchat":[]},"product_brand":[],"product_cat":[52,38],"product_tag":[48],"class_list":{"0":"post-1502","1":"product","2":"type-product","3":"status-publish","4":"has-post-thumbnail","6":"product_cat-juvenil","7":"product_cat-lgbtq","8":"product_tag-vr-editoras","10":"first","11":"instock","12":"shipping-taxable","13":"purchasable","14":"product-type-simple"},"_links":{"self":[{"href":"https:\/\/libreriahistoriasdebolsillo.com\/index.php\/wp-json\/wp\/v2\/product\/1502","targetHints":{"allow":["GET"]}}],"collection":[{"href":"https:\/\/libreriahistoriasdebolsillo.com\/index.php\/wp-json\/wp\/v2\/product"}],"about":[{"href":"https:\/\/libreriahistoriasdebolsillo.com\/index.php\/wp-json\/wp\/v2\/types\/product"}],"wp:featuredmedia":[{"embeddable":true,"href":"https:\/\/libreriahistoriasdebolsillo.com\/index.php\/wp-json\/wp\/v2\/media\/1503"}],"wp:attachment":[{"href":"https:\/\/libreriahistoriasdebolsillo.com\/index.php\/wp-json\/wp\/v2\/media?parent=1502"}],"wp:term":[{"taxonomy":"product_brand","embeddable":true,"href":"https:\/\/libreriahistoriasdebolsillo.com\/index.php\/wp-json\/wp\/v2\/product_brand?post=1502"},{"taxonomy":"product_cat","embeddable":true,"href":"https:\/\/libreriahistoriasdebolsillo.com\/index.php\/wp-json\/wp\/v2\/product_cat?post=1502"},{"taxonomy":"product_tag","embeddable":true,"href":"https:\/\/libreriahistoriasdebolsillo.com\/index.php\/wp-json\/wp\/v2\/product_tag?post=1502"}],"curies":[{"name":"wp","href":"https:\/\/api.w.org\/{rel}","templated":true}]}}