{"id":1510,"date":"2023-11-23T12:20:36","date_gmt":"2023-11-23T18:20:36","guid":{"rendered":"https:\/\/libreriahistoriasdebolsillo.com\/?post_type=product&#038;p=1510"},"modified":"2024-02-06T17:24:45","modified_gmt":"2024-02-06T23:24:45","slug":"nick-y-charlie","status":"publish","type":"product","link":"https:\/\/libreriahistoriasdebolsillo.com\/index.php\/producto\/nick-y-charlie\/","title":{"rendered":"Nick y Charlie"},"content":{"rendered":"<p>Todo el mundo sabe que Nick y Charlie son la pareja perfecta y que son inseparables, pero ahora que Nick se ir\u00e1 a la Universidad y Charlie se quedar\u00e1 atr\u00e1s, todos se preguntan si seguir\u00e1n juntos.<\/p>\n<p>\u00a1Qu\u00e9 pregunta tan tonta! \u00a1Por favor! \u00a1Si son Nick y Charlie!<\/p>\n<p>Pero cuando la despedida se acerca, los dos j\u00f3venes empezar\u00e1n a cuestionarse si su amor es lo suficientemente fuerte para sobrevivir a la distancia. O si solo est\u00e1n retrasando lo inevitable\u2026 Porque todo el mundo sabe que el primer amor nunca es para siempre, \u00bfo si lo es?<\/p>\n<p><strong>Desc\u00fabrelo junto a Nick y Charlie en esta nueva novela ilustrada del universo de HEARTSTOPPER.<\/strong><\/p>\n","protected":false},"excerpt":{"rendered":"<p>Alice Oseman<\/p>\n","protected":false},"featured_media":1512,"template":"","meta":{"_joinchat":[]},"product_brand":[],"product_cat":[52,38],"product_tag":[48],"class_list":{"0":"post-1510","1":"product","2":"type-product","3":"status-publish","4":"has-post-thumbnail","6":"product_cat-juvenil","7":"product_cat-lgbtq","8":"product_tag-vr-editoras","10":"first","11":"instock","12":"shipping-taxable","13":"purchasable","14":"product-type-simple"},"_links":{"self":[{"href":"https:\/\/libreriahistoriasdebolsillo.com\/index.php\/wp-json\/wp\/v2\/product\/1510","targetHints":{"allow":["GET"]}}],"collection":[{"href":"https:\/\/libreriahistoriasdebolsillo.com\/index.php\/wp-json\/wp\/v2\/product"}],"about":[{"href":"https:\/\/libreriahistoriasdebolsillo.com\/index.php\/wp-json\/wp\/v2\/types\/product"}],"wp:featuredmedia":[{"embeddable":true,"href":"https:\/\/libreriahistoriasdebolsillo.com\/index.php\/wp-json\/wp\/v2\/media\/1512"}],"wp:attachment":[{"href":"https:\/\/libreriahistoriasdebolsillo.com\/index.php\/wp-json\/wp\/v2\/media?parent=1510"}],"wp:term":[{"taxonomy":"product_brand","embeddable":true,"href":"https:\/\/libreriahistoriasdebolsillo.com\/index.php\/wp-json\/wp\/v2\/product_brand?post=1510"},{"taxonomy":"product_cat","embeddable":true,"href":"https:\/\/libreriahistoriasdebolsillo.com\/index.php\/wp-json\/wp\/v2\/product_cat?post=1510"},{"taxonomy":"product_tag","embeddable":true,"href":"https:\/\/libreriahistoriasdebolsillo.com\/index.php\/wp-json\/wp\/v2\/product_tag?post=1510"}],"curies":[{"name":"wp","href":"https:\/\/api.w.org\/{rel}","templated":true}]}}