{"id":1528,"date":"2023-11-23T12:33:18","date_gmt":"2023-11-23T18:33:18","guid":{"rendered":"https:\/\/libreriahistoriasdebolsillo.com\/?post_type=product&#038;p=1528"},"modified":"2025-02-14T15:38:10","modified_gmt":"2025-02-14T21:38:10","slug":"heartstopper-2","status":"publish","type":"product","link":"https:\/\/libreriahistoriasdebolsillo.com\/index.php\/producto\/heartstopper-2\/","title":{"rendered":"Heartstopper 2"},"content":{"rendered":"<p>Chico conoce a chico. Los ni\u00f1os se hacen amigos. Los chicos se enamoran. Una novela gr\u00e1fica LGBTQ + sobre la vida, el amor y todo lo que sucede en el medio: este es el segundo volumen de HEARTSTOPPER, para los fan\u00e1ticos de The Art of Being Normal, Holly Bourne y Love, Simon.<\/p>\n<p>Nick y Charlie son mejores amigos. Nick sabe que Charlie es gay, y Charlie est\u00e1 seguro de que Nick no lo es. Pero el amor funciona de manera sorprendente, y Nick est\u00e1 descubriendo todo tipo de cosas sobre sus amigos, su familia \u2026 y \u00e9l mismo.<\/p>\n<p>Heartstopper se trata de amistad, lealtad y enfermedad mental. Abarca todas las peque\u00f1as historias de las vidas de Nick y Charlie que juntas forman algo m\u00e1s grande, que nos habla a todos. Este es el segundo volumen de Heartstopper, con m\u00e1s por venir.<\/p>\n","protected":false},"excerpt":{"rendered":"<p>Alice Oseman<\/p>\n","protected":false},"featured_media":1529,"template":"","meta":{"_joinchat":[]},"product_brand":[],"product_cat":[52,38,67],"product_tag":[48],"class_list":{"0":"post-1528","1":"product","2":"type-product","3":"status-publish","4":"has-post-thumbnail","6":"product_cat-juvenil","7":"product_cat-lgbtq","8":"product_cat-manga","9":"product_tag-vr-editoras","11":"first","12":"instock","13":"shipping-taxable","14":"purchasable","15":"product-type-simple"},"_links":{"self":[{"href":"https:\/\/libreriahistoriasdebolsillo.com\/index.php\/wp-json\/wp\/v2\/product\/1528","targetHints":{"allow":["GET"]}}],"collection":[{"href":"https:\/\/libreriahistoriasdebolsillo.com\/index.php\/wp-json\/wp\/v2\/product"}],"about":[{"href":"https:\/\/libreriahistoriasdebolsillo.com\/index.php\/wp-json\/wp\/v2\/types\/product"}],"wp:featuredmedia":[{"embeddable":true,"href":"https:\/\/libreriahistoriasdebolsillo.com\/index.php\/wp-json\/wp\/v2\/media\/1529"}],"wp:attachment":[{"href":"https:\/\/libreriahistoriasdebolsillo.com\/index.php\/wp-json\/wp\/v2\/media?parent=1528"}],"wp:term":[{"taxonomy":"product_brand","embeddable":true,"href":"https:\/\/libreriahistoriasdebolsillo.com\/index.php\/wp-json\/wp\/v2\/product_brand?post=1528"},{"taxonomy":"product_cat","embeddable":true,"href":"https:\/\/libreriahistoriasdebolsillo.com\/index.php\/wp-json\/wp\/v2\/product_cat?post=1528"},{"taxonomy":"product_tag","embeddable":true,"href":"https:\/\/libreriahistoriasdebolsillo.com\/index.php\/wp-json\/wp\/v2\/product_tag?post=1528"}],"curies":[{"name":"wp","href":"https:\/\/api.w.org\/{rel}","templated":true}]}}