{"id":1539,"date":"2023-11-23T12:41:56","date_gmt":"2023-11-23T18:41:56","guid":{"rendered":"https:\/\/libreriahistoriasdebolsillo.com\/?post_type=product&#038;p=1539"},"modified":"2024-04-27T17:25:56","modified_gmt":"2024-04-27T23:25:56","slug":"radio-silencio","status":"publish","type":"product","link":"https:\/\/libreriahistoriasdebolsillo.com\/index.php\/producto\/radio-silencio\/","title":{"rendered":"Radio silencio"},"content":{"rendered":"<p><em>Hola. Espero que alguien est\u00e9 escuchando\u2026<\/em><\/p>\n<p>Frances Janvier se la pasa estudiando. Y todo el mundo conoce a Abed Last por ser ese chico tranquilo de calificaciones perfectas.<\/p>\n<p>Ahora, probablemente est\u00e9s pensando en que van a encontrarse y vivir un adorable romance nerd adolescente. Porque \u00e9l es un chico y ella una chica.<\/p>\n<p>Pero no.<\/p>\n<p>Cuando sus caminos se crucen, Aled y Frances trabajar\u00e1n en secreto en una pasi\u00f3n compartida; Univers Ciudad, un podcast de ciencia ficci\u00f3n. Y, en un universo determinado a callarlos y derrotarlos, van a tener que luchar por hacer o\u00edr sus voces.<\/p>\n<p>\u00bfEncontrar\u00e1n el valor de mostrarle al mundo qui\u00e9nes son realmente? \u00bfO dejar\u00e1n que el silencio gane?<\/p>\n<p><em>Ya conociste a Aled en HEARTSTOPPER. Es hora de que conozcas su voz.<\/em><\/p>\n","protected":false},"excerpt":{"rendered":"<p>Alice Oseman<\/p>\n","protected":false},"featured_media":1540,"template":"","meta":{"_joinchat":[]},"product_brand":[],"product_cat":[52,38],"product_tag":[48],"class_list":{"0":"post-1539","1":"product","2":"type-product","3":"status-publish","4":"has-post-thumbnail","6":"product_cat-juvenil","7":"product_cat-lgbtq","8":"product_tag-vr-editoras","10":"first","11":"instock","12":"shipping-taxable","13":"purchasable","14":"product-type-simple"},"_links":{"self":[{"href":"https:\/\/libreriahistoriasdebolsillo.com\/index.php\/wp-json\/wp\/v2\/product\/1539","targetHints":{"allow":["GET"]}}],"collection":[{"href":"https:\/\/libreriahistoriasdebolsillo.com\/index.php\/wp-json\/wp\/v2\/product"}],"about":[{"href":"https:\/\/libreriahistoriasdebolsillo.com\/index.php\/wp-json\/wp\/v2\/types\/product"}],"wp:featuredmedia":[{"embeddable":true,"href":"https:\/\/libreriahistoriasdebolsillo.com\/index.php\/wp-json\/wp\/v2\/media\/1540"}],"wp:attachment":[{"href":"https:\/\/libreriahistoriasdebolsillo.com\/index.php\/wp-json\/wp\/v2\/media?parent=1539"}],"wp:term":[{"taxonomy":"product_brand","embeddable":true,"href":"https:\/\/libreriahistoriasdebolsillo.com\/index.php\/wp-json\/wp\/v2\/product_brand?post=1539"},{"taxonomy":"product_cat","embeddable":true,"href":"https:\/\/libreriahistoriasdebolsillo.com\/index.php\/wp-json\/wp\/v2\/product_cat?post=1539"},{"taxonomy":"product_tag","embeddable":true,"href":"https:\/\/libreriahistoriasdebolsillo.com\/index.php\/wp-json\/wp\/v2\/product_tag?post=1539"}],"curies":[{"name":"wp","href":"https:\/\/api.w.org\/{rel}","templated":true}]}}